{"id":10253,"date":"2025-06-19T14:35:22","date_gmt":"2025-06-19T12:35:22","guid":{"rendered":"https:\/\/www.ergovisual.com\/soporte-videowall\/"},"modified":"2025-06-19T14:35:23","modified_gmt":"2025-06-19T12:35:23","slug":"soporte-videowall","status":"publish","type":"page","link":"https:\/\/www.ergovisual.com\/es\/soporte-videowall\/","title":{"rendered":"Soporte Videowall"},"content":{"rendered":"\t\t<div data-elementor-type=\"wp-page\" data-elementor-id=\"10253\" class=\"elementor elementor-10253 elementor-9676\" data-elementor-settings=\"{&quot;ha_cmc_init_switcher&quot;:&quot;no&quot;}\" data-elementor-post-type=\"page\">\n\t\t\t\t\t\t<section class=\"elementor-section elementor-top-section elementor-element elementor-element-b1195b3 elementor-section-full_width elementor-section-height-default elementor-section-height-default\" data-id=\"b1195b3\" data-element_type=\"section\" data-settings=\"{&quot;background_background&quot;:&quot;classic&quot;,&quot;shape_divider_bottom&quot;:&quot;mountains&quot;}\">\n\t\t\t\t\t<div class=\"elementor-shape elementor-shape-bottom\" aria-hidden=\"true\" data-negative=\"false\">\n\t\t\t<svg xmlns=\"http:\/\/www.w3.org\/2000\/svg\" viewBox=\"0 0 1000 100\" preserveAspectRatio=\"none\">\n\t<path class=\"elementor-shape-fill\" opacity=\"0.33\" d=\"M473,67.3c-203.9,88.3-263.1-34-320.3,0C66,119.1,0,59.7,0,59.7V0h1000v59.7 c0,0-62.1,26.1-94.9,29.3c-32.8,3.3-62.8-12.3-75.8-22.1C806,49.6,745.3,8.7,694.9,4.7S492.4,59,473,67.3z\"\/>\n\t<path class=\"elementor-shape-fill\" opacity=\"0.66\" d=\"M734,67.3c-45.5,0-77.2-23.2-129.1-39.1c-28.6-8.7-150.3-10.1-254,39.1 s-91.7-34.4-149.2,0C115.7,118.3,0,39.8,0,39.8V0h1000v36.5c0,0-28.2-18.5-92.1-18.5C810.2,18.1,775.7,67.3,734,67.3z\"\/>\n\t<path class=\"elementor-shape-fill\" d=\"M766.1,28.9c-200-57.5-266,65.5-395.1,19.5C242,1.8,242,5.4,184.8,20.6C128,35.8,132.3,44.9,89.9,52.5C28.6,63.7,0,0,0,0 h1000c0,0-9.9,40.9-83.6,48.1S829.6,47,766.1,28.9z\"\/>\n<\/svg>\t\t<\/div>\n\t\t\t\t\t<div class=\"elementor-container elementor-column-gap-default\">\n\t\t\t\t\t<div class=\"elementor-column elementor-col-100 elementor-top-column elementor-element elementor-element-54c69c78\" data-id=\"54c69c78\" data-element_type=\"column\">\n\t\t\t<div class=\"elementor-widget-wrap elementor-element-populated\">\n\t\t\t\t\t\t<div class=\"elementor-element elementor-element-5d92ea47 elementor-widget elementor-widget-heading\" data-id=\"5d92ea47\" data-element_type=\"widget\" data-widget_type=\"heading.default\">\n\t\t\t\t<div class=\"elementor-widget-container\">\n\t\t\t\t\t<h2 class=\"elementor-heading-title elementor-size-default\">Soporte Videowall <\/h2>\t\t\t\t<\/div>\n\t\t\t\t<\/div>\n\t\t\t\t<div class=\"elementor-element elementor-element-73bed58c elementor-widget elementor-widget-text-editor\" data-id=\"73bed58c\" data-element_type=\"widget\" data-widget_type=\"text-editor.default\">\n\t\t\t\t<div class=\"elementor-widget-container\">\n\t\t\t\t\t\t\t\t\t<p>Dentro de nuestra gama de soluciones de videowall, ofrecemos estructuras de soporte vers\u00e1tiles que permiten la configuraci\u00f3n de todo tipo de pantallas, independientemente de su tama\u00f1o o peso. Estos sistemas consisten en columnas met\u00e1licas que permiten la instalaci\u00f3n de rieles horizontales donde se montan monitores, incluyendo pantallas de gran formato. Las estructuras se adaptan a diferentes distribuciones y configuraciones de salas, con opciones que van desde bases de suelo hasta soportes de pared. Adem\u00e1s, permiten instalaciones tanto rectas como curvas, seg\u00fan las necesidades del proyecto.   <\/p>\t\t\t\t\t\t\t\t<\/div>\n\t\t\t\t<\/div>\n\t\t\t\t<section class=\"elementor-section elementor-inner-section elementor-element elementor-element-0d38d0c elementor-section-full_width elementor-section-height-default elementor-section-height-default\" data-id=\"0d38d0c\" data-element_type=\"section\">\n\t\t\t\t\t\t<div class=\"elementor-container elementor-column-gap-default\">\n\t\t\t\t\t<div class=\"elementor-column elementor-col-100 elementor-inner-column elementor-element elementor-element-a91ab3c\" data-id=\"a91ab3c\" data-element_type=\"column\">\n\t\t\t<div class=\"elementor-widget-wrap elementor-element-populated\">\n\t\t\t\t\t\t<div class=\"elementor-element elementor-element-1d2873e elementor-align-left elementor-icon-list--layout-traditional elementor-list-item-link-full_width elementor-widget elementor-widget-icon-list\" data-id=\"1d2873e\" data-element_type=\"widget\" data-widget_type=\"icon-list.default\">\n\t\t\t\t<div class=\"elementor-widget-container\">\n\t\t\t\t\t\t\t<ul class=\"elementor-icon-list-items\">\n\t\t\t\t\t\t\t<li class=\"elementor-icon-list-item\">\n\t\t\t\t\t\t\t\t\t\t\t<span class=\"elementor-icon-list-icon\">\n\t\t\t\t\t\t\t<i aria-hidden=\"true\" class=\"fas fa-check\"><\/i>\t\t\t\t\t\t<\/span>\n\t\t\t\t\t\t\t\t\t\t<span class=\"elementor-icon-list-text\">F\u00e1cil acceso interior<\/span>\n\t\t\t\t\t\t\t\t\t<\/li>\n\t\t\t\t\t\t\t\t<li class=\"elementor-icon-list-item\">\n\t\t\t\t\t\t\t\t\t\t\t<span class=\"elementor-icon-list-icon\">\n\t\t\t\t\t\t\t<i aria-hidden=\"true\" class=\"fas fa-check\"><\/i>\t\t\t\t\t\t<\/span>\n\t\t\t\t\t\t\t\t\t\t<span class=\"elementor-icon-list-text\">Gesti\u00f3n de cables<\/span>\n\t\t\t\t\t\t\t\t\t<\/li>\n\t\t\t\t\t\t\t\t<li class=\"elementor-icon-list-item\">\n\t\t\t\t\t\t\t\t\t\t\t<span class=\"elementor-icon-list-icon\">\n\t\t\t\t\t\t\t<i aria-hidden=\"true\" class=\"fas fa-check\"><\/i>\t\t\t\t\t\t<\/span>\n\t\t\t\t\t\t\t\t\t\t<span class=\"elementor-icon-list-text\">Soportes individuales compatibles con una o varias pantallas<\/span>\n\t\t\t\t\t\t\t\t\t<\/li>\n\t\t\t\t\t\t\t\t<li class=\"elementor-icon-list-item\">\n\t\t\t\t\t\t\t\t\t\t\t<span class=\"elementor-icon-list-icon\">\n\t\t\t\t\t\t\t<i aria-hidden=\"true\" class=\"fas fa-check\"><\/i>\t\t\t\t\t\t<\/span>\n\t\t\t\t\t\t\t\t\t\t<span class=\"elementor-icon-list-text\">Instalaci\u00f3n limpia y de aspecto profesional.<\/span>\n\t\t\t\t\t\t\t\t\t<\/li>\n\t\t\t\t\t\t\t\t<li class=\"elementor-icon-list-item\">\n\t\t\t\t\t\t\t\t\t\t\t<span class=\"elementor-icon-list-icon\">\n\t\t\t\t\t\t\t<i aria-hidden=\"true\" class=\"fas fa-check\"><\/i>\t\t\t\t\t\t<\/span>\n\t\t\t\t\t\t\t\t\t\t<span class=\"elementor-icon-list-text\">Altura y posici\u00f3n ajustables para una mayor flexibilidad.<\/span>\n\t\t\t\t\t\t\t\t\t<\/li>\n\t\t\t\t\t\t\t\t<li class=\"elementor-icon-list-item\">\n\t\t\t\t\t\t\t\t\t\t\t<span class=\"elementor-icon-list-icon\">\n\t\t\t\t\t\t\t<i aria-hidden=\"true\" class=\"fas fa-check\"><\/i>\t\t\t\t\t\t<\/span>\n\t\t\t\t\t\t\t\t\t\t<span class=\"elementor-icon-list-text\">Ideal para salas de reuniones, \u00e1reas colaborativas, entornos audiovisuales, comercios minoristas y oficinas modernas.<\/span>\n\t\t\t\t\t\t\t\t\t<\/li>\n\t\t\t\t\t\t<\/ul>\n\t\t\t\t\t\t<\/div>\n\t\t\t\t<\/div>\n\t\t\t\t\t<\/div>\n\t\t<\/div>\n\t\t\t\t\t<\/div>\n\t\t<\/section>\n\t\t\t\t\t<\/div>\n\t\t<\/div>\n\t\t\t\t\t<\/div>\n\t\t<\/section>\n\t\t\t\t<section class=\"elementor-section elementor-top-section elementor-element elementor-element-2bffa89a elementor-section-full_width elementor-section-height-default elementor-section-height-default\" data-id=\"2bffa89a\" data-element_type=\"section\" data-settings=\"{&quot;background_background&quot;:&quot;classic&quot;}\">\n\t\t\t\t\t\t<div class=\"elementor-container elementor-column-gap-default\">\n\t\t\t\t\t<article class=\"elementor-column elementor-col-100 elementor-top-column elementor-element elementor-element-27682978\" data-id=\"27682978\" data-element_type=\"column\">\n\t\t\t<div class=\"elementor-widget-wrap elementor-element-populated\">\n\t\t\t\t\t\t<section class=\"elementor-section elementor-inner-section elementor-element elementor-element-2c93ddc4 elementor-section-full_width elementor-section-content-middle elementor-reverse-tablet elementor-reverse-mobile elementor-section-height-default elementor-section-height-default\" data-id=\"2c93ddc4\" data-element_type=\"section\" data-settings=\"{&quot;background_background&quot;:&quot;classic&quot;}\">\n\t\t\t\t\t\t<div class=\"elementor-container elementor-column-gap-default\">\n\t\t\t\t\t<div class=\"elementor-column elementor-col-50 elementor-inner-column elementor-element elementor-element-55e580b3\" data-id=\"55e580b3\" data-element_type=\"column\" data-settings=\"{&quot;background_background&quot;:&quot;classic&quot;}\">\n\t\t\t<div class=\"elementor-widget-wrap elementor-element-populated\">\n\t\t\t\t\t\t<div class=\"elementor-element elementor-element-05017d8 elementor-widget elementor-widget-spacer\" data-id=\"05017d8\" data-element_type=\"widget\" data-widget_type=\"spacer.default\">\n\t\t\t\t<div class=\"elementor-widget-container\">\n\t\t\t\t\t\t\t<div class=\"elementor-spacer\">\n\t\t\t<div class=\"elementor-spacer-inner\"><\/div>\n\t\t<\/div>\n\t\t\t\t\t\t<\/div>\n\t\t\t\t<\/div>\n\t\t\t\t\t<\/div>\n\t\t<\/div>\n\t\t\t\t<div class=\"elementor-column elementor-col-50 elementor-inner-column elementor-element elementor-element-620dca16\" data-id=\"620dca16\" data-element_type=\"column\">\n\t\t\t<div class=\"elementor-widget-wrap elementor-element-populated\">\n\t\t\t\t\t\t<div class=\"elementor-element elementor-element-5c33ac50 elementor-widget elementor-widget-heading\" data-id=\"5c33ac50\" data-element_type=\"widget\" data-widget_type=\"heading.default\">\n\t\t\t\t<div class=\"elementor-widget-container\">\n\t\t\t\t\t<h6 class=\"elementor-heading-title elementor-size-default\">Soporte de pared para video<\/h6>\t\t\t\t<\/div>\n\t\t\t\t<\/div>\n\t\t\t\t<div class=\"elementor-element elementor-element-7f3da71 elementor-widget elementor-widget-heading\" data-id=\"7f3da71\" data-element_type=\"widget\" data-widget_type=\"heading.default\">\n\t\t\t\t<div class=\"elementor-widget-container\">\n\t\t\t\t\t<h2 class=\"elementor-heading-title elementor-size-default\">Soporte Videowall<\/h2>\t\t\t\t<\/div>\n\t\t\t\t<\/div>\n\t\t\t\t<div class=\"elementor-element elementor-element-4e5ea03d elementor-widget-divider--view-line elementor-widget elementor-widget-divider\" data-id=\"4e5ea03d\" data-element_type=\"widget\" data-widget_type=\"divider.default\">\n\t\t\t\t<div class=\"elementor-widget-container\">\n\t\t\t\t\t\t\t<div class=\"elementor-divider\">\n\t\t\t<span class=\"elementor-divider-separator\">\n\t\t\t\t\t\t<\/span>\n\t\t<\/div>\n\t\t\t\t\t\t<\/div>\n\t\t\t\t<\/div>\n\t\t\t\t<div class=\"elementor-element elementor-element-622b919f elementor-widget elementor-widget-text-editor\" data-id=\"622b919f\" data-element_type=\"widget\" data-widget_type=\"text-editor.default\">\n\t\t\t\t<div class=\"elementor-widget-container\">\n\t\t\t\t\t\t\t\t\t<p style=\"text-align: left;\">Adem\u00e1s de nuestras soluciones principales, ofrecemos una amplia gama de soportes individuales para pantallas de gran formato, aptos tanto para una sola pantalla como para el montaje de dos o m\u00e1s, incluso de diferentes tama\u00f1os. Estas opciones est\u00e1n dise\u00f1adas para adaptarse f\u00e1cilmente a diversas necesidades y espacios. <\/p><p style=\"text-align: left;\">Nuestros dise\u00f1os ayudan a mantener todo organizado, con columnas que ocultan cables y modelos con compartimentos para guardar dispositivos peque\u00f1os. Esto no solo mejora la apariencia general, sino que tambi\u00e9n hace que la instalaci\u00f3n sea m\u00e1s limpia y pr\u00e1ctica. <\/p><p style=\"text-align: left;\">Gracias a sus componentes ajustables, la altura y la posici\u00f3n de la pantalla se pueden modificar f\u00e1cilmente, lo que simplifica futuras actualizaciones. Esta l\u00ednea de productos es ideal para salas de reuniones, espacios colaborativos, comercios, instalaciones audiovisuales y cualquier entorno profesional que valore la tecnolog\u00eda, la organizaci\u00f3n y la flexibilidad. <\/p>\t\t\t\t\t\t\t\t<\/div>\n\t\t\t\t<\/div>\n\t\t\t\t<div class=\"elementor-element elementor-element-5625da09 elementor-widget elementor-widget-gallery\" data-id=\"5625da09\" data-element_type=\"widget\" data-settings=\"{&quot;aspect_ratio&quot;:&quot;1:1&quot;,&quot;image_hover_animation&quot;:&quot;shrink-contained&quot;,&quot;columns_mobile&quot;:4,&quot;columns_tablet&quot;:4,&quot;lazyload&quot;:&quot;yes&quot;,&quot;gallery_layout&quot;:&quot;grid&quot;,&quot;columns&quot;:4,&quot;gap&quot;:{&quot;unit&quot;:&quot;px&quot;,&quot;size&quot;:10,&quot;sizes&quot;:[]},&quot;gap_tablet&quot;:{&quot;unit&quot;:&quot;px&quot;,&quot;size&quot;:10,&quot;sizes&quot;:[]},&quot;gap_mobile&quot;:{&quot;unit&quot;:&quot;px&quot;,&quot;size&quot;:10,&quot;sizes&quot;:[]},&quot;link_to&quot;:&quot;file&quot;,&quot;content_hover_animation&quot;:&quot;fade-in&quot;}\" data-widget_type=\"gallery.default\">\n\t\t\t\t<div class=\"elementor-widget-container\">\n\t\t\t\t\t\t\t<div class=\"elementor-gallery__container\">\n\t\t\t\t\t\t\t<a class=\"e-gallery-item elementor-gallery-item elementor-animated-content\" href=\"https:\/\/www.ergovisual.com\/wp-content\/uploads\/2025\/06\/Videowall-stand-LED.jpg\" data-elementor-open-lightbox=\"yes\" data-elementor-lightbox-slideshow=\"5625da09\" data-elementor-lightbox-title=\"LED Display Stand\" data-e-action-hash=\"#elementor-action%3Aaction%3Dlightbox%26settings%3DeyJpZCI6OTcwMywidXJsIjoiaHR0cHM6XC9cL3d3dy5lcmdvdmlzdWFsLmNvbVwvd3AtY29udGVudFwvdXBsb2Fkc1wvMjAyNVwvMDZcL1ZpZGVvd2FsbC1zdGFuZC1MRUQuanBnIiwic2xpZGVzaG93IjoiNTYyNWRhMDkifQ%3D%3D\">\n\t\t\t\t\t<div class=\"e-gallery-image elementor-gallery-item__image\" data-thumbnail=\"https:\/\/www.ergovisual.com\/wp-content\/uploads\/2025\/06\/Videowall-stand-LED.jpg\" data-width=\"660\" data-height=\"600\" aria-label=\"LED Display Stand\" role=\"img\" ><\/div>\n\t\t\t\t\t\t\t\t\t\t\t\t\t\t<\/a>\n\t\t\t\t\t\t\t<a class=\"e-gallery-item elementor-gallery-item elementor-animated-content\" href=\"https:\/\/www.ergovisual.com\/wp-content\/uploads\/2025\/06\/Videowall-stand-LED-2.jpg\" data-elementor-open-lightbox=\"yes\" data-elementor-lightbox-slideshow=\"5625da09\" data-elementor-lightbox-title=\"LED Display Stand\" data-e-action-hash=\"#elementor-action%3Aaction%3Dlightbox%26settings%3DeyJpZCI6OTcwNywidXJsIjoiaHR0cHM6XC9cL3d3dy5lcmdvdmlzdWFsLmNvbVwvd3AtY29udGVudFwvdXBsb2Fkc1wvMjAyNVwvMDZcL1ZpZGVvd2FsbC1zdGFuZC1MRUQtMi5qcGciLCJzbGlkZXNob3ciOiI1NjI1ZGEwOSJ9\">\n\t\t\t\t\t<div class=\"e-gallery-image elementor-gallery-item__image\" data-thumbnail=\"https:\/\/www.ergovisual.com\/wp-content\/uploads\/2025\/06\/Videowall-stand-LED-2.jpg\" data-width=\"660\" data-height=\"600\" aria-label=\"LED Display Stand\" role=\"img\" ><\/div>\n\t\t\t\t\t\t\t\t\t\t\t\t\t\t<\/a>\n\t\t\t\t\t\t\t<a class=\"e-gallery-item elementor-gallery-item elementor-animated-content\" href=\"https:\/\/www.ergovisual.com\/wp-content\/uploads\/2025\/06\/Videowall-stand-LED-wheels.jpg\" data-elementor-open-lightbox=\"yes\" data-elementor-lightbox-slideshow=\"5625da09\" data-elementor-lightbox-title=\"Videowall Mobil\" data-e-action-hash=\"#elementor-action%3Aaction%3Dlightbox%26settings%3DeyJpZCI6OTcxMSwidXJsIjoiaHR0cHM6XC9cL3d3dy5lcmdvdmlzdWFsLmNvbVwvd3AtY29udGVudFwvdXBsb2Fkc1wvMjAyNVwvMDZcL1ZpZGVvd2FsbC1zdGFuZC1MRUQtd2hlZWxzLmpwZyIsInNsaWRlc2hvdyI6IjU2MjVkYTA5In0%3D\">\n\t\t\t\t\t<div class=\"e-gallery-image elementor-gallery-item__image\" data-thumbnail=\"https:\/\/www.ergovisual.com\/wp-content\/uploads\/2025\/06\/Videowall-stand-LED-wheels.jpg\" data-width=\"660\" data-height=\"600\" aria-label=\"Videowall Mobil\" role=\"img\" ><\/div>\n\t\t\t\t\t\t\t\t\t\t\t\t\t\t<\/a>\n\t\t\t\t\t\t\t<a class=\"e-gallery-item elementor-gallery-item elementor-animated-content\" href=\"https:\/\/www.ergovisual.com\/wp-content\/uploads\/2025\/06\/LED-Panel-Videowall.jpg\" data-elementor-open-lightbox=\"yes\" data-elementor-lightbox-slideshow=\"5625da09\" data-elementor-lightbox-title=\"LED Panel Videowall\" data-e-action-hash=\"#elementor-action%3Aaction%3Dlightbox%26settings%3DeyJpZCI6OTcxNSwidXJsIjoiaHR0cHM6XC9cL3d3dy5lcmdvdmlzdWFsLmNvbVwvd3AtY29udGVudFwvdXBsb2Fkc1wvMjAyNVwvMDZcL0xFRC1QYW5lbC1WaWRlb3dhbGwuanBnIiwic2xpZGVzaG93IjoiNTYyNWRhMDkifQ%3D%3D\">\n\t\t\t\t\t<div class=\"e-gallery-image elementor-gallery-item__image\" data-thumbnail=\"https:\/\/www.ergovisual.com\/wp-content\/uploads\/2025\/06\/LED-Panel-Videowall.jpg\" data-width=\"660\" data-height=\"600\" aria-label=\"LED Panel Videowall\" role=\"img\" ><\/div>\n\t\t\t\t\t\t\t\t\t\t\t\t\t\t<\/a>\n\t\t\t\t\t<\/div>\n\t\t\t\t\t<\/div>\n\t\t\t\t<\/div>\n\t\t\t\t<div class=\"elementor-element elementor-element-543c75ba elementor-align-justify elementor-widget elementor-widget-button\" data-id=\"543c75ba\" data-element_type=\"widget\" data-widget_type=\"button.default\">\n\t\t\t\t<div class=\"elementor-widget-container\">\n\t\t\t\t\t\t\t\t\t<div class=\"elementor-button-wrapper\">\n\t\t\t\t\t<a class=\"elementor-button elementor-button-link elementor-size-md\" href=\"mailto:info@ergovisual.com\" rel=\"nofollow\">\n\t\t\t\t\t\t<span class=\"elementor-button-content-wrapper\">\n\t\t\t\t\t\t<span class=\"elementor-button-icon\">\n\t\t\t\t<i aria-hidden=\"true\" class=\"fas fa-info-circle\"><\/i>\t\t\t<\/span>\n\t\t\t\t\t\t\t\t\t<span class=\"elementor-button-text\">Cons\u00faltenos para m\u00e1s informaci\u00f3n.<\/span>\n\t\t\t\t\t<\/span>\n\t\t\t\t\t<\/a>\n\t\t\t\t<\/div>\n\t\t\t\t\t\t\t\t<\/div>\n\t\t\t\t<\/div>\n\t\t\t\t\t<\/div>\n\t\t<\/div>\n\t\t\t\t\t<\/div>\n\t\t<\/section>\n\t\t\t\t<div class=\"elementor-element elementor-element-6be1017f elementor-widget elementor-widget-spacer\" data-id=\"6be1017f\" data-element_type=\"widget\" data-widget_type=\"spacer.default\">\n\t\t\t\t<div class=\"elementor-widget-container\">\n\t\t\t\t\t\t\t<div class=\"elementor-spacer\">\n\t\t\t<div class=\"elementor-spacer-inner\"><\/div>\n\t\t<\/div>\n\t\t\t\t\t\t<\/div>\n\t\t\t\t<\/div>\n\t\t\t\t\t<\/div>\n\t\t<\/article>\n\t\t\t\t\t<\/div>\n\t\t<\/section>\n\t\t\t\t<\/div>\n\t\t","protected":false},"excerpt":{"rendered":"<p>Soporte Videowall Dentro de nuestra gama de soluciones de videowall, ofrecemos estructuras de soporte vers\u00e1tiles que permiten la configuraci\u00f3n de todo tipo de pantallas, independientemente de su tama\u00f1o o peso. Estos sistemas consisten en columnas met\u00e1licas que permiten la instalaci\u00f3n de rieles horizontales donde se montan monitores, incluyendo pantallas de gran formato. Las estructuras se [&hellip;]<\/p>\n","protected":false},"author":7,"featured_media":0,"parent":0,"menu_order":0,"comment_status":"closed","ping_status":"closed","template":"","meta":{"footnotes":""},"class_list":["post-10253","page","type-page","status-publish","hentry"],"yoast_head":"<!-- This site is optimized with the Yoast SEO plugin v26.1.1 - https:\/\/yoast.com\/wordpress\/plugins\/seo\/ -->\n<title>Soporte Videowall - ErgoVisual<\/title>\n<meta name=\"description\" content=\"Mobiliario dise\u00f1ado para centros de llamadas, crucial para garantizar el correcto funcionamiento y el rendimiento \u00f3ptimo de la sala.\" \/>\n<meta name=\"robots\" content=\"index, nofollow, max-snippet:-1, max-image-preview:large, max-video-preview:-1\" \/>\n<link rel=\"canonical\" href=\"https:\/\/www.ergovisual.com\/es\/soporte-videowall\/\" \/>\n<meta property=\"og:locale\" content=\"es_ES\" \/>\n<meta property=\"og:type\" content=\"article\" \/>\n<meta property=\"og:title\" content=\"Soporte Videowall - ErgoVisual\" \/>\n<meta property=\"og:description\" content=\"Mobiliario dise\u00f1ado para centros de llamadas, crucial para garantizar el correcto funcionamiento y el rendimiento \u00f3ptimo de la sala.\" \/>\n<meta property=\"og:url\" content=\"https:\/\/www.ergovisual.com\/es\/soporte-videowall\/\" \/>\n<meta property=\"og:site_name\" content=\"ErgoVisual\" \/>\n<meta property=\"article:modified_time\" content=\"2025-06-19T12:35:23+00:00\" \/>\n<meta name=\"twitter:card\" content=\"summary_large_image\" \/>\n<meta name=\"twitter:label1\" content=\"Tiempo de lectura\" \/>\n\t<meta name=\"twitter:data1\" content=\"2 minutos\" \/>\n<script type=\"application\/ld+json\" class=\"yoast-schema-graph\">{\"@context\":\"https:\/\/schema.org\",\"@graph\":[{\"@type\":\"WebPage\",\"@id\":\"https:\/\/www.ergovisual.com\/es\/soporte-videowall\/\",\"url\":\"https:\/\/www.ergovisual.com\/es\/soporte-videowall\/\",\"name\":\"Soporte Videowall - ErgoVisual\",\"isPartOf\":{\"@id\":\"https:\/\/www.ergovisual.com\/es\/#website\"},\"datePublished\":\"2025-06-19T12:35:22+00:00\",\"dateModified\":\"2025-06-19T12:35:23+00:00\",\"description\":\"Mobiliario dise\u00f1ado para centros de llamadas, crucial para garantizar el correcto funcionamiento y el rendimiento \u00f3ptimo de la sala.\",\"breadcrumb\":{\"@id\":\"https:\/\/www.ergovisual.com\/es\/soporte-videowall\/#breadcrumb\"},\"inLanguage\":\"es\",\"potentialAction\":[{\"@type\":\"ReadAction\",\"target\":[\"https:\/\/www.ergovisual.com\/es\/soporte-videowall\/\"]}]},{\"@type\":\"BreadcrumbList\",\"@id\":\"https:\/\/www.ergovisual.com\/es\/soporte-videowall\/#breadcrumb\",\"itemListElement\":[{\"@type\":\"ListItem\",\"position\":1,\"name\":\"Portada\",\"item\":\"https:\/\/www.ergovisual.com\/es\/\"},{\"@type\":\"ListItem\",\"position\":2,\"name\":\"Soporte Videowall\"}]},{\"@type\":\"WebSite\",\"@id\":\"https:\/\/www.ergovisual.com\/es\/#website\",\"url\":\"https:\/\/www.ergovisual.com\/es\/\",\"name\":\"ErgoVisual\",\"description\":\"Control Room Solutions\",\"publisher\":{\"@id\":\"https:\/\/www.ergovisual.com\/es\/#organization\"},\"potentialAction\":[{\"@type\":\"SearchAction\",\"target\":{\"@type\":\"EntryPoint\",\"urlTemplate\":\"https:\/\/www.ergovisual.com\/es\/?s={search_term_string}\"},\"query-input\":{\"@type\":\"PropertyValueSpecification\",\"valueRequired\":true,\"valueName\":\"search_term_string\"}}],\"inLanguage\":\"es\"},{\"@type\":\"Organization\",\"@id\":\"https:\/\/www.ergovisual.com\/es\/#organization\",\"name\":\"INTAM ERGOVISUAL SLU\",\"url\":\"https:\/\/www.ergovisual.com\/es\/\",\"logo\":{\"@type\":\"ImageObject\",\"inLanguage\":\"es\",\"@id\":\"https:\/\/www.ergovisual.com\/es\/#\/schema\/logo\/image\/\",\"url\":\"https:\/\/www.ergovisual.com\/wp-content\/uploads\/2022\/03\/logo-ergovisual.svg\",\"contentUrl\":\"https:\/\/www.ergovisual.com\/wp-content\/uploads\/2022\/03\/logo-ergovisual.svg\",\"caption\":\"INTAM ERGOVISUAL SLU\"},\"image\":{\"@id\":\"https:\/\/www.ergovisual.com\/es\/#\/schema\/logo\/image\/\"},\"sameAs\":[\"https:\/\/www.linkedin.com\/company\/ergovisual\"]}]}<\/script>\n<!-- \/ Yoast SEO plugin. -->","yoast_head_json":{"title":"Soporte Videowall - ErgoVisual","description":"Mobiliario dise\u00f1ado para centros de llamadas, crucial para garantizar el correcto funcionamiento y el rendimiento \u00f3ptimo de la sala.","robots":{"index":"index","follow":"nofollow","max-snippet":"max-snippet:-1","max-image-preview":"max-image-preview:large","max-video-preview":"max-video-preview:-1"},"canonical":"https:\/\/www.ergovisual.com\/es\/soporte-videowall\/","og_locale":"es_ES","og_type":"article","og_title":"Soporte Videowall - ErgoVisual","og_description":"Mobiliario dise\u00f1ado para centros de llamadas, crucial para garantizar el correcto funcionamiento y el rendimiento \u00f3ptimo de la sala.","og_url":"https:\/\/www.ergovisual.com\/es\/soporte-videowall\/","og_site_name":"ErgoVisual","article_modified_time":"2025-06-19T12:35:23+00:00","twitter_card":"summary_large_image","twitter_misc":{"Tiempo de lectura":"2 minutos"},"schema":{"@context":"https:\/\/schema.org","@graph":[{"@type":"WebPage","@id":"https:\/\/www.ergovisual.com\/es\/soporte-videowall\/","url":"https:\/\/www.ergovisual.com\/es\/soporte-videowall\/","name":"Soporte Videowall - ErgoVisual","isPartOf":{"@id":"https:\/\/www.ergovisual.com\/es\/#website"},"datePublished":"2025-06-19T12:35:22+00:00","dateModified":"2025-06-19T12:35:23+00:00","description":"Mobiliario dise\u00f1ado para centros de llamadas, crucial para garantizar el correcto funcionamiento y el rendimiento \u00f3ptimo de la sala.","breadcrumb":{"@id":"https:\/\/www.ergovisual.com\/es\/soporte-videowall\/#breadcrumb"},"inLanguage":"es","potentialAction":[{"@type":"ReadAction","target":["https:\/\/www.ergovisual.com\/es\/soporte-videowall\/"]}]},{"@type":"BreadcrumbList","@id":"https:\/\/www.ergovisual.com\/es\/soporte-videowall\/#breadcrumb","itemListElement":[{"@type":"ListItem","position":1,"name":"Portada","item":"https:\/\/www.ergovisual.com\/es\/"},{"@type":"ListItem","position":2,"name":"Soporte Videowall"}]},{"@type":"WebSite","@id":"https:\/\/www.ergovisual.com\/es\/#website","url":"https:\/\/www.ergovisual.com\/es\/","name":"ErgoVisual","description":"Control Room Solutions","publisher":{"@id":"https:\/\/www.ergovisual.com\/es\/#organization"},"potentialAction":[{"@type":"SearchAction","target":{"@type":"EntryPoint","urlTemplate":"https:\/\/www.ergovisual.com\/es\/?s={search_term_string}"},"query-input":{"@type":"PropertyValueSpecification","valueRequired":true,"valueName":"search_term_string"}}],"inLanguage":"es"},{"@type":"Organization","@id":"https:\/\/www.ergovisual.com\/es\/#organization","name":"INTAM ERGOVISUAL SLU","url":"https:\/\/www.ergovisual.com\/es\/","logo":{"@type":"ImageObject","inLanguage":"es","@id":"https:\/\/www.ergovisual.com\/es\/#\/schema\/logo\/image\/","url":"https:\/\/www.ergovisual.com\/wp-content\/uploads\/2022\/03\/logo-ergovisual.svg","contentUrl":"https:\/\/www.ergovisual.com\/wp-content\/uploads\/2022\/03\/logo-ergovisual.svg","caption":"INTAM ERGOVISUAL SLU"},"image":{"@id":"https:\/\/www.ergovisual.com\/es\/#\/schema\/logo\/image\/"},"sameAs":["https:\/\/www.linkedin.com\/company\/ergovisual"]}]}},"_links":{"self":[{"href":"https:\/\/www.ergovisual.com\/es\/wp-json\/wp\/v2\/pages\/10253","targetHints":{"allow":["GET"]}}],"collection":[{"href":"https:\/\/www.ergovisual.com\/es\/wp-json\/wp\/v2\/pages"}],"about":[{"href":"https:\/\/www.ergovisual.com\/es\/wp-json\/wp\/v2\/types\/page"}],"author":[{"embeddable":true,"href":"https:\/\/www.ergovisual.com\/es\/wp-json\/wp\/v2\/users\/7"}],"replies":[{"embeddable":true,"href":"https:\/\/www.ergovisual.com\/es\/wp-json\/wp\/v2\/comments?post=10253"}],"version-history":[{"count":1,"href":"https:\/\/www.ergovisual.com\/es\/wp-json\/wp\/v2\/pages\/10253\/revisions"}],"predecessor-version":[{"id":10254,"href":"https:\/\/www.ergovisual.com\/es\/wp-json\/wp\/v2\/pages\/10253\/revisions\/10254"}],"wp:attachment":[{"href":"https:\/\/www.ergovisual.com\/es\/wp-json\/wp\/v2\/media?parent=10253"}],"curies":[{"name":"wp","href":"https:\/\/api.w.org\/{rel}","templated":true}]}}