{"id":10266,"date":"2025-06-20T08:31:23","date_gmt":"2025-06-20T06:31:23","guid":{"rendered":"https:\/\/www.ergovisual.com\/sillas\/"},"modified":"2025-06-26T08:28:33","modified_gmt":"2025-06-26T06:28:33","slug":"sillas","status":"publish","type":"page","link":"https:\/\/www.ergovisual.com\/es\/sillas\/","title":{"rendered":"Sillas"},"content":{"rendered":"\t\t<div data-elementor-type=\"wp-page\" data-elementor-id=\"10266\" class=\"elementor elementor-10266 elementor-10186\" data-elementor-settings=\"{&quot;ha_cmc_init_switcher&quot;:&quot;no&quot;}\" data-elementor-post-type=\"page\">\n\t\t\t\t\t\t<section class=\"elementor-section elementor-top-section elementor-element elementor-element-b1195b3 elementor-section-full_width elementor-section-height-default elementor-section-height-default\" data-id=\"b1195b3\" data-element_type=\"section\" data-settings=\"{&quot;background_background&quot;:&quot;classic&quot;,&quot;shape_divider_bottom&quot;:&quot;mountains&quot;}\">\n\t\t\t\t\t<div class=\"elementor-shape elementor-shape-bottom\" aria-hidden=\"true\" data-negative=\"false\">\n\t\t\t<svg xmlns=\"http:\/\/www.w3.org\/2000\/svg\" viewBox=\"0 0 1000 100\" preserveAspectRatio=\"none\">\n\t<path class=\"elementor-shape-fill\" opacity=\"0.33\" d=\"M473,67.3c-203.9,88.3-263.1-34-320.3,0C66,119.1,0,59.7,0,59.7V0h1000v59.7 c0,0-62.1,26.1-94.9,29.3c-32.8,3.3-62.8-12.3-75.8-22.1C806,49.6,745.3,8.7,694.9,4.7S492.4,59,473,67.3z\"\/>\n\t<path class=\"elementor-shape-fill\" opacity=\"0.66\" d=\"M734,67.3c-45.5,0-77.2-23.2-129.1-39.1c-28.6-8.7-150.3-10.1-254,39.1 s-91.7-34.4-149.2,0C115.7,118.3,0,39.8,0,39.8V0h1000v36.5c0,0-28.2-18.5-92.1-18.5C810.2,18.1,775.7,67.3,734,67.3z\"\/>\n\t<path class=\"elementor-shape-fill\" d=\"M766.1,28.9c-200-57.5-266,65.5-395.1,19.5C242,1.8,242,5.4,184.8,20.6C128,35.8,132.3,44.9,89.9,52.5C28.6,63.7,0,0,0,0 h1000c0,0-9.9,40.9-83.6,48.1S829.6,47,766.1,28.9z\"\/>\n<\/svg>\t\t<\/div>\n\t\t\t\t\t<div class=\"elementor-container elementor-column-gap-default\">\n\t\t\t\t\t<div class=\"elementor-column elementor-col-100 elementor-top-column elementor-element elementor-element-54c69c78\" data-id=\"54c69c78\" data-element_type=\"column\">\n\t\t\t<div class=\"elementor-widget-wrap elementor-element-populated\">\n\t\t\t\t\t\t<div class=\"elementor-element elementor-element-5d92ea47 elementor-widget elementor-widget-heading\" data-id=\"5d92ea47\" data-element_type=\"widget\" data-widget_type=\"heading.default\">\n\t\t\t\t<div class=\"elementor-widget-container\">\n\t\t\t\t\t<h2 class=\"elementor-heading-title elementor-size-default\">SILLAS<\/h2>\t\t\t\t<\/div>\n\t\t\t\t<\/div>\n\t\t\t\t<div class=\"elementor-element elementor-element-73bed58c elementor-widget elementor-widget-text-editor\" data-id=\"73bed58c\" data-element_type=\"widget\" data-widget_type=\"text-editor.default\">\n\t\t\t\t<div class=\"elementor-widget-container\">\n\t\t\t\t\t\t\t\t\t<p data-start=\"110\" data-end=\"439\">En nuestro cat\u00e1logo de soluciones de asientos para el lugar de trabajo, encontrar\u00e1 una selecci\u00f3n completa dise\u00f1ada para mejorar la comodidad, la productividad y el estilo en cualquier entorno profesional. Desde sillas ergon\u00f3micas 24 horas al d\u00eda, 7 d\u00edas a la semana, dise\u00f1adas para brindar apoyo continuo durante turnos extendidos, hasta sillas ejecutivas que combinan sofisticaci\u00f3n y funcionalidad para roles de liderazgo, cada modelo satisface necesidades espec\u00edficas del lugar de trabajo. Tambi\u00e9n ofrecemos sillas de oficina vers\u00e1tiles ideales para el uso diario en estaciones de trabajo, as\u00ed como opciones de <em data-start=\"554\" data-end=\"567\">softseating<\/em> para \u00e1reas de descanso, salas de espera o espacios de reuni\u00f3n informales, que aportan calidez y una sensaci\u00f3n m\u00e1s relajada a los entornos corporativos. Nuestro compromiso es ofrecer dise\u00f1o ergon\u00f3mico, calidad y est\u00e9tica que ayuden a transformar cada espacio de trabajo en un lugar m\u00e1s eficiente y c\u00f3modo.<\/p>\t\t\t\t\t\t\t\t<\/div>\n\t\t\t\t<\/div>\n\t\t\t\t\t<\/div>\n\t\t<\/div>\n\t\t\t\t\t<\/div>\n\t\t<\/section>\n\t\t\t\t<section class=\"elementor-section elementor-top-section elementor-element elementor-element-35e8dba elementor-section-boxed elementor-section-height-default elementor-section-height-default\" data-id=\"35e8dba\" data-element_type=\"section\">\n\t\t\t\t\t\t<div class=\"elementor-container elementor-column-gap-default\">\n\t\t\t\t\t<div class=\"elementor-column elementor-col-100 elementor-top-column elementor-element elementor-element-722bebf\" data-id=\"722bebf\" data-element_type=\"column\">\n\t\t\t<div class=\"elementor-widget-wrap elementor-element-populated\">\n\t\t\t\t\t\t<div class=\"elementor-element elementor-element-6c6df7a elementor--h-position-center elementor--v-position-middle elementor-arrows-position-inside elementor-pagination-position-inside elementor-widget elementor-widget-slides\" data-id=\"6c6df7a\" data-element_type=\"widget\" data-settings=\"{&quot;navigation&quot;:&quot;both&quot;,&quot;autoplay&quot;:&quot;yes&quot;,&quot;pause_on_hover&quot;:&quot;yes&quot;,&quot;pause_on_interaction&quot;:&quot;yes&quot;,&quot;autoplay_speed&quot;:5000,&quot;infinite&quot;:&quot;yes&quot;,&quot;transition&quot;:&quot;slide&quot;,&quot;transition_speed&quot;:500}\" data-widget_type=\"slides.default\">\n\t\t\t\t<div class=\"elementor-widget-container\">\n\t\t\t\t\t\t\t\t\t<div class=\"elementor-swiper\">\n\t\t\t\t\t<div class=\"elementor-slides-wrapper elementor-main-swiper swiper\" role=\"region\" aria-roledescription=\"carousel\" aria-label=\"Slides\" dir=\"ltr\" data-animation=\"fadeInUp\">\n\t\t\t\t<div class=\"swiper-wrapper elementor-slides\">\n\t\t\t\t\t\t\t\t\t\t<div class=\"elementor-repeater-item-07d03ef swiper-slide\" role=\"group\" aria-roledescription=\"slide\"><div class=\"swiper-slide-bg\" role=\"img\" aria-label=\"Twentyfour Ergonomic Chair\"><\/div><a class=\"swiper-slide-inner\" href=\"https:\/\/www.ergovisual.com\/es\/ergo-asientos-visuales\/\"><div class=\"swiper-slide-contents\"><div class=\"elementor-slide-heading\">Silla Twentyfour<\/div><div class=\"elementor-slide-description\"><p>Silla ergon\u00f3mica con certificaci\u00f3n 24\/7.<\/p>\n<\/div><div  class=\"elementor-button elementor-slide-button elementor-size-sm\">Haga clic aqu\u00ed<\/div><\/div><\/a><\/div><div class=\"elementor-repeater-item-f989705 swiper-slide\" role=\"group\" aria-roledescription=\"slide\"><div class=\"swiper-slide-bg\" role=\"img\" aria-label=\"Bros Office Desk Chair\"><\/div><a class=\"swiper-slide-inner\" href=\"https:\/\/www.ergovisual.com\/es\/sillas-de-oficina\/\"><div class=\"swiper-slide-contents\"><div class=\"elementor-slide-heading\">Silla Bros<\/div><div class=\"elementor-slide-description\"><p>Silla ejecutiva para salas de reuniones. <\/p>\n<\/div><div  class=\"elementor-button elementor-slide-button elementor-size-sm\">Haga clic aqu\u00ed<\/div><\/div><\/a><\/div><div class=\"elementor-repeater-item-d3dc0b5 swiper-slide\" role=\"group\" aria-roledescription=\"slide\"><div class=\"swiper-slide-bg\" role=\"img\" aria-label=\"Office Meeting Chair\"><\/div><a class=\"swiper-slide-inner\" href=\"https:\/\/www.ergovisual.com\/es\/sillas-ejecutivas-meeting\/\"><div class=\"swiper-slide-contents\"><div class=\"elementor-slide-heading\">Silla Atos<\/div><div class=\"elementor-slide-description\"><p>Silla ejecutiva para sala de juntas.<\/p>\n<\/div><div  class=\"elementor-button elementor-slide-button elementor-size-sm\">Haga clic aqu\u00ed<\/div><\/div><\/a><\/div><div class=\"elementor-repeater-item-2a4c763 swiper-slide\" role=\"group\" aria-roledescription=\"slide\"><div class=\"swiper-slide-bg\" role=\"img\" aria-label=\"Mr Jones Reception\"><\/div><a class=\"swiper-slide-inner\" href=\"https:\/\/www.ergovisual.com\/seating-soft-seating\/\"><div class=\"swiper-slide-contents\"><div class=\"elementor-slide-heading\">Mr. Jones<\/div><div class=\"elementor-slide-description\"><p>Soft Seating para espacios corporativos modernos.<\/p>\n<\/div><div  class=\"elementor-button elementor-slide-button elementor-size-sm\">Haga clic aqu\u00ed<\/div><\/div><\/a><\/div>\t\t\t\t<\/div>\n\t\t\t\t\t\t\t\t\t\t\t\t\t\t\t<div class=\"elementor-swiper-button elementor-swiper-button-prev\" role=\"button\" tabindex=\"0\" aria-label=\"Diapositiva anterior\">\n\t\t\t\t\t\t\t<i aria-hidden=\"true\" class=\"eicon-chevron-left\"><\/i>\t\t\t\t\t\t<\/div>\n\t\t\t\t\t\t<div class=\"elementor-swiper-button elementor-swiper-button-next\" role=\"button\" tabindex=\"0\" aria-label=\"Diapositiva siguiente\">\n\t\t\t\t\t\t\t<i aria-hidden=\"true\" class=\"eicon-chevron-right\"><\/i>\t\t\t\t\t\t<\/div>\n\t\t\t\t\t\t\t\t\t\t\t\t\t\t\t\t<div class=\"swiper-pagination\"><\/div>\n\t\t\t\t\t\t\t\t\t\t\t\t<\/div>\n\t\t\t\t<\/div>\n\t\t\t\t\t\t\t\t<\/div>\n\t\t\t\t<\/div>\n\t\t\t\t\t<\/div>\n\t\t<\/div>\n\t\t\t\t\t<\/div>\n\t\t<\/section>\n\t\t\t\t<\/div>\n\t\t","protected":false},"excerpt":{"rendered":"<p>SILLAS En nuestro cat\u00e1logo de soluciones de asientos para el lugar de trabajo, encontrar\u00e1 una selecci\u00f3n completa dise\u00f1ada para mejorar la comodidad, la productividad y el estilo en cualquier entorno profesional. Desde sillas ergon\u00f3micas 24 horas al d\u00eda, 7 d\u00edas a la semana, dise\u00f1adas para brindar apoyo continuo durante turnos extendidos, hasta sillas ejecutivas que [&hellip;]<\/p>\n","protected":false},"author":7,"featured_media":0,"parent":0,"menu_order":0,"comment_status":"closed","ping_status":"closed","template":"","meta":{"footnotes":""},"class_list":["post-10266","page","type-page","status-publish","hentry"],"yoast_head":"<!-- This site is optimized with the Yoast SEO plugin v26.1.1 - https:\/\/yoast.com\/wordpress\/plugins\/seo\/ -->\n<title>Sillas - ErgoVisual<\/title>\n<meta name=\"description\" content=\"Mobiliario dise\u00f1ado para centros de llamadas, crucial para garantizar el correcto funcionamiento y el rendimiento \u00f3ptimo de la sala.\" \/>\n<meta name=\"robots\" content=\"index, nofollow, max-snippet:-1, max-image-preview:large, max-video-preview:-1\" \/>\n<link rel=\"canonical\" href=\"https:\/\/www.ergovisual.com\/es\/sillas\/\" \/>\n<meta property=\"og:locale\" content=\"es_ES\" \/>\n<meta property=\"og:type\" content=\"article\" \/>\n<meta property=\"og:title\" content=\"Sillas - ErgoVisual\" \/>\n<meta property=\"og:description\" content=\"Mobiliario dise\u00f1ado para centros de llamadas, crucial para garantizar el correcto funcionamiento y el rendimiento \u00f3ptimo de la sala.\" \/>\n<meta property=\"og:url\" content=\"https:\/\/www.ergovisual.com\/es\/sillas\/\" \/>\n<meta property=\"og:site_name\" content=\"ErgoVisual\" \/>\n<meta property=\"article:modified_time\" content=\"2025-06-26T06:28:33+00:00\" \/>\n<meta name=\"twitter:card\" content=\"summary_large_image\" \/>\n<meta name=\"twitter:label1\" content=\"Tiempo de lectura\" \/>\n\t<meta name=\"twitter:data1\" content=\"1 minuto\" \/>\n<script type=\"application\/ld+json\" class=\"yoast-schema-graph\">{\"@context\":\"https:\/\/schema.org\",\"@graph\":[{\"@type\":\"WebPage\",\"@id\":\"https:\/\/www.ergovisual.com\/es\/sillas\/\",\"url\":\"https:\/\/www.ergovisual.com\/es\/sillas\/\",\"name\":\"Sillas - ErgoVisual\",\"isPartOf\":{\"@id\":\"https:\/\/www.ergovisual.com\/es\/#website\"},\"datePublished\":\"2025-06-20T06:31:23+00:00\",\"dateModified\":\"2025-06-26T06:28:33+00:00\",\"description\":\"Mobiliario dise\u00f1ado para centros de llamadas, crucial para garantizar el correcto funcionamiento y el rendimiento \u00f3ptimo de la sala.\",\"breadcrumb\":{\"@id\":\"https:\/\/www.ergovisual.com\/es\/sillas\/#breadcrumb\"},\"inLanguage\":\"es\",\"potentialAction\":[{\"@type\":\"ReadAction\",\"target\":[\"https:\/\/www.ergovisual.com\/es\/sillas\/\"]}]},{\"@type\":\"BreadcrumbList\",\"@id\":\"https:\/\/www.ergovisual.com\/es\/sillas\/#breadcrumb\",\"itemListElement\":[{\"@type\":\"ListItem\",\"position\":1,\"name\":\"Portada\",\"item\":\"https:\/\/www.ergovisual.com\/es\/\"},{\"@type\":\"ListItem\",\"position\":2,\"name\":\"Sillas\"}]},{\"@type\":\"WebSite\",\"@id\":\"https:\/\/www.ergovisual.com\/es\/#website\",\"url\":\"https:\/\/www.ergovisual.com\/es\/\",\"name\":\"ErgoVisual\",\"description\":\"Control Room Solutions\",\"publisher\":{\"@id\":\"https:\/\/www.ergovisual.com\/es\/#organization\"},\"potentialAction\":[{\"@type\":\"SearchAction\",\"target\":{\"@type\":\"EntryPoint\",\"urlTemplate\":\"https:\/\/www.ergovisual.com\/es\/?s={search_term_string}\"},\"query-input\":{\"@type\":\"PropertyValueSpecification\",\"valueRequired\":true,\"valueName\":\"search_term_string\"}}],\"inLanguage\":\"es\"},{\"@type\":\"Organization\",\"@id\":\"https:\/\/www.ergovisual.com\/es\/#organization\",\"name\":\"INTAM ERGOVISUAL SLU\",\"url\":\"https:\/\/www.ergovisual.com\/es\/\",\"logo\":{\"@type\":\"ImageObject\",\"inLanguage\":\"es\",\"@id\":\"https:\/\/www.ergovisual.com\/es\/#\/schema\/logo\/image\/\",\"url\":\"https:\/\/www.ergovisual.com\/wp-content\/uploads\/2022\/03\/logo-ergovisual.svg\",\"contentUrl\":\"https:\/\/www.ergovisual.com\/wp-content\/uploads\/2022\/03\/logo-ergovisual.svg\",\"caption\":\"INTAM ERGOVISUAL SLU\"},\"image\":{\"@id\":\"https:\/\/www.ergovisual.com\/es\/#\/schema\/logo\/image\/\"},\"sameAs\":[\"https:\/\/www.linkedin.com\/company\/ergovisual\"]}]}<\/script>\n<!-- \/ Yoast SEO plugin. -->","yoast_head_json":{"title":"Sillas - ErgoVisual","description":"Mobiliario dise\u00f1ado para centros de llamadas, crucial para garantizar el correcto funcionamiento y el rendimiento \u00f3ptimo de la sala.","robots":{"index":"index","follow":"nofollow","max-snippet":"max-snippet:-1","max-image-preview":"max-image-preview:large","max-video-preview":"max-video-preview:-1"},"canonical":"https:\/\/www.ergovisual.com\/es\/sillas\/","og_locale":"es_ES","og_type":"article","og_title":"Sillas - ErgoVisual","og_description":"Mobiliario dise\u00f1ado para centros de llamadas, crucial para garantizar el correcto funcionamiento y el rendimiento \u00f3ptimo de la sala.","og_url":"https:\/\/www.ergovisual.com\/es\/sillas\/","og_site_name":"ErgoVisual","article_modified_time":"2025-06-26T06:28:33+00:00","twitter_card":"summary_large_image","twitter_misc":{"Tiempo de lectura":"1 minuto"},"schema":{"@context":"https:\/\/schema.org","@graph":[{"@type":"WebPage","@id":"https:\/\/www.ergovisual.com\/es\/sillas\/","url":"https:\/\/www.ergovisual.com\/es\/sillas\/","name":"Sillas - ErgoVisual","isPartOf":{"@id":"https:\/\/www.ergovisual.com\/es\/#website"},"datePublished":"2025-06-20T06:31:23+00:00","dateModified":"2025-06-26T06:28:33+00:00","description":"Mobiliario dise\u00f1ado para centros de llamadas, crucial para garantizar el correcto funcionamiento y el rendimiento \u00f3ptimo de la sala.","breadcrumb":{"@id":"https:\/\/www.ergovisual.com\/es\/sillas\/#breadcrumb"},"inLanguage":"es","potentialAction":[{"@type":"ReadAction","target":["https:\/\/www.ergovisual.com\/es\/sillas\/"]}]},{"@type":"BreadcrumbList","@id":"https:\/\/www.ergovisual.com\/es\/sillas\/#breadcrumb","itemListElement":[{"@type":"ListItem","position":1,"name":"Portada","item":"https:\/\/www.ergovisual.com\/es\/"},{"@type":"ListItem","position":2,"name":"Sillas"}]},{"@type":"WebSite","@id":"https:\/\/www.ergovisual.com\/es\/#website","url":"https:\/\/www.ergovisual.com\/es\/","name":"ErgoVisual","description":"Control Room Solutions","publisher":{"@id":"https:\/\/www.ergovisual.com\/es\/#organization"},"potentialAction":[{"@type":"SearchAction","target":{"@type":"EntryPoint","urlTemplate":"https:\/\/www.ergovisual.com\/es\/?s={search_term_string}"},"query-input":{"@type":"PropertyValueSpecification","valueRequired":true,"valueName":"search_term_string"}}],"inLanguage":"es"},{"@type":"Organization","@id":"https:\/\/www.ergovisual.com\/es\/#organization","name":"INTAM ERGOVISUAL SLU","url":"https:\/\/www.ergovisual.com\/es\/","logo":{"@type":"ImageObject","inLanguage":"es","@id":"https:\/\/www.ergovisual.com\/es\/#\/schema\/logo\/image\/","url":"https:\/\/www.ergovisual.com\/wp-content\/uploads\/2022\/03\/logo-ergovisual.svg","contentUrl":"https:\/\/www.ergovisual.com\/wp-content\/uploads\/2022\/03\/logo-ergovisual.svg","caption":"INTAM ERGOVISUAL SLU"},"image":{"@id":"https:\/\/www.ergovisual.com\/es\/#\/schema\/logo\/image\/"},"sameAs":["https:\/\/www.linkedin.com\/company\/ergovisual"]}]}},"_links":{"self":[{"href":"https:\/\/www.ergovisual.com\/es\/wp-json\/wp\/v2\/pages\/10266","targetHints":{"allow":["GET"]}}],"collection":[{"href":"https:\/\/www.ergovisual.com\/es\/wp-json\/wp\/v2\/pages"}],"about":[{"href":"https:\/\/www.ergovisual.com\/es\/wp-json\/wp\/v2\/types\/page"}],"author":[{"embeddable":true,"href":"https:\/\/www.ergovisual.com\/es\/wp-json\/wp\/v2\/users\/7"}],"replies":[{"embeddable":true,"href":"https:\/\/www.ergovisual.com\/es\/wp-json\/wp\/v2\/comments?post=10266"}],"version-history":[{"count":2,"href":"https:\/\/www.ergovisual.com\/es\/wp-json\/wp\/v2\/pages\/10266\/revisions"}],"predecessor-version":[{"id":10431,"href":"https:\/\/www.ergovisual.com\/es\/wp-json\/wp\/v2\/pages\/10266\/revisions\/10431"}],"wp:attachment":[{"href":"https:\/\/www.ergovisual.com\/es\/wp-json\/wp\/v2\/media?parent=10266"}],"curies":[{"name":"wp","href":"https:\/\/api.w.org\/{rel}","templated":true}]}}