{"id":1901,"date":"2020-03-02T11:39:32","date_gmt":"2020-03-02T10:39:32","guid":{"rendered":"https:\/\/www.ergovisual.com\/contacto\/"},"modified":"2024-02-21T01:33:49","modified_gmt":"2024-02-21T00:33:49","slug":"contacto","status":"publish","type":"page","link":"https:\/\/www.ergovisual.com\/es\/contacto\/","title":{"rendered":"Contacto"},"content":{"rendered":"\t\t<div data-elementor-type=\"wp-page\" data-elementor-id=\"1901\" class=\"elementor elementor-1901 elementor-1347\" data-elementor-settings=\"{&quot;ha_cmc_init_switcher&quot;:&quot;no&quot;}\" data-elementor-post-type=\"page\">\n\t\t\t\t\t\t<section class=\"elementor-section elementor-top-section elementor-element elementor-element-45161a7d elementor-section-height-min-height elementor-reverse-mobile elementor-section-boxed elementor-section-height-default elementor-section-items-middle\" data-id=\"45161a7d\" data-element_type=\"section\">\n\t\t\t\t\t\t\t<div class=\"elementor-background-overlay\"><\/div>\n\t\t\t\t\t\t\t<div class=\"elementor-container elementor-column-gap-no\">\n\t\t\t\t\t<div class=\"elementor-column elementor-col-100 elementor-top-column elementor-element elementor-element-4d5b8216\" data-id=\"4d5b8216\" data-element_type=\"column\">\n\t\t\t<div class=\"elementor-widget-wrap elementor-element-populated\">\n\t\t\t\t\t\t<div class=\"elementor-element elementor-element-11abe3e5 elementor-widget elementor-widget-heading\" data-id=\"11abe3e5\" data-element_type=\"widget\" data-widget_type=\"heading.default\">\n\t\t\t\t<div class=\"elementor-widget-container\">\n\t\t\t\t\t<h3 class=\"elementor-heading-title elementor-size-default\">Ponte en contacto<\/h3>\t\t\t\t<\/div>\n\t\t\t\t<\/div>\n\t\t\t\t<section class=\"elementor-section elementor-inner-section elementor-element elementor-element-1d6b4861 elementor-section-content-middle elementor-section-boxed elementor-section-height-default elementor-section-height-default\" data-id=\"1d6b4861\" data-element_type=\"section\">\n\t\t\t\t\t\t<div class=\"elementor-container elementor-column-gap-no\">\n\t\t\t\t\t<div class=\"elementor-column elementor-col-50 elementor-inner-column elementor-element elementor-element-6c25251b\" data-id=\"6c25251b\" data-element_type=\"column\" data-settings=\"{&quot;background_background&quot;:&quot;classic&quot;}\">\n\t\t\t<div class=\"elementor-widget-wrap elementor-element-populated\">\n\t\t\t\t\t\t<div class=\"elementor-element elementor-element-5ea3ff8e elementor-mobile-button-align-center elementor-button-align-stretch elementor-widget elementor-widget-form\" data-id=\"5ea3ff8e\" data-element_type=\"widget\" data-settings=\"{&quot;button_width&quot;:&quot;33&quot;,&quot;step_next_label&quot;:&quot;Siguiente&quot;,&quot;step_previous_label&quot;:&quot;Anterior&quot;,&quot;step_type&quot;:&quot;number_text&quot;,&quot;step_icon_shape&quot;:&quot;circle&quot;}\" data-widget_type=\"form.default\">\n\t\t\t\t<div class=\"elementor-widget-container\">\n\t\t\t\t\t\t\t<form class=\"elementor-form\" method=\"post\" name=\"Formulario Ergo\" aria-label=\"Formulario Ergo\">\n\t\t\t<input type=\"hidden\" name=\"post_id\" value=\"1901\"\/>\n\t\t\t<input type=\"hidden\" name=\"form_id\" value=\"5ea3ff8e\"\/>\n\t\t\t<input type=\"hidden\" name=\"referer_title\" value=\"ErgoVisual\" \/>\n\n\t\t\t\n\t\t\t<div class=\"elementor-form-fields-wrapper elementor-labels-\">\n\t\t\t\t\t\t\t\t<div class=\"elementor-field-type-text elementor-field-group elementor-column elementor-field-group-name elementor-col-50 elementor-field-required\">\n\t\t\t\t\t\t\t\t\t\t\t\t<label for=\"form-field-name\" class=\"elementor-field-label elementor-screen-only\">\n\t\t\t\t\t\t\t\tNombre\t\t\t\t\t\t\t<\/label>\n\t\t\t\t\t\t\t\t\t\t\t\t\t\t<input size=\"1\" type=\"text\" name=\"form_fields[name]\" id=\"form-field-name\" class=\"elementor-field elementor-size-sm  elementor-field-textual\" placeholder=\"Nombre\" required=\"required\">\n\t\t\t\t\t\t\t\t\t\t\t<\/div>\n\t\t\t\t\t\t\t\t<div class=\"elementor-field-type-email elementor-field-group elementor-column elementor-field-group-email elementor-col-50 elementor-field-required\">\n\t\t\t\t\t\t\t\t\t\t\t\t<label for=\"form-field-email\" class=\"elementor-field-label elementor-screen-only\">\n\t\t\t\t\t\t\t\tCorreo electr\u00f3nico\t\t\t\t\t\t\t<\/label>\n\t\t\t\t\t\t\t\t\t\t\t\t\t\t<input size=\"1\" type=\"email\" name=\"form_fields[email]\" id=\"form-field-email\" class=\"elementor-field elementor-size-sm  elementor-field-textual\" placeholder=\"Correo electr\u00f3nico\" required=\"required\">\n\t\t\t\t\t\t\t\t\t\t\t<\/div>\n\t\t\t\t\t\t\t\t<div class=\"elementor-field-type-tel elementor-field-group elementor-column elementor-field-group-b26ecb6 elementor-col-50 elementor-field-required\">\n\t\t\t\t\t\t\t\t\t\t\t\t<label for=\"form-field-b26ecb6\" class=\"elementor-field-label elementor-screen-only\">\n\t\t\t\t\t\t\t\tTel\u00e9fono\t\t\t\t\t\t\t<\/label>\n\t\t\t\t\t\t\t\t<input size=\"1\" type=\"tel\" name=\"form_fields[b26ecb6]\" id=\"form-field-b26ecb6\" class=\"elementor-field elementor-size-sm  elementor-field-textual\" placeholder=\"Tel\u00e9fono\" required=\"required\" pattern=\"[0-9()#&amp;+*-=.]+\" title=\"Solo se aceptan n\u00fameros y caracteres de tel\u00e9fono (#,-,*,etc).\">\n\n\t\t\t\t\t\t<\/div>\n\t\t\t\t\t\t\t\t<div class=\"elementor-field-type-text elementor-field-group elementor-column elementor-field-group-894019a elementor-col-50 elementor-field-required\">\n\t\t\t\t\t\t\t\t\t\t\t\t<label for=\"form-field-894019a\" class=\"elementor-field-label elementor-screen-only\">\n\t\t\t\t\t\t\t\tFunci\u00f3n\t\t\t\t\t\t\t<\/label>\n\t\t\t\t\t\t\t\t\t\t\t\t\t\t<input size=\"1\" type=\"text\" name=\"form_fields[894019a]\" id=\"form-field-894019a\" class=\"elementor-field elementor-size-sm  elementor-field-textual\" placeholder=\"Funci\u00f3n\" required=\"required\">\n\t\t\t\t\t\t\t\t\t\t\t<\/div>\n\t\t\t\t\t\t\t\t<div class=\"elementor-field-type-textarea elementor-field-group elementor-column elementor-field-group-field_1 elementor-col-100\">\n\t\t\t\t\t\t\t\t\t\t\t\t<label for=\"form-field-field_1\" class=\"elementor-field-label elementor-screen-only\">\n\t\t\t\t\t\t\t\tMensaje\t\t\t\t\t\t\t<\/label>\n\t\t\t\t\t\t<textarea class=\"elementor-field-textual elementor-field  elementor-size-sm\" name=\"form_fields[field_1]\" id=\"form-field-field_1\" rows=\"4\" placeholder=\"Mensaje\"><\/textarea>\t\t\t\t<\/div>\n\t\t\t\t\t\t\t\t<div class=\"elementor-field-type-html elementor-field-group elementor-column elementor-field-group-message elementor-col-33\">\n\t\t\t\t\t<span style=\"font-size: 14px;\"><strong>\u00bfQu\u00e9 le interesa?<\/strong>\n<span>\t\t\t\t<\/div>\n\t\t\t\t\t\t\t\t<div class=\"elementor-field-type-checkbox elementor-field-group elementor-column elementor-field-group-field_4 elementor-col-66\">\n\t\t\t\t\t\t\t\t\t\t\t\t<label for=\"form-field-field_4\" class=\"elementor-field-label elementor-screen-only\">\n\t\t\t\t\t\t\t\tServicios\t\t\t\t\t\t\t<\/label>\n\t\t\t\t\t\t<div class=\"elementor-field-subgroup  elementor-subgroup-inline\"><span class=\"elementor-field-option\"><input type=\"checkbox\" value=\"Sala de Control\" id=\"form-field-field_4-0\" name=\"form_fields[field_4][]\"> <label for=\"form-field-field_4-0\">Sala de Control<\/label><\/span><span class=\"elementor-field-option\"><input type=\"checkbox\" value=\"Datacenter\" id=\"form-field-field_4-1\" name=\"form_fields[field_4][]\"> <label for=\"form-field-field_4-1\">Datacenter<\/label><\/span><span class=\"elementor-field-option\"><input type=\"checkbox\" value=\"VideoWall\" id=\"form-field-field_4-2\" name=\"form_fields[field_4][]\"> <label for=\"form-field-field_4-2\">VideoWall<\/label><\/span><\/div>\t\t\t\t<\/div>\n\t\t\t\t\t\t\t\t<div class=\"elementor-field-type-html elementor-field-group elementor-column elementor-field-group-field_3 elementor-col-100\">\n\t\t\t\t\t<strong><span style=\"font-size: 15px;\">Lea la <a href=\"https:\/\/www.ergovisual.com\/es\/politica-de-privacidad\/\">Pol\u00edtica de Privacidad<\/a><\/span><\/strong>\t\t\t\t<\/div>\n\t\t\t\t\t\t\t\t<div class=\"elementor-field-type-recaptcha_v3 elementor-field-group elementor-column elementor-field-group-field_2 elementor-col-100 recaptcha_v3-bottomright\">\n\t\t\t\t\t<div class=\"elementor-field\" id=\"form-field-field_2\"><div class=\"elementor-g-recaptcha\" data-sitekey=\"6LfqpdUUAAAAAP7Zyi0Hv3Acxdo9vpymgGeqwskq\" data-type=\"v3\" data-action=\"Form\" data-badge=\"bottomright\" data-size=\"invisible\"><\/div><\/div>\t\t\t\t<\/div>\n\t\t\t\t\t\t\t\t<div class=\"elementor-field-type-acceptance elementor-field-group elementor-column elementor-field-group-field_5 elementor-col-66 elementor-field-required\">\n\t\t\t\t\t\t\t\t\t\t\t\t<label for=\"form-field-field_5\" class=\"elementor-field-label elementor-screen-only\">\n\t\t\t\t\t\t\t\tAceptaci\u00f3n\t\t\t\t\t\t\t<\/label>\n\t\t\t\t\t\t\t\t<div class=\"elementor-field-subgroup\">\n\t\t\t<span class=\"elementor-field-option\">\n\t\t\t\t<input type=\"checkbox\" name=\"form_fields[field_5]\" id=\"form-field-field_5\" class=\"elementor-field elementor-size-sm  elementor-acceptance-field\" required=\"required\">\n\t\t\t\t<label for=\"form-field-field_5\">Lo he le\u00eddo y lo acepto<\/label>\t\t\t<\/span>\n\t\t<\/div>\n\t\t\t\t\t\t<\/div>\n\t\t\t\t\t\t\t\t<div class=\"elementor-field-group elementor-column elementor-field-type-submit elementor-col-33 e-form__buttons\">\n\t\t\t\t\t<button class=\"elementor-button elementor-size-xs\" type=\"submit\">\n\t\t\t\t\t\t<span class=\"elementor-button-content-wrapper\">\n\t\t\t\t\t\t\t\t\t\t\t\t\t\t\t\t\t\t\t\t\t\t<span class=\"elementor-button-text\">Enviar mensaje<\/span>\n\t\t\t\t\t\t\t\t\t\t\t\t\t<\/span>\n\t\t\t\t\t<\/button>\n\t\t\t\t<\/div>\n\t\t\t<\/div>\n\t\t<\/form>\n\t\t\t\t\t\t<\/div>\n\t\t\t\t<\/div>\n\t\t\t\t\t<\/div>\n\t\t<\/div>\n\t\t\t\t<div class=\"elementor-column elementor-col-50 elementor-inner-column elementor-element elementor-element-6f0d35de\" data-id=\"6f0d35de\" data-element_type=\"column\" data-settings=\"{&quot;background_background&quot;:&quot;classic&quot;}\">\n\t\t\t<div class=\"elementor-widget-wrap elementor-element-populated\">\n\t\t\t\t\t\t<div class=\"elementor-element elementor-element-437666e elementor-widget elementor-widget-heading\" data-id=\"437666e\" data-element_type=\"widget\" data-widget_type=\"heading.default\">\n\t\t\t\t<div class=\"elementor-widget-container\">\n\t\t\t\t\t<h2 class=\"elementor-heading-title elementor-size-xl\"><small>(0034)<\/small> 937 447 251<\/h2>\t\t\t\t<\/div>\n\t\t\t\t<\/div>\n\t\t\t\t<div class=\"elementor-element elementor-element-6de7aa7 elementor-widget elementor-widget-text-editor\" data-id=\"6de7aa7\" data-element_type=\"widget\" data-widget_type=\"text-editor.default\">\n\t\t\t\t<div class=\"elementor-widget-container\">\n\t\t\t\t\t\t\t\t\t<h3><strong>INTAM ERGOVISUAL SLU<\/strong><\/h3>\n<big>Carrer Alemanya 45, Nave 2, Planta 1<\/big>\nIgualada 08700 \u00b7 <strong>Barcelona \u00b7<\/strong> <strong>Espa\u00f1a<\/strong>\t\t\t\t\t\t\t\t<\/div>\n\t\t\t\t<\/div>\n\t\t\t\t\t<\/div>\n\t\t<\/div>\n\t\t\t\t\t<\/div>\n\t\t<\/section>\n\t\t\t\t<div class=\"elementor-element elementor-element-447d6a3 elementor-widget elementor-widget-toggle\" data-id=\"447d6a3\" data-element_type=\"widget\" data-widget_type=\"toggle.default\">\n\t\t\t\t<div class=\"elementor-widget-container\">\n\t\t\t\t\t\t\t<div class=\"elementor-toggle\">\n\t\t\t\t\t\t\t<div class=\"elementor-toggle-item\">\n\t\t\t\t\t<div id=\"elementor-tab-title-7181\" class=\"elementor-tab-title\" data-tab=\"1\" role=\"button\" aria-controls=\"elementor-tab-content-7181\" aria-expanded=\"false\">\n\t\t\t\t\t\t\t\t\t\t\t\t<span class=\"elementor-toggle-icon elementor-toggle-icon-left\" aria-hidden=\"true\">\n\t\t\t\t\t\t\t\t\t\t\t\t\t\t\t<span class=\"elementor-toggle-icon-closed\"><i class=\"far fa-plus-square\"><\/i><\/span>\n\t\t\t\t\t\t\t\t<span class=\"elementor-toggle-icon-opened\"><i class=\"elementor-toggle-icon-opened far fa-minus-square\"><\/i><\/span>\n\t\t\t\t\t\t\t\t\t\t\t\t\t<\/span>\n\t\t\t\t\t\t\t\t\t\t\t\t<a class=\"elementor-toggle-title\" tabindex=\"0\">Informaci\u00f3n b\u00e1sica sobre protecci\u00f3n de datos<\/a>\n\t\t\t\t\t<\/div>\n\n\t\t\t\t\t<div id=\"elementor-tab-content-7181\" class=\"elementor-tab-content elementor-clearfix\" data-tab=\"1\" role=\"region\" aria-labelledby=\"elementor-tab-title-7181\"><table>\n<tbody>\n<tr>\n<td><strong><span class=\"tlid-translation translation\" lang=\"en\"><span class=\"\" title=\"\">Responsable<\/span><\/span>:<\/strong><\/td>\n<td>INTAM ERGOVISUAL SLU<\/td>\n<\/tr>\n<tr>\n<td><strong><span class=\"tlid-translation translation\" lang=\"en\"><span class=\"\" title=\"\">Finalidad<\/span><\/span>:<\/strong><\/td>\n<td>&#8211; <span class=\"tlid-translation translation\" lang=\"en\"><span class=\"\" title=\"\">Prestaci\u00f3n de servicios en l\u00ednea.<\/span><\/span><br \/>&#8211; <span class=\"tlid-translation translation\" lang=\"en\"><span class=\"\" title=\"\">WGesti\u00f3n de usuarios web.<\/span><\/span><br \/>&#8211; <span class=\"tlid-translation translation\" lang=\"en\"><span class=\"\" title=\"\">Comunicaciones comerciales relacionadas con nuestros servicios<\/span><\/span>.<\/td>\n<\/tr>\n<tr>\n<td><strong><span class=\"tlid-translation translation\" lang=\"en\"><span class=\"\" title=\"\">Legitimaci\u00f3n<\/span><\/span>:<\/strong><\/td>\n<td><span class=\"tlid-translation translation\" lang=\"en\"><span class=\"\" title=\"\">Consentimiento expreso e inter\u00e9s leg\u00edtimo.<\/span><\/span><\/td>\n<\/tr>\n<tr>\n<td><strong><span class=\"tlid-translation translation\" lang=\"en\"><span class=\"\" title=\"\">Destinatarios<\/span><\/span>:<\/strong><\/td>\n<td><span class=\"tlid-translation translation\" lang=\"en\"><span class=\"\" title=\"\"> No se transfieren datos a terceros, salvo obligaci\u00f3n legal.<\/span><\/span><\/td>\n<\/tr>\n<tr>\n<td><strong><span class=\"tlid-translation translation\" lang=\"en\"><span class=\"\" title=\"\">Derechos<\/span><\/span>:<\/strong><\/td>\n<td><span class=\"tlid-translation translation\" lang=\"en\"><span class=\"\" title=\"\">Acceder, rectificar y eliminar datos, as\u00ed como otros derechos, como se explica en la informaci\u00f3n adicional.<\/span><\/span><\/td>\n<\/tr>\n<tr>\n<td><strong><span class=\"tlid-translation translation\" lang=\"en\"><span title=\"\">Informaci\u00f3n adicional<\/span><\/span>:<\/strong><\/td>\n<td><span class=\"tlid-translation translation\" lang=\"en\"><span title=\"\">Puede consultar la informaci\u00f3n adicional y detallada sobre Protecci\u00f3n de Datos en lascl\u00e1usulas adjuntas que se encuentran en esta P\u00e1gina.<br \/><\/span><span title=\"\">En INTAM ERGOVISUAL SLU trabajamos para ofrecerle a trav\u00e9s de nuestros productos y servicios la mejor experiencia posible.<\/span><\/span>.<\/td>\n<\/tr>\n<\/tbody>\n<\/table>\n<\/div>\n\t\t\t\t<\/div>\n\t\t\t\t\t\t\t\t<\/div>\n\t\t\t\t\t\t<\/div>\n\t\t\t\t<\/div>\n\t\t\t\t\t<\/div>\n\t\t<\/div>\n\t\t\t\t\t<\/div>\n\t\t<\/section>\n\t\t\t\t<\/div>\n\t\t","protected":false},"excerpt":{"rendered":"<p>Ponte en contacto (0034) 937 447 251 INTAM ERGOVISUAL SLU Carrer Alemanya 45, Nave 2, Planta 1 Igualada 08700 \u00b7 Barcelona \u00b7 Espa\u00f1a Informaci\u00f3n b\u00e1sica sobre protecci\u00f3n de datos Responsable: INTAM ERGOVISUAL SLU Finalidad: &#8211; Prestaci\u00f3n de servicios en l\u00ednea.&#8211; WGesti\u00f3n de usuarios web.&#8211; Comunicaciones comerciales relacionadas con nuestros servicios. Legitimaci\u00f3n: Consentimiento expreso e inter\u00e9s [&hellip;]<\/p>\n","protected":false},"author":3,"featured_media":0,"parent":0,"menu_order":0,"comment_status":"closed","ping_status":"closed","template":"elementor_header_footer","meta":{"footnotes":""},"class_list":["post-1901","page","type-page","status-publish","hentry"],"yoast_head":"<!-- This site is optimized with the Yoast SEO plugin v26.1.1 - https:\/\/yoast.com\/wordpress\/plugins\/seo\/ -->\n<title>Contacto - ErgoVisual<\/title>\n<meta name=\"robots\" content=\"index, follow, max-snippet:-1, max-image-preview:large, max-video-preview:-1\" \/>\n<link rel=\"canonical\" href=\"https:\/\/www.ergovisual.com\/es\/contacto\/\" \/>\n<meta property=\"og:locale\" content=\"es_ES\" \/>\n<meta property=\"og:type\" content=\"article\" \/>\n<meta property=\"og:title\" content=\"Contacto - ErgoVisual\" \/>\n<meta property=\"og:description\" content=\"Ponte en contacto (0034) 937 447 251 INTAM ERGOVISUAL SLU Carrer Alemanya 45, Nave 2, Planta 1 Igualada 08700 \u00b7 Barcelona \u00b7 Espa\u00f1a Informaci\u00f3n b\u00e1sica sobre protecci\u00f3n de datos Responsable: INTAM ERGOVISUAL SLU Finalidad: &#8211; Prestaci\u00f3n de servicios en l\u00ednea.&#8211; WGesti\u00f3n de usuarios web.&#8211; Comunicaciones comerciales relacionadas con nuestros servicios. Legitimaci\u00f3n: Consentimiento expreso e inter\u00e9s [&hellip;]\" \/>\n<meta property=\"og:url\" content=\"https:\/\/www.ergovisual.com\/es\/contacto\/\" \/>\n<meta property=\"og:site_name\" content=\"ErgoVisual\" \/>\n<meta property=\"article:modified_time\" content=\"2024-02-21T00:33:49+00:00\" \/>\n<meta name=\"twitter:card\" content=\"summary_large_image\" \/>\n<meta name=\"twitter:label1\" content=\"Tiempo de lectura\" \/>\n\t<meta name=\"twitter:data1\" content=\"1 minuto\" \/>\n<script type=\"application\/ld+json\" class=\"yoast-schema-graph\">{\"@context\":\"https:\/\/schema.org\",\"@graph\":[{\"@type\":\"WebPage\",\"@id\":\"https:\/\/www.ergovisual.com\/es\/contacto\/\",\"url\":\"https:\/\/www.ergovisual.com\/es\/contacto\/\",\"name\":\"Contacto - ErgoVisual\",\"isPartOf\":{\"@id\":\"https:\/\/www.ergovisual.com\/es\/#website\"},\"datePublished\":\"2020-03-02T10:39:32+00:00\",\"dateModified\":\"2024-02-21T00:33:49+00:00\",\"breadcrumb\":{\"@id\":\"https:\/\/www.ergovisual.com\/es\/contacto\/#breadcrumb\"},\"inLanguage\":\"es\",\"potentialAction\":[{\"@type\":\"ReadAction\",\"target\":[\"https:\/\/www.ergovisual.com\/es\/contacto\/\"]}]},{\"@type\":\"BreadcrumbList\",\"@id\":\"https:\/\/www.ergovisual.com\/es\/contacto\/#breadcrumb\",\"itemListElement\":[{\"@type\":\"ListItem\",\"position\":1,\"name\":\"Portada\",\"item\":\"https:\/\/www.ergovisual.com\/es\/\"},{\"@type\":\"ListItem\",\"position\":2,\"name\":\"Contacto\"}]},{\"@type\":\"WebSite\",\"@id\":\"https:\/\/www.ergovisual.com\/es\/#website\",\"url\":\"https:\/\/www.ergovisual.com\/es\/\",\"name\":\"ErgoVisual\",\"description\":\"Control Room Solutions\",\"publisher\":{\"@id\":\"https:\/\/www.ergovisual.com\/es\/#organization\"},\"potentialAction\":[{\"@type\":\"SearchAction\",\"target\":{\"@type\":\"EntryPoint\",\"urlTemplate\":\"https:\/\/www.ergovisual.com\/es\/?s={search_term_string}\"},\"query-input\":{\"@type\":\"PropertyValueSpecification\",\"valueRequired\":true,\"valueName\":\"search_term_string\"}}],\"inLanguage\":\"es\"},{\"@type\":\"Organization\",\"@id\":\"https:\/\/www.ergovisual.com\/es\/#organization\",\"name\":\"INTAM ERGOVISUAL SLU\",\"url\":\"https:\/\/www.ergovisual.com\/es\/\",\"logo\":{\"@type\":\"ImageObject\",\"inLanguage\":\"es\",\"@id\":\"https:\/\/www.ergovisual.com\/es\/#\/schema\/logo\/image\/\",\"url\":\"https:\/\/www.ergovisual.com\/wp-content\/uploads\/2022\/03\/logo-ergovisual.svg\",\"contentUrl\":\"https:\/\/www.ergovisual.com\/wp-content\/uploads\/2022\/03\/logo-ergovisual.svg\",\"caption\":\"INTAM ERGOVISUAL SLU\"},\"image\":{\"@id\":\"https:\/\/www.ergovisual.com\/es\/#\/schema\/logo\/image\/\"},\"sameAs\":[\"https:\/\/www.linkedin.com\/company\/ergovisual\"]}]}<\/script>\n<!-- \/ Yoast SEO plugin. -->","yoast_head_json":{"title":"Contacto - ErgoVisual","robots":{"index":"index","follow":"follow","max-snippet":"max-snippet:-1","max-image-preview":"max-image-preview:large","max-video-preview":"max-video-preview:-1"},"canonical":"https:\/\/www.ergovisual.com\/es\/contacto\/","og_locale":"es_ES","og_type":"article","og_title":"Contacto - ErgoVisual","og_description":"Ponte en contacto (0034) 937 447 251 INTAM ERGOVISUAL SLU Carrer Alemanya 45, Nave 2, Planta 1 Igualada 08700 \u00b7 Barcelona \u00b7 Espa\u00f1a Informaci\u00f3n b\u00e1sica sobre protecci\u00f3n de datos Responsable: INTAM ERGOVISUAL SLU Finalidad: &#8211; Prestaci\u00f3n de servicios en l\u00ednea.&#8211; WGesti\u00f3n de usuarios web.&#8211; Comunicaciones comerciales relacionadas con nuestros servicios. Legitimaci\u00f3n: Consentimiento expreso e inter\u00e9s [&hellip;]","og_url":"https:\/\/www.ergovisual.com\/es\/contacto\/","og_site_name":"ErgoVisual","article_modified_time":"2024-02-21T00:33:49+00:00","twitter_card":"summary_large_image","twitter_misc":{"Tiempo de lectura":"1 minuto"},"schema":{"@context":"https:\/\/schema.org","@graph":[{"@type":"WebPage","@id":"https:\/\/www.ergovisual.com\/es\/contacto\/","url":"https:\/\/www.ergovisual.com\/es\/contacto\/","name":"Contacto - ErgoVisual","isPartOf":{"@id":"https:\/\/www.ergovisual.com\/es\/#website"},"datePublished":"2020-03-02T10:39:32+00:00","dateModified":"2024-02-21T00:33:49+00:00","breadcrumb":{"@id":"https:\/\/www.ergovisual.com\/es\/contacto\/#breadcrumb"},"inLanguage":"es","potentialAction":[{"@type":"ReadAction","target":["https:\/\/www.ergovisual.com\/es\/contacto\/"]}]},{"@type":"BreadcrumbList","@id":"https:\/\/www.ergovisual.com\/es\/contacto\/#breadcrumb","itemListElement":[{"@type":"ListItem","position":1,"name":"Portada","item":"https:\/\/www.ergovisual.com\/es\/"},{"@type":"ListItem","position":2,"name":"Contacto"}]},{"@type":"WebSite","@id":"https:\/\/www.ergovisual.com\/es\/#website","url":"https:\/\/www.ergovisual.com\/es\/","name":"ErgoVisual","description":"Control Room Solutions","publisher":{"@id":"https:\/\/www.ergovisual.com\/es\/#organization"},"potentialAction":[{"@type":"SearchAction","target":{"@type":"EntryPoint","urlTemplate":"https:\/\/www.ergovisual.com\/es\/?s={search_term_string}"},"query-input":{"@type":"PropertyValueSpecification","valueRequired":true,"valueName":"search_term_string"}}],"inLanguage":"es"},{"@type":"Organization","@id":"https:\/\/www.ergovisual.com\/es\/#organization","name":"INTAM ERGOVISUAL SLU","url":"https:\/\/www.ergovisual.com\/es\/","logo":{"@type":"ImageObject","inLanguage":"es","@id":"https:\/\/www.ergovisual.com\/es\/#\/schema\/logo\/image\/","url":"https:\/\/www.ergovisual.com\/wp-content\/uploads\/2022\/03\/logo-ergovisual.svg","contentUrl":"https:\/\/www.ergovisual.com\/wp-content\/uploads\/2022\/03\/logo-ergovisual.svg","caption":"INTAM ERGOVISUAL SLU"},"image":{"@id":"https:\/\/www.ergovisual.com\/es\/#\/schema\/logo\/image\/"},"sameAs":["https:\/\/www.linkedin.com\/company\/ergovisual"]}]}},"_links":{"self":[{"href":"https:\/\/www.ergovisual.com\/es\/wp-json\/wp\/v2\/pages\/1901","targetHints":{"allow":["GET"]}}],"collection":[{"href":"https:\/\/www.ergovisual.com\/es\/wp-json\/wp\/v2\/pages"}],"about":[{"href":"https:\/\/www.ergovisual.com\/es\/wp-json\/wp\/v2\/types\/page"}],"author":[{"embeddable":true,"href":"https:\/\/www.ergovisual.com\/es\/wp-json\/wp\/v2\/users\/3"}],"replies":[{"embeddable":true,"href":"https:\/\/www.ergovisual.com\/es\/wp-json\/wp\/v2\/comments?post=1901"}],"version-history":[{"count":2,"href":"https:\/\/www.ergovisual.com\/es\/wp-json\/wp\/v2\/pages\/1901\/revisions"}],"predecessor-version":[{"id":9146,"href":"https:\/\/www.ergovisual.com\/es\/wp-json\/wp\/v2\/pages\/1901\/revisions\/9146"}],"wp:attachment":[{"href":"https:\/\/www.ergovisual.com\/es\/wp-json\/wp\/v2\/media?parent=1901"}],"curies":[{"name":"wp","href":"https:\/\/api.w.org\/{rel}","templated":true}]}}