{"id":1905,"date":"2020-03-02T12:02:39","date_gmt":"2020-03-02T11:02:39","guid":{"rendered":"https:\/\/www.ergovisual.com\/mapa-del-sitio\/"},"modified":"2023-01-17T01:17:16","modified_gmt":"2023-01-17T00:17:16","slug":"mapa-del-sitio","status":"publish","type":"page","link":"https:\/\/www.ergovisual.com\/es\/mapa-del-sitio\/","title":{"rendered":"Mapa del sitio"},"content":{"rendered":"\t\t<div data-elementor-type=\"wp-page\" data-elementor-id=\"1905\" class=\"elementor elementor-1905 elementor-1329\" data-elementor-settings=\"{&quot;ha_cmc_init_switcher&quot;:&quot;no&quot;}\" data-elementor-post-type=\"page\">\n\t\t\t\t\t\t<section class=\"elementor-section elementor-top-section elementor-element elementor-element-d6f56b4 elementor-section-height-min-height elementor-section-boxed elementor-section-height-default elementor-section-items-middle\" data-id=\"d6f56b4\" data-element_type=\"section\">\n\t\t\t\t\t\t\t<div class=\"elementor-background-overlay\"><\/div>\n\t\t\t\t\t\t\t<div class=\"elementor-container elementor-column-gap-default\">\n\t\t\t\t\t<div class=\"elementor-column elementor-col-100 elementor-top-column elementor-element elementor-element-b5b04da\" data-id=\"b5b04da\" data-element_type=\"column\">\n\t\t\t<div class=\"elementor-widget-wrap elementor-element-populated\">\n\t\t\t\t\t\t<div class=\"elementor-element elementor-element-8b63afd elementor-widget elementor-widget-sitemap\" data-id=\"8b63afd\" data-element_type=\"widget\" data-widget_type=\"sitemap.default\">\n\t\t\t\t<div class=\"elementor-widget-container\">\n\t\t\t\t\t<div class=\"elementor-sitemap-wrap\"><div class=\"elementor-sitemap-section\"><h2 class=\"elementor-sitemap-title elementor-sitemap-page-title\">PAGES<\/h2><ul class=\"elementor-sitemap-list elementor-sitemap-page-list\"><li class=\"elementor-sitemap-item elementor-sitemap-item-page page_item page-item-1889\"><a href=\"https:\/\/www.ergovisual.com\/es\/\">Servicio de sala de control 360\u00ba<\/a><\/li><li class=\"elementor-sitemap-item elementor-sitemap-item-page page_item page-item-1892\"><a href=\"https:\/\/www.ergovisual.com\/es\/sala-de-control\/\">Sala de Control<\/a><\/li><li class=\"elementor-sitemap-item elementor-sitemap-item-page page_item page-item-1894\"><a href=\"https:\/\/www.ergovisual.com\/es\/datacenters\/\">TMR<\/a><\/li><li class=\"elementor-sitemap-item elementor-sitemap-item-page page_item page-item-1899\"><a href=\"https:\/\/www.ergovisual.com\/es\/servicios\/\">Servicios<\/a><\/li><li class=\"elementor-sitemap-item elementor-sitemap-item-page page_item page-item-1901\"><a href=\"https:\/\/www.ergovisual.com\/es\/contacto\/\">Contacto<\/a><\/li><li class=\"elementor-sitemap-item elementor-sitemap-item-page page_item page-item-1966\"><a href=\"https:\/\/www.ergovisual.com\/es\/noticias\/\">NOTICIAS<\/a><\/li><li class=\"elementor-sitemap-item elementor-sitemap-item-page page_item page-item-2940\"><a href=\"https:\/\/www.ergovisual.com\/es\/consolas-de-control-y-mobiliario-tecnico-para-broadcast-y-salas-de-edicion\/\">Consolas de control y Mobiliario T\u00e9cnico para Broadcast y Salas de Edici\u00f3n<\/a><\/li><li class=\"elementor-sitemap-item elementor-sitemap-item-page page_item page-item-3115\"><a href=\"https:\/\/www.ergovisual.com\/es\/consolas-de-control-y-mobiliario-tecnico-para-control-de-trafico-aereo\/\">Consolas de control y Mobiliario T\u00e9cnico para Control de Tr\u00e1fico A\u00e9reo<\/a><\/li><li class=\"elementor-sitemap-item elementor-sitemap-item-page page_item page-item-3144\"><a href=\"https:\/\/www.ergovisual.com\/es\/mobiliario-tecnico-y-consolas-de-control-para-centros-de-control-de-procesos-industriales-oil-gas-epcs\/\">Mobiliario T\u00e9cnico y consolas de control para Centros de Control de Procesos industriales, Oil &#038; Gas, EPC\u2019s<\/a><\/li><li class=\"elementor-sitemap-item elementor-sitemap-item-page page_item page-item-3219\"><a href=\"https:\/\/www.ergovisual.com\/es\/consolas-de-control-y-mobiliario-tecnico-para-centros-de-control-y-monitoreo\/\">Consolas de control y Mobiliario T\u00e9cnico para Centros de Control y Monitoreo<\/a><\/li><li class=\"elementor-sitemap-item elementor-sitemap-item-page page_item page-item-4786\"><a href=\"https:\/\/www.ergovisual.com\/es\/ergovisual-samart-furniture\/\">AA Ergovisual Samart Furniture<\/a><\/li><li class=\"elementor-sitemap-item elementor-sitemap-item-page page_item page-item-4999\"><a href=\"https:\/\/www.ergovisual.com\/es\/ergo-asientos-visuales\/\">Sillas 24\/7<\/a><\/li><li class=\"elementor-sitemap-item elementor-sitemap-item-page page_item page-item-5495\"><a href=\"https:\/\/www.ergovisual.com\/es\/sillas-de-oficina\/\">Sillas de oficina<\/a><\/li><li class=\"elementor-sitemap-item elementor-sitemap-item-page page_item page-item-5592\"><a href=\"https:\/\/www.ergovisual.com\/es\/sillas-ejecutivas-meeting\/\">Sillas ejecutivas &#038; meeting<\/a><\/li><li class=\"elementor-sitemap-item elementor-sitemap-item-page page_item page-item-5668\"><a href=\"https:\/\/www.ergovisual.com\/es\/sillas-soft-seating\/\">Sillas Soft Seating<\/a><\/li><li class=\"elementor-sitemap-item elementor-sitemap-item-page page_item page-item-6034\"><a href=\"https:\/\/www.ergovisual.com\/es\/monitor-lcd\/\">Monitor LCD<\/a><\/li><li class=\"elementor-sitemap-item elementor-sitemap-item-page page_item page-item-6293\"><a href=\"https:\/\/www.ergovisual.com\/es\/call-center\/\">CALL CENTER<\/a><\/li><li class=\"elementor-sitemap-item elementor-sitemap-item-page page_item page-item-6706\"><a href=\"https:\/\/www.ergovisual.com\/es\/soluciones-enfocadas-a-sistemas-videowall\/\">Videowall<\/a><\/li><li class=\"elementor-sitemap-item elementor-sitemap-item-page page_item page-item-6832\"><a href=\"https:\/\/www.ergovisual.com\/es\/totem-regulable-electronicamente\/\">T\u00f3tem regulable<\/a><\/li><li class=\"elementor-sitemap-item elementor-sitemap-item-page page_item page-item-6860\"><a href=\"https:\/\/www.ergovisual.com\/es\/oficina\/\">Oficina<\/a><\/li><li class=\"elementor-sitemap-item elementor-sitemap-item-page page_item page-item-6972\"><a href=\"https:\/\/www.ergovisual.com\/es\/oficina-fija-regulable\/\">Oficina fija regulable<\/a><\/li><li class=\"elementor-sitemap-item elementor-sitemap-item-page page_item page-item-9123\"><a href=\"https:\/\/www.ergovisual.com\/es\/consolas-ergovisual\/\">Consolas Ergovisual<\/a><\/li><li class=\"elementor-sitemap-item elementor-sitemap-item-page page_item page-item-10249\"><a href=\"https:\/\/www.ergovisual.com\/es\/videowall-credenza\/\">VIDEOWALL CREDENZA<\/a><\/li><li class=\"elementor-sitemap-item elementor-sitemap-item-page page_item page-item-10253\"><a href=\"https:\/\/www.ergovisual.com\/es\/soporte-videowall\/\">Soporte Videowall<\/a><\/li><li class=\"elementor-sitemap-item elementor-sitemap-item-page page_item page-item-10255\"><a href=\"https:\/\/www.ergovisual.com\/es\/brazo-articulado\/\">Brazo Monitor<\/a><\/li><li class=\"elementor-sitemap-item elementor-sitemap-item-page page_item page-item-10257\"><a href=\"https:\/\/www.ergovisual.com\/es\/soporte-videowall-2\/\">Soporte Videowall<\/a><\/li><li class=\"elementor-sitemap-item elementor-sitemap-item-page page_item page-item-10259\"><a href=\"https:\/\/www.ergovisual.com\/es\/mobiliario-audiovisual\/\">Mobiliario Audiovisual<\/a><\/li><li class=\"elementor-sitemap-item elementor-sitemap-item-page page_item page-item-10261\"><a href=\"https:\/\/www.ergovisual.com\/es\/av-cabinet\/\">CREDENZA AV<\/a><\/li><li class=\"elementor-sitemap-item elementor-sitemap-item-page page_item page-item-10266\"><a href=\"https:\/\/www.ergovisual.com\/es\/sillas\/\">Sillas<\/a><\/li><li class=\"elementor-sitemap-item elementor-sitemap-item-page page_item page-item-10288\"><a href=\"https:\/\/www.ergovisual.com\/es\/mobiliario-de-oficina\/\">Mobiliario de Oficina<\/a><\/li><li class=\"elementor-sitemap-item elementor-sitemap-item-page page_item page-item-10293\"><a href=\"https:\/\/www.ergovisual.com\/es\/oficina-2\/\">Office!<\/a><\/li><li class=\"elementor-sitemap-item elementor-sitemap-item-page page_item page-item-10295\"><a href=\"https:\/\/www.ergovisual.com\/es\/recepcion\/\">Recepci\u00f3n<\/a><\/li><li class=\"elementor-sitemap-item elementor-sitemap-item-page page_item page-item-10304\"><a href=\"https:\/\/www.ergovisual.com\/es\/mesa-tecnologica\/\">Mesa Tecnol\u00f3gica<\/a><\/li><li class=\"elementor-sitemap-item elementor-sitemap-item-page page_item page-item-10511\"><a href=\"https:\/\/www.ergovisual.com\/es\/sillas-ergonomicas-24-7\/\">Sillas ergon\u00f3micas 24\/7<\/a><\/li><li class=\"elementor-sitemap-item elementor-sitemap-item-page page_item page-item-10523\"><a href=\"https:\/\/www.ergovisual.com\/es\/videowall\/\">Videowall<\/a><\/li><\/ul><\/div><\/div>\t\t\t\t<\/div>\n\t\t\t\t<\/div>\n\t\t\t\t\t<\/div>\n\t\t<\/div>\n\t\t\t\t\t<\/div>\n\t\t<\/section>\n\t\t\t\t<\/div>\n\t\t","protected":false},"excerpt":{"rendered":"","protected":false},"author":3,"featured_media":0,"parent":0,"menu_order":0,"comment_status":"closed","ping_status":"closed","template":"elementor_header_footer","meta":{"footnotes":""},"class_list":["post-1905","page","type-page","status-publish","hentry"],"yoast_head":"<!-- This site is optimized with the Yoast SEO plugin v26.1.1 - https:\/\/yoast.com\/wordpress\/plugins\/seo\/ -->\n<title>Mapa del sitio - ErgoVisual<\/title>\n<meta name=\"robots\" content=\"noindex, nofollow\" \/>\n<meta property=\"og:locale\" content=\"es_ES\" \/>\n<meta property=\"og:type\" content=\"article\" \/>\n<meta property=\"og:title\" content=\"Mapa del sitio - ErgoVisual\" \/>\n<meta property=\"og:url\" content=\"https:\/\/www.ergovisual.com\/es\/mapa-del-sitio\/\" \/>\n<meta property=\"og:site_name\" content=\"ErgoVisual\" \/>\n<meta property=\"article:modified_time\" content=\"2023-01-17T00:17:16+00:00\" \/>\n<meta name=\"twitter:card\" content=\"summary_large_image\" \/>\n<script type=\"application\/ld+json\" class=\"yoast-schema-graph\">{\"@context\":\"https:\/\/schema.org\",\"@graph\":[{\"@type\":\"WebPage\",\"@id\":\"https:\/\/www.ergovisual.com\/es\/mapa-del-sitio\/\",\"url\":\"https:\/\/www.ergovisual.com\/es\/mapa-del-sitio\/\",\"name\":\"Mapa del sitio - ErgoVisual\",\"isPartOf\":{\"@id\":\"https:\/\/www.ergovisual.com\/es\/#website\"},\"datePublished\":\"2020-03-02T11:02:39+00:00\",\"dateModified\":\"2023-01-17T00:17:16+00:00\",\"breadcrumb\":{\"@id\":\"https:\/\/www.ergovisual.com\/es\/mapa-del-sitio\/#breadcrumb\"},\"inLanguage\":\"es\",\"potentialAction\":[{\"@type\":\"ReadAction\",\"target\":[\"https:\/\/www.ergovisual.com\/es\/mapa-del-sitio\/\"]}]},{\"@type\":\"BreadcrumbList\",\"@id\":\"https:\/\/www.ergovisual.com\/es\/mapa-del-sitio\/#breadcrumb\",\"itemListElement\":[{\"@type\":\"ListItem\",\"position\":1,\"name\":\"Portada\",\"item\":\"https:\/\/www.ergovisual.com\/es\/\"},{\"@type\":\"ListItem\",\"position\":2,\"name\":\"Mapa del sitio\"}]},{\"@type\":\"WebSite\",\"@id\":\"https:\/\/www.ergovisual.com\/es\/#website\",\"url\":\"https:\/\/www.ergovisual.com\/es\/\",\"name\":\"ErgoVisual\",\"description\":\"Control Room Solutions\",\"publisher\":{\"@id\":\"https:\/\/www.ergovisual.com\/es\/#organization\"},\"potentialAction\":[{\"@type\":\"SearchAction\",\"target\":{\"@type\":\"EntryPoint\",\"urlTemplate\":\"https:\/\/www.ergovisual.com\/es\/?s={search_term_string}\"},\"query-input\":{\"@type\":\"PropertyValueSpecification\",\"valueRequired\":true,\"valueName\":\"search_term_string\"}}],\"inLanguage\":\"es\"},{\"@type\":\"Organization\",\"@id\":\"https:\/\/www.ergovisual.com\/es\/#organization\",\"name\":\"INTAM ERGOVISUAL SLU\",\"url\":\"https:\/\/www.ergovisual.com\/es\/\",\"logo\":{\"@type\":\"ImageObject\",\"inLanguage\":\"es\",\"@id\":\"https:\/\/www.ergovisual.com\/es\/#\/schema\/logo\/image\/\",\"url\":\"https:\/\/www.ergovisual.com\/wp-content\/uploads\/2022\/03\/logo-ergovisual.svg\",\"contentUrl\":\"https:\/\/www.ergovisual.com\/wp-content\/uploads\/2022\/03\/logo-ergovisual.svg\",\"caption\":\"INTAM ERGOVISUAL SLU\"},\"image\":{\"@id\":\"https:\/\/www.ergovisual.com\/es\/#\/schema\/logo\/image\/\"},\"sameAs\":[\"https:\/\/www.linkedin.com\/company\/ergovisual\"]}]}<\/script>\n<!-- \/ Yoast SEO plugin. -->","yoast_head_json":{"title":"Mapa del sitio - ErgoVisual","robots":{"index":"noindex","follow":"nofollow"},"og_locale":"es_ES","og_type":"article","og_title":"Mapa del sitio - ErgoVisual","og_url":"https:\/\/www.ergovisual.com\/es\/mapa-del-sitio\/","og_site_name":"ErgoVisual","article_modified_time":"2023-01-17T00:17:16+00:00","twitter_card":"summary_large_image","schema":{"@context":"https:\/\/schema.org","@graph":[{"@type":"WebPage","@id":"https:\/\/www.ergovisual.com\/es\/mapa-del-sitio\/","url":"https:\/\/www.ergovisual.com\/es\/mapa-del-sitio\/","name":"Mapa del sitio - ErgoVisual","isPartOf":{"@id":"https:\/\/www.ergovisual.com\/es\/#website"},"datePublished":"2020-03-02T11:02:39+00:00","dateModified":"2023-01-17T00:17:16+00:00","breadcrumb":{"@id":"https:\/\/www.ergovisual.com\/es\/mapa-del-sitio\/#breadcrumb"},"inLanguage":"es","potentialAction":[{"@type":"ReadAction","target":["https:\/\/www.ergovisual.com\/es\/mapa-del-sitio\/"]}]},{"@type":"BreadcrumbList","@id":"https:\/\/www.ergovisual.com\/es\/mapa-del-sitio\/#breadcrumb","itemListElement":[{"@type":"ListItem","position":1,"name":"Portada","item":"https:\/\/www.ergovisual.com\/es\/"},{"@type":"ListItem","position":2,"name":"Mapa del sitio"}]},{"@type":"WebSite","@id":"https:\/\/www.ergovisual.com\/es\/#website","url":"https:\/\/www.ergovisual.com\/es\/","name":"ErgoVisual","description":"Control Room Solutions","publisher":{"@id":"https:\/\/www.ergovisual.com\/es\/#organization"},"potentialAction":[{"@type":"SearchAction","target":{"@type":"EntryPoint","urlTemplate":"https:\/\/www.ergovisual.com\/es\/?s={search_term_string}"},"query-input":{"@type":"PropertyValueSpecification","valueRequired":true,"valueName":"search_term_string"}}],"inLanguage":"es"},{"@type":"Organization","@id":"https:\/\/www.ergovisual.com\/es\/#organization","name":"INTAM ERGOVISUAL SLU","url":"https:\/\/www.ergovisual.com\/es\/","logo":{"@type":"ImageObject","inLanguage":"es","@id":"https:\/\/www.ergovisual.com\/es\/#\/schema\/logo\/image\/","url":"https:\/\/www.ergovisual.com\/wp-content\/uploads\/2022\/03\/logo-ergovisual.svg","contentUrl":"https:\/\/www.ergovisual.com\/wp-content\/uploads\/2022\/03\/logo-ergovisual.svg","caption":"INTAM ERGOVISUAL SLU"},"image":{"@id":"https:\/\/www.ergovisual.com\/es\/#\/schema\/logo\/image\/"},"sameAs":["https:\/\/www.linkedin.com\/company\/ergovisual"]}]}},"_links":{"self":[{"href":"https:\/\/www.ergovisual.com\/es\/wp-json\/wp\/v2\/pages\/1905","targetHints":{"allow":["GET"]}}],"collection":[{"href":"https:\/\/www.ergovisual.com\/es\/wp-json\/wp\/v2\/pages"}],"about":[{"href":"https:\/\/www.ergovisual.com\/es\/wp-json\/wp\/v2\/types\/page"}],"author":[{"embeddable":true,"href":"https:\/\/www.ergovisual.com\/es\/wp-json\/wp\/v2\/users\/3"}],"replies":[{"embeddable":true,"href":"https:\/\/www.ergovisual.com\/es\/wp-json\/wp\/v2\/comments?post=1905"}],"version-history":[{"count":1,"href":"https:\/\/www.ergovisual.com\/es\/wp-json\/wp\/v2\/pages\/1905\/revisions"}],"predecessor-version":[{"id":6856,"href":"https:\/\/www.ergovisual.com\/es\/wp-json\/wp\/v2\/pages\/1905\/revisions\/6856"}],"wp:attachment":[{"href":"https:\/\/www.ergovisual.com\/es\/wp-json\/wp\/v2\/media?parent=1905"}],"curies":[{"name":"wp","href":"https:\/\/api.w.org\/{rel}","templated":true}]}}