{"id":1968,"date":"2020-03-02T18:14:26","date_gmt":"2020-03-02T17:14:26","guid":{"rendered":"http:\/\/www.ergovisual.com\/politica-de-cookies\/"},"modified":"2023-01-17T01:17:37","modified_gmt":"2023-01-17T00:17:37","slug":"politica-de-cookies","status":"publish","type":"page","link":"https:\/\/www.ergovisual.com\/es\/politica-de-cookies\/","title":{"rendered":"Pol\u00edtica de cookies"},"content":{"rendered":"\t\t<div data-elementor-type=\"wp-page\" data-elementor-id=\"1968\" class=\"elementor elementor-1968 elementor-1296\" data-elementor-settings=\"{&quot;ha_cmc_init_switcher&quot;:&quot;no&quot;}\" data-elementor-post-type=\"page\">\n\t\t\t\t\t\t<section class=\"elementor-section elementor-top-section elementor-element elementor-element-5942b604 elementor-section-boxed elementor-section-height-default elementor-section-height-default\" data-id=\"5942b604\" data-element_type=\"section\">\n\t\t\t\t\t\t\t<div class=\"elementor-background-overlay\"><\/div>\n\t\t\t\t\t\t\t<div class=\"elementor-container elementor-column-gap-default\">\n\t\t\t\t\t<div class=\"elementor-column elementor-col-100 elementor-top-column elementor-element elementor-element-6a06cc6e\" data-id=\"6a06cc6e\" data-element_type=\"column\">\n\t\t\t<div class=\"elementor-widget-wrap elementor-element-populated\">\n\t\t\t\t\t\t<div class=\"elementor-element elementor-element-473c370e elementor-widget elementor-widget-heading\" data-id=\"473c370e\" data-element_type=\"widget\" data-widget_type=\"heading.default\">\n\t\t\t\t<div class=\"elementor-widget-container\">\n\t\t\t\t\t<h1 class=\"elementor-heading-title elementor-size-default\">Pol\u00edtica de cookies<\/h1>\t\t\t\t<\/div>\n\t\t\t\t<\/div>\n\t\t\t\t<div class=\"elementor-element elementor-element-543ea elementor-widget-divider--separator-type-pattern elementor-widget-divider--view-line elementor-widget elementor-widget-divider\" data-id=\"543ea\" data-element_type=\"widget\" data-widget_type=\"divider.default\">\n\t\t\t\t<div class=\"elementor-widget-container\">\n\t\t\t\t\t\t\t<div class=\"elementor-divider\" style=\"--divider-pattern-url: url(&quot;data:image\/svg+xml,%3Csvg xmlns=&#039;http:\/\/www.w3.org\/2000\/svg&#039; preserveAspectRatio=&#039;none&#039; overflow=&#039;visible&#039; height=&#039;100%&#039; viewBox=&#039;0 0 20 16&#039; fill=&#039;none&#039; stroke=&#039;black&#039; stroke-width=&#039;1&#039; stroke-linecap=&#039;square&#039; stroke-miterlimit=&#039;10&#039;%3E%3Cg transform=&#039;translate(-12.000000, 0)&#039;%3E%3Cpath d=&#039;M28,0L10,18&#039;\/%3E%3Cpath d=&#039;M18,0L0,18&#039;\/%3E%3Cpath d=&#039;M48,0L30,18&#039;\/%3E%3Cpath d=&#039;M38,0L20,18&#039;\/%3E%3C\/g%3E%3C\/svg%3E&quot;);\">\n\t\t\t<span class=\"elementor-divider-separator\">\n\t\t\t\t\t\t<\/span>\n\t\t<\/div>\n\t\t\t\t\t\t<\/div>\n\t\t\t\t<\/div>\n\t\t\t\t<div class=\"elementor-element elementor-element-54758d8d elementor-widget elementor-widget-text-editor\" data-id=\"54758d8d\" data-element_type=\"widget\" data-widget_type=\"text-editor.default\">\n\t\t\t\t<div class=\"elementor-widget-container\">\n\t\t\t\t\t\t\t\t\t<p>En la web www.ergovisual.com utilizamos cookies para facilitar la relaci\u00f3n de los visitantes con nuestro contenido y para permitir elaborar estad\u00edsticas sobre las visitantes que recibimos.<\/p>\n\t\t\t\t\t\t\t\t<\/div>\n\t\t\t\t<\/div>\n\t\t\t\t<div class=\"elementor-element elementor-element-e3da979 elementor-widget elementor-widget-text-editor\" data-id=\"e3da979\" data-element_type=\"widget\" data-widget_type=\"text-editor.default\">\n\t\t\t\t<div class=\"elementor-widget-container\">\n\t\t\t\t\t\t\t\t\t<p>En cumplimiento de la Directiva 2009\/136\/CE, desarrollada en nuestro ordenamiento por el apartado segundo del art\u00edculo 22 de la Ley de Servicios de Sociedad de la Informaci\u00f3n, siguiendo las directrices de la Agencia Espa\u00f1ola de Protecci\u00f3n de Datos, procedemos a informarle detalladamente del uso que se realiza en nuestra web.<\/p>\n\t\t\t\t\t\t\t\t<\/div>\n\t\t\t\t<\/div>\n\t\t\t\t<div class=\"elementor-element elementor-element-2b70d7ef elementor-widget elementor-widget-text-editor\" data-id=\"2b70d7ef\" data-element_type=\"widget\" data-widget_type=\"text-editor.default\">\n\t\t\t\t<div class=\"elementor-widget-container\">\n\t\t\t\t\t\t\t\t\t<p>Se denominan cookies a unos peque\u00f1os archivos que se graban en el navegador utilizado por cada visitante de nuestra web para que el servidor pueda recordar la visita de ese usuario con posterioridad cuando vuelva a acceder a nuestros contenidos. Esta informaci\u00f3n no revela su identidad, ni dato personal alguno, ni accede al contenido almacenado en su pc, pero s\u00ed que permite a nuestro sistema identificarle a usted como un usuario determinado que ya visit\u00f3 la web con anterioridad, visualiz\u00f3 determinadas p\u00e1ginas, etc. y adem\u00e1s permite guardar sus preferencias personales e informaci\u00f3n t\u00e9cnica como por ejemplo las visitas realizadas o p\u00e1ginas concretas que visite.<\/p>\n\t\t\t\t\t\t\t\t<\/div>\n\t\t\t\t<\/div>\n\t\t\t\t<div class=\"elementor-element elementor-element-5a1a2678 elementor-widget elementor-widget-text-editor\" data-id=\"5a1a2678\" data-element_type=\"widget\" data-widget_type=\"text-editor.default\">\n\t\t\t\t<div class=\"elementor-widget-container\">\n\t\t\t\t\t\t\t\t\t<p>La finalidad de las cookies es la de facilitar al Usuario un acceso m\u00e1s r\u00e1pido a los Servicios seleccionados.<\/p>\n\t\t\t\t\t\t\t\t<\/div>\n\t\t\t\t<\/div>\n\t\t\t\t<div class=\"elementor-element elementor-element-6fe18454 elementor-widget elementor-widget-text-editor\" data-id=\"6fe18454\" data-element_type=\"widget\" data-widget_type=\"text-editor.default\">\n\t\t\t\t<div class=\"elementor-widget-container\">\n\t\t\t\t\t\t\t\t\t<p>Si no desea que se guarden cookies en su navegador o prefiere recibir una informaci\u00f3n cada vez que una cookie solicite instalarse, puede configurar sus opciones de navegaci\u00f3n para que se haga de esa forma. La mayor parte de los navegadores permiten la gesti\u00f3n de las cookies de 3 formas diferentes:<\/p>\n<ul>\n<li>Las cookies son siempre rechazadas.<\/li>\n<li>El navegador pregunta si el usuario desea instalar cada cookie.<\/li>\n<li>Las cookies son siempre aceptadas.<\/li>\n<\/ul>\n\t\t\t\t\t\t\t\t<\/div>\n\t\t\t\t<\/div>\n\t\t\t\t<div class=\"elementor-element elementor-element-30d0e385 elementor-widget elementor-widget-text-editor\" data-id=\"30d0e385\" data-element_type=\"widget\" data-widget_type=\"text-editor.default\">\n\t\t\t\t<div class=\"elementor-widget-container\">\n\t\t\t\t\t\t\t\t\t<p>Su navegador tambi\u00e9n puede incluir la posibilidad de seleccionar con detalle las cookies que desea que se instalen en su ordenador. En concreto, el usuario puede normalmente aceptar alguna de las siguientes opciones:<\/p>\n<ul>\n<li>Rechazar las cookies de determinados dominios.<\/li>\n<li>Rechazar las cookies de terceros.<\/li>\n<li>aceptar cookies como no persistentes (se eliminan cuando el navegador se cierra).<\/li>\n<li>permitir al servidor crear cookies para un dominio diferente.<\/li>\n<\/ul>\n\t\t\t\t\t\t\t\t<\/div>\n\t\t\t\t<\/div>\n\t\t\t\t<div class=\"elementor-element elementor-element-1e3be60 elementor-widget elementor-widget-text-editor\" data-id=\"1e3be60\" data-element_type=\"widget\" data-widget_type=\"text-editor.default\">\n\t\t\t\t<div class=\"elementor-widget-container\">\n\t\t\t\t\t\t\t\t\t<p><strong>Para permitir, conocer, bloquear o eliminar las cookies instaladas en su equipo puede hacerlo mediante la configuraci\u00f3n de las opciones del navegador instalado en su ordenador.<\/strong><\/p>\n\t\t\t\t\t\t\t\t<\/div>\n\t\t\t\t<\/div>\n\t\t\t\t<div class=\"elementor-element elementor-element-6142b2e6 elementor-widget elementor-widget-text-editor\" data-id=\"6142b2e6\" data-element_type=\"widget\" data-widget_type=\"text-editor.default\">\n\t\t\t\t<div class=\"elementor-widget-container\">\n\t\t\t\t\t\t\t\t\t<p>Puede encontrar informaci\u00f3n sobre c\u00f3mo configurar los navegadores m\u00e1s usados en las siguientes ubicaciones:<\/p>\n\t\t\t\t\t\t\t\t<\/div>\n\t\t\t\t<\/div>\n\t\t\t\t<div class=\"elementor-element elementor-element-9041272 elementor-widget elementor-widget-text-editor\" data-id=\"9041272\" data-element_type=\"widget\" data-widget_type=\"text-editor.default\">\n\t\t\t\t<div class=\"elementor-widget-container\">\n\t\t\t\t\t\t\t\t\t<ul>\n<li><strong>Internet Explorer<\/strong>:\n<ul>\n<li>Herramientas -> Opciones de Internet -> Privacidad -> Configuraci\u00f3n. Para m\u00e1s informaci\u00f3n, puede consultar el <a href=\"https:\/\/support.microsoft.com\/es-es\" target=\"_blank\" rel=\"noopener\">Microsoft support<\/a> o la Ayuda del navegador.<\/li>\n<\/ul>\n<\/li>\n<li><strong>Firefox<\/strong>:\n<ul>\n<li> Herramientas -> Opciones -> Privacidad -> Historial -> Configuraci\u00f3n Personalizada. Para m\u00e1s informaci\u00f3n, puede consultar el  <a href=\"https:\/\/support.mozilla.org\/es\/\" target=\"_blank\" rel=\"noopener\">Mozilla support<\/a> o la Ayuda del navegador.<\/li>\n<\/ul>\n<\/li>\n<li><strong>Chrome<\/strong>:\n<ul>\n<li> Configuraci\u00f3n -> Mostrar opciones avanzadas -> Privacidad -> Configuraci\u00f3n de contenido. Para m\u00e1s informaci\u00f3n, puede consultar el <a href=\"https:\/\/support.google.com\/\" target=\"_blank\" rel=\"noopener\">Google support<\/a> o la Ayuda del navegador.<\/li>\n<\/ul>\n<\/li>\n<li><strong>Safari<\/strong>:\n<ul>\n<li> Preferencias -> Seguridad. Para m\u00e1s informaci\u00f3n, puede consultar el <a href=\"https:\/\/support.apple.com\/es-es\" target=\"_blank\" rel=\"noopener\">Apple support<\/a> o la Ayuda del navegador.<\/li>\n<\/ul>\n<\/li>\n<\/ul>\n\t\t\t\t\t\t\t\t<\/div>\n\t\t\t\t<\/div>\n\t\t\t\t<div class=\"elementor-element elementor-element-6d75169c elementor-widget elementor-widget-text-editor\" data-id=\"6d75169c\" data-element_type=\"widget\" data-widget_type=\"text-editor.default\">\n\t\t\t\t<div class=\"elementor-widget-container\">\n\t\t\t\t\t\t\t\t\t<p>Respecto de las cookies de terceros, es decir aquellas que son ajenas a nuestro sitio web, no podemos hacernos responsables del contenido y veracidad de las pol\u00edticas de privacidad que ellos incluyen por lo que la informaci\u00f3n que le ofrecemos es siempre con referencia a la fuente.<\/p>\n\t\t\t\t\t\t\t\t<\/div>\n\t\t\t\t<\/div>\n\t\t\t\t<div class=\"elementor-element elementor-element-7d737db0 elementor-widget elementor-widget-text-editor\" data-id=\"7d737db0\" data-element_type=\"widget\" data-widget_type=\"text-editor.default\">\n\t\t\t\t<div class=\"elementor-widget-container\">\n\t\t\t\t\t\t\t\t\t<p>A continuaci\u00f3n le informamos detalladamente de las cookies que pueden instalarse desde nuestro sitio web. En funci\u00f3n de su navegaci\u00f3n podr\u00e1n instalarse todas o s\u00f3lo algunas de ellas.<\/p>\n\t\t\t\t\t\t\t\t<\/div>\n\t\t\t\t<\/div>\n\t\t\t\t<div class=\"elementor-element elementor-element-766eab64 elementor-widget elementor-widget-shortcode\" data-id=\"766eab64\" data-element_type=\"widget\" data-widget_type=\"shortcode.default\">\n\t\t\t\t<div class=\"elementor-widget-container\">\n\t\t\t\t\t\t\t<div class=\"elementor-shortcode\"><table class=\"cookielawinfo-row-cat-table cookielawinfo-classic\"><thead><tr><th class=\"cookielawinfo-column-1\">Cookie<\/th><th class=\"cookielawinfo-column-2\">Tipo<\/th><th class=\"cookielawinfo-column-3\">Duraci\u00f3n<\/th><th class=\"cookielawinfo-column-4\">Descripci\u00f3n<\/th><\/tr><\/thead><tbody><tr class=\"cookielawinfo-row\"><td class=\"cookielawinfo-column-1\">CloudFlare . ( __cfduid )<\/td><td class=\"cookielawinfo-column-2\">Propia persistente<\/td><td class=\"cookielawinfo-column-3\">5 A\u00f1os<\/td><td class=\"cookielawinfo-column-4\">El servicio CloudFlare configura la cookie \"__cfduid\" para identificar el tr\u00e1fico web confiable. No corresponde a ninguna identificaci\u00f3n de usuario en la aplicaci\u00f3n web, ni guarda ninguna informaci\u00f3n de identificaci\u00f3n personal.\r\n<a href=\"https:\/\/support.cloudflare.com\/hc\/en-us\/articles\/200170156-What-does-the-CloudFlare-cfduid-cookie-do-\" target=\"_blank\" rel=\"noopener noreferrer\">Support cloudflare<\/a><\/td><\/tr><tr class=\"cookielawinfo-row\"><td class=\"cookielawinfo-column-1\">cookielawinfo-checkbox-necessary<\/td><td class=\"cookielawinfo-column-2\">Sesi\u00f3n<\/td><td class=\"cookielawinfo-column-3\">11 meses<\/td><td class=\"cookielawinfo-column-4\"><span class=\"tlid-translation translation\" lang=\"es\"><span class=\"\" title=\"\">Utilizado para la aceptaci\u00f3n de las cookies necesarias.<\/span>\r\n<span class=\"\" title=\"\">Utilizado por el complemento GDPR Cookie Consent.<\/span> <span class=\"\" title=\"\">M\u00e1s informaci\u00f3n:<\/span><\/span> <a href=\"https:\/\/wordpress.org\/plugins\/cookie-law-info\/\" target=\"_blank\" rel=\"noopener noreferrer\">Cookie info<\/a><\/td><\/tr><tr class=\"cookielawinfo-row\"><td class=\"cookielawinfo-column-1\">cookielawinfo-checkbox-non-necessary<\/td><td class=\"cookielawinfo-column-2\">Sesi\u00f3n<\/td><td class=\"cookielawinfo-column-3\">30 minutos<\/td><td class=\"cookielawinfo-column-4\"><span class=\"tlid-translation translation\" lang=\"es\"><span class=\"\" title=\"\">T\u00e9cnica y estrictamente necesaria que contiene el valor de \"SI\" de la pol\u00edtica de cookies y privacidad ha sido aceptada<\/span><\/span><\/td><\/tr><tr class=\"cookielawinfo-row\"><td class=\"cookielawinfo-column-1\">Google Analytics . ( _ga )<\/td><td class=\"cookielawinfo-column-2\">Persistente Propio<\/td><td class=\"cookielawinfo-column-3\">2 a\u00f1os<\/td><td class=\"cookielawinfo-column-4\"><span class=\"tlid-translation translation\" lang=\"es\"><span class=\"\" title=\"\">Se utiliza para distinguir a los usuarios.<\/span><\/span><\/td><\/tr><tr class=\"cookielawinfo-row\"><td class=\"cookielawinfo-column-1\">Google Analytics . ( _gat )<\/td><td class=\"cookielawinfo-column-2\">Persistente de terceros<\/td><td class=\"cookielawinfo-column-3\">10 minutos<\/td><td class=\"cookielawinfo-column-4\"><span class=\"tlid-translation translation\" lang=\"es\"><span class=\"\" title=\"\">Se usa para conocer la tasa de recarga<\/span><\/span><\/td><\/tr><tr class=\"cookielawinfo-row\"><td class=\"cookielawinfo-column-1\">Google Analytics . ( _gid )<\/td><td class=\"cookielawinfo-column-2\">Persistente de terceros<\/td><td class=\"cookielawinfo-column-3\">24 horas<\/td><td class=\"cookielawinfo-column-4\"><span class=\"tlid-translation translation\" lang=\"es\"><span class=\"\" title=\"\">Registra una identificaci\u00f3n \u00fanica que se utiliza para generar datos estad\u00edsticos sobre c\u00f3mo el visitante que utiliza el sitio web.<\/span><\/span><\/td><\/tr><tr class=\"cookielawinfo-row\"><td class=\"cookielawinfo-column-1\">viewed_cookie_policy<\/td><td class=\"cookielawinfo-column-2\">Sesi\u00f3n<\/td><td class=\"cookielawinfo-column-3\">1 A\u00f1o<\/td><td class=\"cookielawinfo-column-4\"><span class=\"tlid-translation translation\" lang=\"es\"><span class=\"\" title=\"\">T\u00e9cnica y estrictamente necesario que contiene el valor de \"SI\" la pol\u00edtica de cooikes y privacidad ha sido aceptada<\/span><\/span><\/td><\/tr><tr class=\"cookielawinfo-row\"><td class=\"cookielawinfo-column-1\">wordpress_test_cookie<\/td><td class=\"cookielawinfo-column-2\">Sesi\u00f3n<\/td><td class=\"cookielawinfo-column-3\">--<\/td><td class=\"cookielawinfo-column-4\"><span class=\"tlid-translation translation\" lang=\"es\"><span class=\"\" title=\"\">Esta cookie se usa para que el administrador de contenido de WordPress verifique si el navegador tiene habilitadas las cookies.<\/span><\/span><\/td><\/tr><tr class=\"cookielawinfo-row\"><td class=\"cookielawinfo-column-1\">wp-settings-3<\/td><td class=\"cookielawinfo-column-2\">Sesi\u00f3n<\/td><td class=\"cookielawinfo-column-3\">--<\/td><td class=\"cookielawinfo-column-4\"><div class=\"source-header\">\r\n<div class=\"clear-wrap\"><span class=\"tlid-translation translation\" lang=\"es\"><span title=\"\">Son cookies propias del sistema del sitio web.<\/span> <span class=\"\" title=\"\">Estas cookies se utilizan para verificar qui\u00e9n es usted y si ya ha iniciado sesi\u00f3n en el sitio web o no<\/span><\/span><\/div>\r\n<\/div><\/td><\/tr><tr class=\"cookielawinfo-row\"><td class=\"cookielawinfo-column-1\">wp-settings-time-3<\/td><td class=\"cookielawinfo-column-2\">Sesi\u00f3n<\/td><td class=\"cookielawinfo-column-3\">--<\/td><td class=\"cookielawinfo-column-4\"><span class=\"tlid-translation translation\" lang=\"es\"><span title=\"\">Son cookies propias del sistema del sitio web.<\/span> <span class=\"\" title=\"\">Estas cookies se utilizan para verificar qui\u00e9n es usted y si ya ha iniciado sesi\u00f3n en el sitio web o no<\/span><\/span><\/td><\/tr><tr class=\"cookielawinfo-row\"><td class=\"cookielawinfo-column-1\">wp-wpml_current_admin_language_d41d8cd98f00b204e9800998ecf8427e<\/td><td class=\"cookielawinfo-column-2\">de terceros<\/td><td class=\"cookielawinfo-column-3\">1 A\u00f1o<\/td><td class=\"cookielawinfo-column-4\"><span class=\"tlid-translation translation\" lang=\"es\"><span class=\"\" title=\"\">Se utiliza para personalizar la interfaz de usuario.<\/span><\/span><\/td><\/tr><tr class=\"cookielawinfo-row\"><td class=\"cookielawinfo-column-1\">wp-wpml_current_language<\/td><td class=\"cookielawinfo-column-2\">de terceros<\/td><td class=\"cookielawinfo-column-3\">1 A\u00f1o<\/td><td class=\"cookielawinfo-column-4\"><span class=\"tlid-translation translation\" lang=\"es\"><span class=\"\" title=\"\">Se utiliza para personalizar la interfaz de usuario.<\/span><\/span><\/td><\/tr><\/tbody><\/table><\/div>\n\t\t\t\t\t\t<\/div>\n\t\t\t\t<\/div>\n\t\t\t\t<div class=\"elementor-element elementor-element-45a38bf0 elementor-widget elementor-widget-text-editor\" data-id=\"45a38bf0\" data-element_type=\"widget\" data-widget_type=\"text-editor.default\">\n\t\t\t\t<div class=\"elementor-widget-container\">\n\t\t\t\t\t\t\t\t\t<p>Se puede modificar esta Pol\u00edtica de Cookies en funci\u00f3n de exigencias legislativas, reglamentarias, o con la finalidad de adaptar dicha pol\u00edtica a las instrucciones dictadas por la Agencia Espa\u00f1ola de Protecci\u00f3n de Datos, por ello se aconseja a los Usuarios que la visiten peri\u00f3dicamente.<\/p>\n\t\t\t\t\t\t\t\t<\/div>\n\t\t\t\t<\/div>\n\t\t\t\t<div class=\"elementor-element elementor-element-464dbd09 elementor-widget elementor-widget-text-editor\" data-id=\"464dbd09\" data-element_type=\"widget\" data-widget_type=\"text-editor.default\">\n\t\t\t\t<div class=\"elementor-widget-container\">\n\t\t\t\t\t\t\t\t\t<p>Cuando se produzcan cambios significativos en esta Pol\u00edtica de Cookies, se comunicar\u00e1n a los Usuarios bien mediante la web o a trav\u00e9s de correo electr\u00f3nico a los Usuarios registrados.<\/p>\n\t\t\t\t\t\t\t\t<\/div>\n\t\t\t\t<\/div>\n\t\t\t\t\t<\/div>\n\t\t<\/div>\n\t\t\t\t\t<\/div>\n\t\t<\/section>\n\t\t\t\t<\/div>\n\t\t","protected":false},"excerpt":{"rendered":"<p>Pol\u00edtica de cookies En la web www.ergovisual.com utilizamos cookies para facilitar la relaci\u00f3n de los visitantes con nuestro contenido y para permitir elaborar estad\u00edsticas sobre las visitantes que recibimos. En cumplimiento de la Directiva 2009\/136\/CE, desarrollada en nuestro ordenamiento por el apartado segundo del art\u00edculo 22 de la Ley de Servicios de Sociedad de la [&hellip;]<\/p>\n","protected":false},"author":3,"featured_media":0,"parent":0,"menu_order":0,"comment_status":"closed","ping_status":"closed","template":"elementor_header_footer","meta":{"footnotes":""},"class_list":["post-1968","page","type-page","status-publish","hentry"],"yoast_head":"<!-- This site is optimized with the Yoast SEO plugin v26.1.1 - https:\/\/yoast.com\/wordpress\/plugins\/seo\/ -->\n<title>Pol\u00edtica de cookies - ErgoVisual<\/title>\n<meta name=\"robots\" content=\"noindex, nofollow\" \/>\n<meta property=\"og:locale\" content=\"es_ES\" \/>\n<meta property=\"og:type\" content=\"article\" \/>\n<meta property=\"og:title\" content=\"Pol\u00edtica de cookies - ErgoVisual\" \/>\n<meta property=\"og:description\" content=\"Pol\u00edtica de cookies En la web www.ergovisual.com utilizamos cookies para facilitar la relaci\u00f3n de los visitantes con nuestro contenido y para permitir elaborar estad\u00edsticas sobre las visitantes que recibimos. En cumplimiento de la Directiva 2009\/136\/CE, desarrollada en nuestro ordenamiento por el apartado segundo del art\u00edculo 22 de la Ley de Servicios de Sociedad de la [&hellip;]\" \/>\n<meta property=\"og:url\" content=\"https:\/\/www.ergovisual.com\/es\/politica-de-cookies\/\" \/>\n<meta property=\"og:site_name\" content=\"ErgoVisual\" \/>\n<meta property=\"article:modified_time\" content=\"2023-01-17T00:17:37+00:00\" \/>\n<meta name=\"twitter:card\" content=\"summary_large_image\" \/>\n<meta name=\"twitter:label1\" content=\"Tiempo de lectura\" \/>\n\t<meta name=\"twitter:data1\" content=\"3 minutos\" \/>\n<script type=\"application\/ld+json\" class=\"yoast-schema-graph\">{\"@context\":\"https:\/\/schema.org\",\"@graph\":[{\"@type\":\"WebPage\",\"@id\":\"https:\/\/www.ergovisual.com\/es\/politica-de-cookies\/\",\"url\":\"https:\/\/www.ergovisual.com\/es\/politica-de-cookies\/\",\"name\":\"Pol\u00edtica de cookies - ErgoVisual\",\"isPartOf\":{\"@id\":\"https:\/\/www.ergovisual.com\/es\/#website\"},\"datePublished\":\"2020-03-02T17:14:26+00:00\",\"dateModified\":\"2023-01-17T00:17:37+00:00\",\"breadcrumb\":{\"@id\":\"https:\/\/www.ergovisual.com\/es\/politica-de-cookies\/#breadcrumb\"},\"inLanguage\":\"es\",\"potentialAction\":[{\"@type\":\"ReadAction\",\"target\":[\"https:\/\/www.ergovisual.com\/es\/politica-de-cookies\/\"]}]},{\"@type\":\"BreadcrumbList\",\"@id\":\"https:\/\/www.ergovisual.com\/es\/politica-de-cookies\/#breadcrumb\",\"itemListElement\":[{\"@type\":\"ListItem\",\"position\":1,\"name\":\"Portada\",\"item\":\"https:\/\/www.ergovisual.com\/es\/\"},{\"@type\":\"ListItem\",\"position\":2,\"name\":\"Pol\u00edtica de cookies\"}]},{\"@type\":\"WebSite\",\"@id\":\"https:\/\/www.ergovisual.com\/es\/#website\",\"url\":\"https:\/\/www.ergovisual.com\/es\/\",\"name\":\"ErgoVisual\",\"description\":\"Control Room Solutions\",\"publisher\":{\"@id\":\"https:\/\/www.ergovisual.com\/es\/#organization\"},\"potentialAction\":[{\"@type\":\"SearchAction\",\"target\":{\"@type\":\"EntryPoint\",\"urlTemplate\":\"https:\/\/www.ergovisual.com\/es\/?s={search_term_string}\"},\"query-input\":{\"@type\":\"PropertyValueSpecification\",\"valueRequired\":true,\"valueName\":\"search_term_string\"}}],\"inLanguage\":\"es\"},{\"@type\":\"Organization\",\"@id\":\"https:\/\/www.ergovisual.com\/es\/#organization\",\"name\":\"INTAM ERGOVISUAL SLU\",\"url\":\"https:\/\/www.ergovisual.com\/es\/\",\"logo\":{\"@type\":\"ImageObject\",\"inLanguage\":\"es\",\"@id\":\"https:\/\/www.ergovisual.com\/es\/#\/schema\/logo\/image\/\",\"url\":\"https:\/\/www.ergovisual.com\/wp-content\/uploads\/2022\/03\/logo-ergovisual.svg\",\"contentUrl\":\"https:\/\/www.ergovisual.com\/wp-content\/uploads\/2022\/03\/logo-ergovisual.svg\",\"caption\":\"INTAM ERGOVISUAL SLU\"},\"image\":{\"@id\":\"https:\/\/www.ergovisual.com\/es\/#\/schema\/logo\/image\/\"},\"sameAs\":[\"https:\/\/www.linkedin.com\/company\/ergovisual\"]}]}<\/script>\n<!-- \/ Yoast SEO plugin. -->","yoast_head_json":{"title":"Pol\u00edtica de cookies - ErgoVisual","robots":{"index":"noindex","follow":"nofollow"},"og_locale":"es_ES","og_type":"article","og_title":"Pol\u00edtica de cookies - ErgoVisual","og_description":"Pol\u00edtica de cookies En la web www.ergovisual.com utilizamos cookies para facilitar la relaci\u00f3n de los visitantes con nuestro contenido y para permitir elaborar estad\u00edsticas sobre las visitantes que recibimos. En cumplimiento de la Directiva 2009\/136\/CE, desarrollada en nuestro ordenamiento por el apartado segundo del art\u00edculo 22 de la Ley de Servicios de Sociedad de la [&hellip;]","og_url":"https:\/\/www.ergovisual.com\/es\/politica-de-cookies\/","og_site_name":"ErgoVisual","article_modified_time":"2023-01-17T00:17:37+00:00","twitter_card":"summary_large_image","twitter_misc":{"Tiempo de lectura":"3 minutos"},"schema":{"@context":"https:\/\/schema.org","@graph":[{"@type":"WebPage","@id":"https:\/\/www.ergovisual.com\/es\/politica-de-cookies\/","url":"https:\/\/www.ergovisual.com\/es\/politica-de-cookies\/","name":"Pol\u00edtica de cookies - ErgoVisual","isPartOf":{"@id":"https:\/\/www.ergovisual.com\/es\/#website"},"datePublished":"2020-03-02T17:14:26+00:00","dateModified":"2023-01-17T00:17:37+00:00","breadcrumb":{"@id":"https:\/\/www.ergovisual.com\/es\/politica-de-cookies\/#breadcrumb"},"inLanguage":"es","potentialAction":[{"@type":"ReadAction","target":["https:\/\/www.ergovisual.com\/es\/politica-de-cookies\/"]}]},{"@type":"BreadcrumbList","@id":"https:\/\/www.ergovisual.com\/es\/politica-de-cookies\/#breadcrumb","itemListElement":[{"@type":"ListItem","position":1,"name":"Portada","item":"https:\/\/www.ergovisual.com\/es\/"},{"@type":"ListItem","position":2,"name":"Pol\u00edtica de cookies"}]},{"@type":"WebSite","@id":"https:\/\/www.ergovisual.com\/es\/#website","url":"https:\/\/www.ergovisual.com\/es\/","name":"ErgoVisual","description":"Control Room Solutions","publisher":{"@id":"https:\/\/www.ergovisual.com\/es\/#organization"},"potentialAction":[{"@type":"SearchAction","target":{"@type":"EntryPoint","urlTemplate":"https:\/\/www.ergovisual.com\/es\/?s={search_term_string}"},"query-input":{"@type":"PropertyValueSpecification","valueRequired":true,"valueName":"search_term_string"}}],"inLanguage":"es"},{"@type":"Organization","@id":"https:\/\/www.ergovisual.com\/es\/#organization","name":"INTAM ERGOVISUAL SLU","url":"https:\/\/www.ergovisual.com\/es\/","logo":{"@type":"ImageObject","inLanguage":"es","@id":"https:\/\/www.ergovisual.com\/es\/#\/schema\/logo\/image\/","url":"https:\/\/www.ergovisual.com\/wp-content\/uploads\/2022\/03\/logo-ergovisual.svg","contentUrl":"https:\/\/www.ergovisual.com\/wp-content\/uploads\/2022\/03\/logo-ergovisual.svg","caption":"INTAM ERGOVISUAL SLU"},"image":{"@id":"https:\/\/www.ergovisual.com\/es\/#\/schema\/logo\/image\/"},"sameAs":["https:\/\/www.linkedin.com\/company\/ergovisual"]}]}},"_links":{"self":[{"href":"https:\/\/www.ergovisual.com\/es\/wp-json\/wp\/v2\/pages\/1968","targetHints":{"allow":["GET"]}}],"collection":[{"href":"https:\/\/www.ergovisual.com\/es\/wp-json\/wp\/v2\/pages"}],"about":[{"href":"https:\/\/www.ergovisual.com\/es\/wp-json\/wp\/v2\/types\/page"}],"author":[{"embeddable":true,"href":"https:\/\/www.ergovisual.com\/es\/wp-json\/wp\/v2\/users\/3"}],"replies":[{"embeddable":true,"href":"https:\/\/www.ergovisual.com\/es\/wp-json\/wp\/v2\/comments?post=1968"}],"version-history":[{"count":1,"href":"https:\/\/www.ergovisual.com\/es\/wp-json\/wp\/v2\/pages\/1968\/revisions"}],"predecessor-version":[{"id":6857,"href":"https:\/\/www.ergovisual.com\/es\/wp-json\/wp\/v2\/pages\/1968\/revisions\/6857"}],"wp:attachment":[{"href":"https:\/\/www.ergovisual.com\/es\/wp-json\/wp\/v2\/media?parent=1968"}],"curies":[{"name":"wp","href":"https:\/\/api.w.org\/{rel}","templated":true}]}}