{"id":6706,"date":"2022-12-10T21:28:56","date_gmt":"2022-12-10T20:28:56","guid":{"rendered":"https:\/\/www.ergovisual.com\/?page_id=6706"},"modified":"2025-06-19T14:15:44","modified_gmt":"2025-06-19T12:15:44","slug":"soluciones-enfocadas-a-sistemas-videowall","status":"publish","type":"page","link":"https:\/\/www.ergovisual.com\/es\/soluciones-enfocadas-a-sistemas-videowall\/","title":{"rendered":"Videowall"},"content":{"rendered":"<h2>Videowall<\/h2>\n<p>Dentro del cat\u00e1logo completo de soluciones para los espacios de trabajo, contamos con soportes y estructuras destinadas al encaje del videowall y pantallas de gran formato. Este tipo de tecnolog\u00eda se ha convertido en un elemento habitual en muchos espacios corporativas, como las oficinas, salas de reuni\u00f3n o centros de control. Especialmente en aquellos entornos de misi\u00f3n cr\u00edtica \u2013 salas y centros de control, centros de emergencia, etc. \u2013 con una actividad ininterrumpida donde el procesamiento de informaci\u00f3n es vital para la operaci\u00f3n de la instalaci\u00f3n.<\/p>\n<p>En estos casos, el videowall se convierte en un elemento clave en la actividad y la interacci\u00f3n del operador en sus tareas. Por ello, es clave que la sala o el espacio de trabajo procure la mejor visualizaci\u00f3n posible de las pantallas. Desde Ergovisual ponemos al alcance del cliente un amplio abanico de soportes y estructuras videowall que contribuya a la mejora de la operativa en el puesto de trabajo.<\/p>\n<h6>Videowall<\/h6>\n<h2>Gran Pantalla<\/h2>\n<p>Dentro de nuestro cat\u00e1logo de soluciones enfocadas a los videowall contamos con estructuras de soporte destinadas al acomodo de todo tipo de pantallas, independientemente del formato y la carga, creando todo tipo de configuraciones.<br \/>Estos sistemas est\u00e1n compuestos por columnas met\u00e1licas que permiten la uni\u00f3n de railes en horizontal para el posterior anclaje de las pantallas \u2013 incluyendo monitores de gran formato. La estructura est\u00e1 disponible en diferentes versiones seg\u00fan el tipo de esquema a configurar o acorde con el dise\u00f1o de la sala. Entre las opciones, existen las columnas con base al suelo, as\u00ed como la posibilidad de anclar el soporte a la pared.<br \/>El tipo de construcci\u00f3n habilita, adem\u00e1s, para crear configuraciones rectas, as\u00ed como tambi\u00e9n en formato curvo, a\u00f1adiendo monitores seg\u00fan precise la instalaci\u00f3n.<br \/>Entre sus propiedades, la estructura brinda el suficiente espacio para habilitar el acceso y el mantenimiento sin afectaciones mayores a la operaci\u00f3n habitual de la sala. Asimismo, el sistema formado por las columnas y las gu\u00edas de soporte permiten una gesti\u00f3n ordenada y privada del cableado desde los puntos de conexi\u00f3n hasta los monitores desplegados.<\/p>\n<p>\t\t\t\t\t\t\t<a href=\"https:\/\/www.ergovisual.com\/wp-content\/uploads\/2022\/12\/Videowall-GP3.jpg\" data-elementor-open-lightbox=\"yes\" data-elementor-lightbox-slideshow=\"all-635d4d69\" data-elementor-lightbox-title=\"Videowall-GP3\" data-e-action-hash=\"#elementor-action%3Aaction%3Dlightbox%26settings%3DeyJpZCI6NjcxNCwidXJsIjoiaHR0cHM6XC9cL3d3dy5lcmdvdmlzdWFsLmNvbVwvd3AtY29udGVudFwvdXBsb2Fkc1wvMjAyMlwvMTJcL1ZpZGVvd2FsbC1HUDMuanBnIiwic2xpZGVzaG93IjoiYWxsLTYzNWQ0ZDY5In0%3D\"><br \/>\n\t\t\t\t\t\t\t\t\t\t\t\t\t\t<\/a><br \/>\n\t\t\t\t\t\t\t<a href=\"https:\/\/www.ergovisual.com\/wp-content\/uploads\/2023\/01\/Videowall-GP4.jpg\" data-elementor-open-lightbox=\"yes\" data-elementor-lightbox-slideshow=\"all-635d4d69\" data-elementor-lightbox-title=\"Videowall-GP4\" data-e-action-hash=\"#elementor-action%3Aaction%3Dlightbox%26settings%3DeyJpZCI6NjgxNSwidXJsIjoiaHR0cHM6XC9cL3d3dy5lcmdvdmlzdWFsLmNvbVwvd3AtY29udGVudFwvdXBsb2Fkc1wvMjAyM1wvMDFcL1ZpZGVvd2FsbC1HUDQuanBnIiwic2xpZGVzaG93IjoiYWxsLTYzNWQ0ZDY5In0%3D\"><br \/>\n\t\t\t\t\t\t\t\t\t\t\t\t\t\t<\/a><br \/>\n\t\t\t\t\t\t\t<a href=\"https:\/\/www.ergovisual.com\/wp-content\/uploads\/2023\/01\/Videowall-GP5.jpg\" data-elementor-open-lightbox=\"yes\" data-elementor-lightbox-slideshow=\"all-635d4d69\" data-elementor-lightbox-title=\"Videowall-GP5\" data-e-action-hash=\"#elementor-action%3Aaction%3Dlightbox%26settings%3DeyJpZCI6NjgxOCwidXJsIjoiaHR0cHM6XC9cL3d3dy5lcmdvdmlzdWFsLmNvbVwvd3AtY29udGVudFwvdXBsb2Fkc1wvMjAyM1wvMDFcL1ZpZGVvd2FsbC1HUDUuanBnIiwic2xpZGVzaG93IjoiYWxsLTYzNWQ0ZDY5In0%3D\"><br \/>\n\t\t\t\t\t\t\t\t\t\t\t\t\t\t<\/a><br \/>\n\t\t\t\t\t\t\t<a href=\"https:\/\/www.ergovisual.com\/wp-content\/uploads\/2022\/12\/Videowall-GP2.jpg\" data-elementor-open-lightbox=\"yes\" data-elementor-lightbox-slideshow=\"all-635d4d69\" data-elementor-lightbox-title=\"Videowall-GP2\" data-e-action-hash=\"#elementor-action%3Aaction%3Dlightbox%26settings%3DeyJpZCI6NjcxMSwidXJsIjoiaHR0cHM6XC9cL3d3dy5lcmdvdmlzdWFsLmNvbVwvd3AtY29udGVudFwvdXBsb2Fkc1wvMjAyMlwvMTJcL1ZpZGVvd2FsbC1HUDIuanBnIiwic2xpZGVzaG93IjoiYWxsLTYzNWQ0ZDY5In0%3D\"><br \/>\n\t\t\t\t\t\t\t\t\t\t\t\t\t\t<\/a><br \/>\n\t\t\t\t\t\t\t<a href=\"https:\/\/www.ergovisual.com\/wp-content\/uploads\/2022\/12\/Videowall-GP1.jpg\" data-elementor-open-lightbox=\"yes\" data-elementor-lightbox-slideshow=\"all-635d4d69\" data-elementor-lightbox-title=\"Videowall-GP1\" data-e-action-hash=\"#elementor-action%3Aaction%3Dlightbox%26settings%3DeyJpZCI6NjcwOCwidXJsIjoiaHR0cHM6XC9cL3d3dy5lcmdvdmlzdWFsLmNvbVwvd3AtY29udGVudFwvdXBsb2Fkc1wvMjAyMlwvMTJcL1ZpZGVvd2FsbC1HUDEuanBnIiwic2xpZGVzaG93IjoiYWxsLTYzNWQ0ZDY5In0%3D\"><br \/>\n\t\t\t\t\t\t\t\t\t\t\t\t\t\t<\/a><br \/>\n\t\t\t<a href=\"mailto:info@ergovisual.com\" role=\"button\"><br \/>\n\t\t\t\t\t\tP\u00eddenos m\u00e1s informaci\u00f3n<br \/>\n\t\t\t\t\t<\/a><\/p>\n<h6>Videowall<\/h6>\n<h2>Independiente<\/h2>\n<p>Entre las opciones de soportes para pantallas de gran formato contamos tambi\u00e9n con un amplio cat\u00e1logo de soportes individuales. Esta soluci\u00f3n no se limita a configuraciones de un \u00fanico monitor, sino que tambi\u00e9n habilita para dos o m\u00e1s pantallas de distinto formato.<\/p>\n<p>Contamos con distintas opciones de dise\u00f1o. Entre ellas est\u00e1 la columna hueca que habilita la gesti\u00f3n del cableado y la integraci\u00f3n de bandejas para c\u00e1maras y altavoces. Asimismo, existe tambi\u00e9n la versi\u00f3n del soporte con armario t\u00e9cnico como \u00e1rea dedicada para albergar equipos de peque\u00f1o formato, adem\u00e1s de garantizar una correcta gesti\u00f3n del cableado.<\/p>\n<p>Las propiedades de este tipo de soporte incluyen la capacidad de ajustar la posici\u00f3n del monitor en alto y largo a merced de columnas y ra\u00edles ajustables, de esta forma permitiendo la renovaci\u00f3n o actualizaci\u00f3n del monitor instalado.<\/p>\n<p>En efecto, esta gama de producto aplica especialmente en aquellos espacios de reuni\u00f3n y colaboraci\u00f3n, as\u00ed como otros espacios como el sector retail, audiovisual, entre otros.<\/p>\n<p>\t\t\t\t\t\t\t<a href=\"https:\/\/www.ergovisual.com\/wp-content\/uploads\/2023\/01\/Videowall-IND4.jpg\" data-elementor-open-lightbox=\"yes\" data-elementor-lightbox-slideshow=\"all-41e59df8\" data-elementor-lightbox-title=\"Videowall-IND4\" data-e-action-hash=\"#elementor-action%3Aaction%3Dlightbox%26settings%3DeyJpZCI6NjgyNCwidXJsIjoiaHR0cHM6XC9cL3d3dy5lcmdvdmlzdWFsLmNvbVwvd3AtY29udGVudFwvdXBsb2Fkc1wvMjAyM1wvMDFcL1ZpZGVvd2FsbC1JTkQ0LmpwZyIsInNsaWRlc2hvdyI6ImFsbC00MWU1OWRmOCJ9\"><br \/>\n\t\t\t\t\t\t\t\t\t\t\t\t\t\t<\/a><br \/>\n\t\t\t\t\t\t\t<a href=\"https:\/\/www.ergovisual.com\/wp-content\/uploads\/2023\/01\/Videowall-IND3.jpg\" data-elementor-open-lightbox=\"yes\" data-elementor-lightbox-slideshow=\"all-41e59df8\" data-elementor-lightbox-title=\"Videowall-IND3\" data-e-action-hash=\"#elementor-action%3Aaction%3Dlightbox%26settings%3DeyJpZCI6NjgyMSwidXJsIjoiaHR0cHM6XC9cL3d3dy5lcmdvdmlzdWFsLmNvbVwvd3AtY29udGVudFwvdXBsb2Fkc1wvMjAyM1wvMDFcL1ZpZGVvd2FsbC1JTkQzLmpwZyIsInNsaWRlc2hvdyI6ImFsbC00MWU1OWRmOCJ9\"><br \/>\n\t\t\t\t\t\t\t\t\t\t\t\t\t\t<\/a><br \/>\n\t\t\t\t\t\t\t<a href=\"https:\/\/www.ergovisual.com\/wp-content\/uploads\/2022\/12\/Videowall-IND1.jpg\" data-elementor-open-lightbox=\"yes\" data-elementor-lightbox-slideshow=\"all-41e59df8\" data-elementor-lightbox-title=\"Videowall-IND1\" data-e-action-hash=\"#elementor-action%3Aaction%3Dlightbox%26settings%3DeyJpZCI6NjcxNywidXJsIjoiaHR0cHM6XC9cL3d3dy5lcmdvdmlzdWFsLmNvbVwvd3AtY29udGVudFwvdXBsb2Fkc1wvMjAyMlwvMTJcL1ZpZGVvd2FsbC1JTkQxLmpwZyIsInNsaWRlc2hvdyI6ImFsbC00MWU1OWRmOCJ9\"><br \/>\n\t\t\t\t\t\t\t\t\t\t\t\t\t\t<\/a><br \/>\n\t\t\t\t\t\t\t<a href=\"https:\/\/www.ergovisual.com\/wp-content\/uploads\/2022\/12\/Videowall-IND2.jpg\" data-elementor-open-lightbox=\"yes\" data-elementor-lightbox-slideshow=\"all-41e59df8\" data-elementor-lightbox-title=\"Videowall-IND2\" data-e-action-hash=\"#elementor-action%3Aaction%3Dlightbox%26settings%3DeyJpZCI6NjcyMCwidXJsIjoiaHR0cHM6XC9cL3d3dy5lcmdvdmlzdWFsLmNvbVwvd3AtY29udGVudFwvdXBsb2Fkc1wvMjAyMlwvMTJcL1ZpZGVvd2FsbC1JTkQyLmpwZyIsInNsaWRlc2hvdyI6ImFsbC00MWU1OWRmOCJ9\"><br \/>\n\t\t\t\t\t\t\t\t\t\t\t\t\t\t<\/a><br \/>\n\t\t\t<a href=\"mailto:info@ergovisual.com\" role=\"button\"><br \/>\n\t\t\t\t\t\tP\u00eddenos m\u00e1s informaci\u00f3n<br \/>\n\t\t\t\t\t<\/a><\/p>\n<h6>\n\t\t\t\tProductos relacionados\t\t\t\t<\/h6>\n<p>\t\t\t\t\t<a href=\"\/es\/sillas-de-oficina\/\" rel=\"nofollow\"><\/p>\n<h2>Videowall<\/h2>\n<p>\t\t\t\t\t\tContamos con un amplio cat\u00e1logo de sillas de oficina dise\u00f1adas y creadas para la configuraci\u00f3n de espacios de trabajo en oficina.<br \/>\n\t\t\t\t\t\t+ info.<br \/>\n\t\t\t\t\t\t<\/a><br \/>\n\t\t\t\t\t<a href=\"\/es\/sillas-ejecutivas-meeting\" rel=\"nofollow\"><\/p>\n<h2>T\u00f3tem Ajustable Electr\u00f3nicamente<\/h2>\n<p>\t\t\t\t\t\tEntre nuestro cat\u00e1logo disponible de sillas contamos con una l\u00ednea espec\u00edfica de sillas ejecutivas destinadas a entornos profesionales.<br \/>\n\t\t\t\t\t\t+ info.<br \/>\n\t\t\t\t\t\t<\/a><br \/>\n\t\t\t\t\t<a href=\"\/es\/sillas-soft-seating\" rel=\"nofollow\"><\/p>\n<h2>Sillones Soft Seating<\/h2>\n<p>\t\t\t\t\t\tLos espacios corporativos contempor\u00e1neos est\u00e1n dise\u00f1ados para la mejora del bienestar y confort en el puesto de trabajo.<br \/>\n\t\t\t\t\t\t+ info.<br \/>\n\t\t\t\t\t\t<\/a><\/p>\n","protected":false},"excerpt":{"rendered":"<p>Videowall Dentro del cat\u00e1logo completo de soluciones para los espacios de trabajo, contamos con soportes y estructuras destinadas al encaje del videowall y pantallas de gran formato. Este tipo de tecnolog\u00eda se ha convertido en un elemento habitual en muchos espacios corporativas, como las oficinas, salas de reuni\u00f3n o centros de control. Especialmente en aquellos [&hellip;]<\/p>\n","protected":false},"author":3,"featured_media":0,"parent":0,"menu_order":0,"comment_status":"closed","ping_status":"closed","template":"","meta":{"footnotes":""},"class_list":["post-6706","page","type-page","status-publish","hentry"],"yoast_head":"<!-- This site is optimized with the Yoast SEO plugin v26.1.1 - https:\/\/yoast.com\/wordpress\/plugins\/seo\/ -->\n<title>Videowall - ErgoVisual<\/title>\n<meta name=\"description\" content=\"Entre nuestra lista de accesorios, ofrecemos soluciones enfocadas a sistemas Videowall, contamos con un amplio cat\u00e1logo.\" \/>\n<meta name=\"robots\" content=\"index, follow, max-snippet:-1, max-image-preview:large, max-video-preview:-1\" \/>\n<link rel=\"canonical\" href=\"https:\/\/www.ergovisual.com\/es\/soluciones-enfocadas-a-sistemas-videowall\/\" \/>\n<meta property=\"og:locale\" content=\"es_ES\" \/>\n<meta property=\"og:type\" content=\"article\" \/>\n<meta property=\"og:title\" content=\"Videowall - ErgoVisual\" \/>\n<meta property=\"og:description\" content=\"Entre nuestra lista de accesorios, ofrecemos soluciones enfocadas a sistemas Videowall, contamos con un amplio cat\u00e1logo.\" \/>\n<meta property=\"og:url\" content=\"https:\/\/www.ergovisual.com\/es\/soluciones-enfocadas-a-sistemas-videowall\/\" \/>\n<meta property=\"og:site_name\" content=\"ErgoVisual\" \/>\n<meta property=\"article:modified_time\" content=\"2025-06-19T12:15:44+00:00\" \/>\n<meta name=\"twitter:card\" content=\"summary_large_image\" \/>\n<meta name=\"twitter:label1\" content=\"Tiempo de lectura\" \/>\n\t<meta name=\"twitter:data1\" content=\"3 minutos\" \/>\n<script type=\"application\/ld+json\" class=\"yoast-schema-graph\">{\"@context\":\"https:\/\/schema.org\",\"@graph\":[{\"@type\":\"WebPage\",\"@id\":\"https:\/\/www.ergovisual.com\/es\/soluciones-enfocadas-a-sistemas-videowall\/\",\"url\":\"https:\/\/www.ergovisual.com\/es\/soluciones-enfocadas-a-sistemas-videowall\/\",\"name\":\"Videowall - ErgoVisual\",\"isPartOf\":{\"@id\":\"https:\/\/www.ergovisual.com\/es\/#website\"},\"datePublished\":\"2022-12-10T20:28:56+00:00\",\"dateModified\":\"2025-06-19T12:15:44+00:00\",\"description\":\"Entre nuestra lista de accesorios, ofrecemos soluciones enfocadas a sistemas Videowall, contamos con un amplio cat\u00e1logo.\",\"breadcrumb\":{\"@id\":\"https:\/\/www.ergovisual.com\/es\/soluciones-enfocadas-a-sistemas-videowall\/#breadcrumb\"},\"inLanguage\":\"es\",\"potentialAction\":[{\"@type\":\"ReadAction\",\"target\":[\"https:\/\/www.ergovisual.com\/es\/soluciones-enfocadas-a-sistemas-videowall\/\"]}]},{\"@type\":\"BreadcrumbList\",\"@id\":\"https:\/\/www.ergovisual.com\/es\/soluciones-enfocadas-a-sistemas-videowall\/#breadcrumb\",\"itemListElement\":[{\"@type\":\"ListItem\",\"position\":1,\"name\":\"Portada\",\"item\":\"https:\/\/www.ergovisual.com\/es\/\"},{\"@type\":\"ListItem\",\"position\":2,\"name\":\"Videowall\"}]},{\"@type\":\"WebSite\",\"@id\":\"https:\/\/www.ergovisual.com\/es\/#website\",\"url\":\"https:\/\/www.ergovisual.com\/es\/\",\"name\":\"ErgoVisual\",\"description\":\"Control Room Solutions\",\"publisher\":{\"@id\":\"https:\/\/www.ergovisual.com\/es\/#organization\"},\"potentialAction\":[{\"@type\":\"SearchAction\",\"target\":{\"@type\":\"EntryPoint\",\"urlTemplate\":\"https:\/\/www.ergovisual.com\/es\/?s={search_term_string}\"},\"query-input\":{\"@type\":\"PropertyValueSpecification\",\"valueRequired\":true,\"valueName\":\"search_term_string\"}}],\"inLanguage\":\"es\"},{\"@type\":\"Organization\",\"@id\":\"https:\/\/www.ergovisual.com\/es\/#organization\",\"name\":\"INTAM ERGOVISUAL SLU\",\"url\":\"https:\/\/www.ergovisual.com\/es\/\",\"logo\":{\"@type\":\"ImageObject\",\"inLanguage\":\"es\",\"@id\":\"https:\/\/www.ergovisual.com\/es\/#\/schema\/logo\/image\/\",\"url\":\"https:\/\/www.ergovisual.com\/wp-content\/uploads\/2022\/03\/logo-ergovisual.svg\",\"contentUrl\":\"https:\/\/www.ergovisual.com\/wp-content\/uploads\/2022\/03\/logo-ergovisual.svg\",\"caption\":\"INTAM ERGOVISUAL SLU\"},\"image\":{\"@id\":\"https:\/\/www.ergovisual.com\/es\/#\/schema\/logo\/image\/\"},\"sameAs\":[\"https:\/\/www.linkedin.com\/company\/ergovisual\"]}]}<\/script>\n<!-- \/ Yoast SEO plugin. -->","yoast_head_json":{"title":"Videowall - ErgoVisual","description":"Entre nuestra lista de accesorios, ofrecemos soluciones enfocadas a sistemas Videowall, contamos con un amplio cat\u00e1logo.","robots":{"index":"index","follow":"follow","max-snippet":"max-snippet:-1","max-image-preview":"max-image-preview:large","max-video-preview":"max-video-preview:-1"},"canonical":"https:\/\/www.ergovisual.com\/es\/soluciones-enfocadas-a-sistemas-videowall\/","og_locale":"es_ES","og_type":"article","og_title":"Videowall - ErgoVisual","og_description":"Entre nuestra lista de accesorios, ofrecemos soluciones enfocadas a sistemas Videowall, contamos con un amplio cat\u00e1logo.","og_url":"https:\/\/www.ergovisual.com\/es\/soluciones-enfocadas-a-sistemas-videowall\/","og_site_name":"ErgoVisual","article_modified_time":"2025-06-19T12:15:44+00:00","twitter_card":"summary_large_image","twitter_misc":{"Tiempo de lectura":"3 minutos"},"schema":{"@context":"https:\/\/schema.org","@graph":[{"@type":"WebPage","@id":"https:\/\/www.ergovisual.com\/es\/soluciones-enfocadas-a-sistemas-videowall\/","url":"https:\/\/www.ergovisual.com\/es\/soluciones-enfocadas-a-sistemas-videowall\/","name":"Videowall - ErgoVisual","isPartOf":{"@id":"https:\/\/www.ergovisual.com\/es\/#website"},"datePublished":"2022-12-10T20:28:56+00:00","dateModified":"2025-06-19T12:15:44+00:00","description":"Entre nuestra lista de accesorios, ofrecemos soluciones enfocadas a sistemas Videowall, contamos con un amplio cat\u00e1logo.","breadcrumb":{"@id":"https:\/\/www.ergovisual.com\/es\/soluciones-enfocadas-a-sistemas-videowall\/#breadcrumb"},"inLanguage":"es","potentialAction":[{"@type":"ReadAction","target":["https:\/\/www.ergovisual.com\/es\/soluciones-enfocadas-a-sistemas-videowall\/"]}]},{"@type":"BreadcrumbList","@id":"https:\/\/www.ergovisual.com\/es\/soluciones-enfocadas-a-sistemas-videowall\/#breadcrumb","itemListElement":[{"@type":"ListItem","position":1,"name":"Portada","item":"https:\/\/www.ergovisual.com\/es\/"},{"@type":"ListItem","position":2,"name":"Videowall"}]},{"@type":"WebSite","@id":"https:\/\/www.ergovisual.com\/es\/#website","url":"https:\/\/www.ergovisual.com\/es\/","name":"ErgoVisual","description":"Control Room Solutions","publisher":{"@id":"https:\/\/www.ergovisual.com\/es\/#organization"},"potentialAction":[{"@type":"SearchAction","target":{"@type":"EntryPoint","urlTemplate":"https:\/\/www.ergovisual.com\/es\/?s={search_term_string}"},"query-input":{"@type":"PropertyValueSpecification","valueRequired":true,"valueName":"search_term_string"}}],"inLanguage":"es"},{"@type":"Organization","@id":"https:\/\/www.ergovisual.com\/es\/#organization","name":"INTAM ERGOVISUAL SLU","url":"https:\/\/www.ergovisual.com\/es\/","logo":{"@type":"ImageObject","inLanguage":"es","@id":"https:\/\/www.ergovisual.com\/es\/#\/schema\/logo\/image\/","url":"https:\/\/www.ergovisual.com\/wp-content\/uploads\/2022\/03\/logo-ergovisual.svg","contentUrl":"https:\/\/www.ergovisual.com\/wp-content\/uploads\/2022\/03\/logo-ergovisual.svg","caption":"INTAM ERGOVISUAL SLU"},"image":{"@id":"https:\/\/www.ergovisual.com\/es\/#\/schema\/logo\/image\/"},"sameAs":["https:\/\/www.linkedin.com\/company\/ergovisual"]}]}},"_links":{"self":[{"href":"https:\/\/www.ergovisual.com\/es\/wp-json\/wp\/v2\/pages\/6706","targetHints":{"allow":["GET"]}}],"collection":[{"href":"https:\/\/www.ergovisual.com\/es\/wp-json\/wp\/v2\/pages"}],"about":[{"href":"https:\/\/www.ergovisual.com\/es\/wp-json\/wp\/v2\/types\/page"}],"author":[{"embeddable":true,"href":"https:\/\/www.ergovisual.com\/es\/wp-json\/wp\/v2\/users\/3"}],"replies":[{"embeddable":true,"href":"https:\/\/www.ergovisual.com\/es\/wp-json\/wp\/v2\/comments?post=6706"}],"version-history":[{"count":3,"href":"https:\/\/www.ergovisual.com\/es\/wp-json\/wp\/v2\/pages\/6706\/revisions"}],"predecessor-version":[{"id":6960,"href":"https:\/\/www.ergovisual.com\/es\/wp-json\/wp\/v2\/pages\/6706\/revisions\/6960"}],"wp:attachment":[{"href":"https:\/\/www.ergovisual.com\/es\/wp-json\/wp\/v2\/media?parent=6706"}],"curies":[{"name":"wp","href":"https:\/\/api.w.org\/{rel}","templated":true}]}}