{"id":10332,"date":"2025-06-20T13:17:09","date_gmt":"2025-06-20T11:17:09","guid":{"rendered":"https:\/\/www.ergovisual.com\/support-mur-dimage-2\/"},"modified":"2025-06-25T11:06:28","modified_gmt":"2025-06-25T09:06:28","slug":"support-mur-dimage-2","status":"publish","type":"page","link":"https:\/\/www.ergovisual.com\/fr\/support-mur-dimage-2\/","title":{"rendered":"SUPPORT MUR D&rsquo;IMAGE &#8211; Stand"},"content":{"rendered":"\t\t<div data-elementor-type=\"wp-page\" data-elementor-id=\"10332\" class=\"elementor elementor-10332 elementor-9676\" data-elementor-settings=\"{&quot;ha_cmc_init_switcher&quot;:&quot;no&quot;}\" data-elementor-post-type=\"page\">\n\t\t\t\t\t\t<section class=\"elementor-section elementor-top-section elementor-element elementor-element-b1195b3 elementor-section-full_width elementor-section-height-default elementor-section-height-default\" data-id=\"b1195b3\" data-element_type=\"section\" data-settings=\"{&quot;background_background&quot;:&quot;classic&quot;,&quot;shape_divider_bottom&quot;:&quot;mountains&quot;}\">\n\t\t\t\t\t<div class=\"elementor-shape elementor-shape-bottom\" aria-hidden=\"true\" data-negative=\"false\">\n\t\t\t<svg xmlns=\"http:\/\/www.w3.org\/2000\/svg\" viewBox=\"0 0 1000 100\" preserveAspectRatio=\"none\">\n\t<path class=\"elementor-shape-fill\" opacity=\"0.33\" d=\"M473,67.3c-203.9,88.3-263.1-34-320.3,0C66,119.1,0,59.7,0,59.7V0h1000v59.7 c0,0-62.1,26.1-94.9,29.3c-32.8,3.3-62.8-12.3-75.8-22.1C806,49.6,745.3,8.7,694.9,4.7S492.4,59,473,67.3z\"\/>\n\t<path class=\"elementor-shape-fill\" opacity=\"0.66\" d=\"M734,67.3c-45.5,0-77.2-23.2-129.1-39.1c-28.6-8.7-150.3-10.1-254,39.1 s-91.7-34.4-149.2,0C115.7,118.3,0,39.8,0,39.8V0h1000v36.5c0,0-28.2-18.5-92.1-18.5C810.2,18.1,775.7,67.3,734,67.3z\"\/>\n\t<path class=\"elementor-shape-fill\" d=\"M766.1,28.9c-200-57.5-266,65.5-395.1,19.5C242,1.8,242,5.4,184.8,20.6C128,35.8,132.3,44.9,89.9,52.5C28.6,63.7,0,0,0,0 h1000c0,0-9.9,40.9-83.6,48.1S829.6,47,766.1,28.9z\"\/>\n<\/svg>\t\t<\/div>\n\t\t\t\t\t<div class=\"elementor-container elementor-column-gap-default\">\n\t\t\t\t\t<div class=\"elementor-column elementor-col-100 elementor-top-column elementor-element elementor-element-54c69c78\" data-id=\"54c69c78\" data-element_type=\"column\">\n\t\t\t<div class=\"elementor-widget-wrap elementor-element-populated\">\n\t\t\t\t\t\t<div class=\"elementor-element elementor-element-5d92ea47 elementor-widget elementor-widget-heading\" data-id=\"5d92ea47\" data-element_type=\"widget\" data-widget_type=\"heading.default\">\n\t\t\t\t<div class=\"elementor-widget-container\">\n\t\t\t\t\t<h2 class=\"elementor-heading-title elementor-size-default\">Support Mur d'Image <\/h2>\t\t\t\t<\/div>\n\t\t\t\t<\/div>\n\t\t\t\t<div class=\"elementor-element elementor-element-73bed58c elementor-widget elementor-widget-text-editor\" data-id=\"73bed58c\" data-element_type=\"widget\" data-widget_type=\"text-editor.default\">\n\t\t\t\t<div class=\"elementor-widget-container\">\n\t\t\t\t\t\t\t\t\t<p>Parmi notre gamme de solutions pour murs d&rsquo;images, nous proposons des structures de support polyvalentes permettant la configuration de tous types d&rsquo;\u00e9crans, quels que soient leur taille et leur poids. Ces syst\u00e8mes sont constitu\u00e9s de colonnes m\u00e9talliques permettant l&rsquo;installation de rails horizontaux sur lesquels sont fix\u00e9s des moniteurs, y compris des \u00e9crans grand format. Ces structures s&rsquo;adaptent \u00e0 diff\u00e9rentes configurations et agencements de salles, avec des options allant des bases au sol aux supports muraux. De plus, elles permettent des installations droites ou courbes, selon les besoins du projet.   <\/p>\t\t\t\t\t\t\t\t<\/div>\n\t\t\t\t<\/div>\n\t\t\t\t<section class=\"elementor-section elementor-inner-section elementor-element elementor-element-0d38d0c elementor-section-full_width elementor-section-height-default elementor-section-height-default\" data-id=\"0d38d0c\" data-element_type=\"section\">\n\t\t\t\t\t\t<div class=\"elementor-container elementor-column-gap-default\">\n\t\t\t\t\t<div class=\"elementor-column elementor-col-100 elementor-inner-column elementor-element elementor-element-a91ab3c\" data-id=\"a91ab3c\" data-element_type=\"column\">\n\t\t\t<div class=\"elementor-widget-wrap elementor-element-populated\">\n\t\t\t\t\t\t<div class=\"elementor-element elementor-element-1d2873e elementor-align-left elementor-icon-list--layout-traditional elementor-list-item-link-full_width elementor-widget elementor-widget-icon-list\" data-id=\"1d2873e\" data-element_type=\"widget\" data-widget_type=\"icon-list.default\">\n\t\t\t\t<div class=\"elementor-widget-container\">\n\t\t\t\t\t\t\t<ul class=\"elementor-icon-list-items\">\n\t\t\t\t\t\t\t<li class=\"elementor-icon-list-item\">\n\t\t\t\t\t\t\t\t\t\t\t<span class=\"elementor-icon-list-icon\">\n\t\t\t\t\t\t\t<i aria-hidden=\"true\" class=\"fas fa-check\"><\/i>\t\t\t\t\t\t<\/span>\n\t\t\t\t\t\t\t\t\t\t<span class=\"elementor-icon-list-text\">Acc\u00e8s int\u00e9rieur facile<\/span>\n\t\t\t\t\t\t\t\t\t<\/li>\n\t\t\t\t\t\t\t\t<li class=\"elementor-icon-list-item\">\n\t\t\t\t\t\t\t\t\t\t\t<span class=\"elementor-icon-list-icon\">\n\t\t\t\t\t\t\t<i aria-hidden=\"true\" class=\"fas fa-check\"><\/i>\t\t\t\t\t\t<\/span>\n\t\t\t\t\t\t\t\t\t\t<span class=\"elementor-icon-list-text\">Gestion des c\u00e2bles<\/span>\n\t\t\t\t\t\t\t\t\t<\/li>\n\t\t\t\t\t\t\t\t<li class=\"elementor-icon-list-item\">\n\t\t\t\t\t\t\t\t\t\t\t<span class=\"elementor-icon-list-icon\">\n\t\t\t\t\t\t\t<i aria-hidden=\"true\" class=\"fas fa-check\"><\/i>\t\t\t\t\t\t<\/span>\n\t\t\t\t\t\t\t\t\t\t<span class=\"elementor-icon-list-text\">Supports individuels compatibles avec un ou plusieurs \u00e9crans<\/span>\n\t\t\t\t\t\t\t\t\t<\/li>\n\t\t\t\t\t\t\t\t<li class=\"elementor-icon-list-item\">\n\t\t\t\t\t\t\t\t\t\t\t<span class=\"elementor-icon-list-icon\">\n\t\t\t\t\t\t\t<i aria-hidden=\"true\" class=\"fas fa-check\"><\/i>\t\t\t\t\t\t<\/span>\n\t\t\t\t\t\t\t\t\t\t<span class=\"elementor-icon-list-text\">Installation propre et professionnelle<\/span>\n\t\t\t\t\t\t\t\t\t<\/li>\n\t\t\t\t\t\t\t\t<li class=\"elementor-icon-list-item\">\n\t\t\t\t\t\t\t\t\t\t\t<span class=\"elementor-icon-list-icon\">\n\t\t\t\t\t\t\t<i aria-hidden=\"true\" class=\"fas fa-check\"><\/i>\t\t\t\t\t\t<\/span>\n\t\t\t\t\t\t\t\t\t\t<span class=\"elementor-icon-list-text\">Hauteur et position r\u00e9glables pour une plus grande flexibilit\u00e9<\/span>\n\t\t\t\t\t\t\t\t\t<\/li>\n\t\t\t\t\t\t\t\t<li class=\"elementor-icon-list-item\">\n\t\t\t\t\t\t\t\t\t\t\t<span class=\"elementor-icon-list-icon\">\n\t\t\t\t\t\t\t<i aria-hidden=\"true\" class=\"fas fa-check\"><\/i>\t\t\t\t\t\t<\/span>\n\t\t\t\t\t\t\t\t\t\t<span class=\"elementor-icon-list-text\">Id\u00e9al pour les salles de r\u00e9union, les espaces collaboratifs, les environnements audiovisuels, les commerces de d\u00e9tail et les bureaux modernes<\/span>\n\t\t\t\t\t\t\t\t\t<\/li>\n\t\t\t\t\t\t<\/ul>\n\t\t\t\t\t\t<\/div>\n\t\t\t\t<\/div>\n\t\t\t\t\t<\/div>\n\t\t<\/div>\n\t\t\t\t\t<\/div>\n\t\t<\/section>\n\t\t\t\t\t<\/div>\n\t\t<\/div>\n\t\t\t\t\t<\/div>\n\t\t<\/section>\n\t\t\t\t<section class=\"elementor-section elementor-top-section elementor-element elementor-element-2bffa89a elementor-section-full_width elementor-section-height-default elementor-section-height-default\" data-id=\"2bffa89a\" data-element_type=\"section\" data-settings=\"{&quot;background_background&quot;:&quot;classic&quot;}\">\n\t\t\t\t\t\t<div class=\"elementor-container elementor-column-gap-default\">\n\t\t\t\t\t<article class=\"elementor-column elementor-col-100 elementor-top-column elementor-element elementor-element-27682978\" data-id=\"27682978\" data-element_type=\"column\">\n\t\t\t<div class=\"elementor-widget-wrap elementor-element-populated\">\n\t\t\t\t\t\t<section class=\"elementor-section elementor-inner-section elementor-element elementor-element-2c93ddc4 elementor-section-full_width elementor-section-content-middle elementor-reverse-tablet elementor-reverse-mobile elementor-section-height-default elementor-section-height-default\" data-id=\"2c93ddc4\" data-element_type=\"section\" data-settings=\"{&quot;background_background&quot;:&quot;classic&quot;}\">\n\t\t\t\t\t\t<div class=\"elementor-container elementor-column-gap-default\">\n\t\t\t\t\t<div class=\"elementor-column elementor-col-50 elementor-inner-column elementor-element elementor-element-55e580b3\" data-id=\"55e580b3\" data-element_type=\"column\" data-settings=\"{&quot;background_background&quot;:&quot;classic&quot;}\">\n\t\t\t<div class=\"elementor-widget-wrap elementor-element-populated\">\n\t\t\t\t\t\t<div class=\"elementor-element elementor-element-05017d8 elementor-widget elementor-widget-spacer\" data-id=\"05017d8\" data-element_type=\"widget\" data-widget_type=\"spacer.default\">\n\t\t\t\t<div class=\"elementor-widget-container\">\n\t\t\t\t\t\t\t<div class=\"elementor-spacer\">\n\t\t\t<div class=\"elementor-spacer-inner\"><\/div>\n\t\t<\/div>\n\t\t\t\t\t\t<\/div>\n\t\t\t\t<\/div>\n\t\t\t\t\t<\/div>\n\t\t<\/div>\n\t\t\t\t<div class=\"elementor-column elementor-col-50 elementor-inner-column elementor-element elementor-element-620dca16\" data-id=\"620dca16\" data-element_type=\"column\">\n\t\t\t<div class=\"elementor-widget-wrap elementor-element-populated\">\n\t\t\t\t\t\t<div class=\"elementor-element elementor-element-5c33ac50 elementor-widget elementor-widget-heading\" data-id=\"5c33ac50\" data-element_type=\"widget\" data-widget_type=\"heading.default\">\n\t\t\t\t<div class=\"elementor-widget-container\">\n\t\t\t\t\t<h6 class=\"elementor-heading-title elementor-size-default\">Support Mur d'Image<\/h6>\t\t\t\t<\/div>\n\t\t\t\t<\/div>\n\t\t\t\t<div class=\"elementor-element elementor-element-7f3da71 elementor-widget elementor-widget-heading\" data-id=\"7f3da71\" data-element_type=\"widget\" data-widget_type=\"heading.default\">\n\t\t\t\t<div class=\"elementor-widget-container\">\n\t\t\t\t\t<h2 class=\"elementor-heading-title elementor-size-default\">SUPPORT MUR D'IMAGE<\/h2>\t\t\t\t<\/div>\n\t\t\t\t<\/div>\n\t\t\t\t<div class=\"elementor-element elementor-element-4e5ea03d elementor-widget-divider--view-line elementor-widget elementor-widget-divider\" data-id=\"4e5ea03d\" data-element_type=\"widget\" data-widget_type=\"divider.default\">\n\t\t\t\t<div class=\"elementor-widget-container\">\n\t\t\t\t\t\t\t<div class=\"elementor-divider\">\n\t\t\t<span class=\"elementor-divider-separator\">\n\t\t\t\t\t\t<\/span>\n\t\t<\/div>\n\t\t\t\t\t\t<\/div>\n\t\t\t\t<\/div>\n\t\t\t\t<div class=\"elementor-element elementor-element-622b919f elementor-widget elementor-widget-text-editor\" data-id=\"622b919f\" data-element_type=\"widget\" data-widget_type=\"text-editor.default\">\n\t\t\t\t<div class=\"elementor-widget-container\">\n\t\t\t\t\t\t\t\t\t<p style=\"text-align: left;\">En plus de nos solutions principales, nous proposons une large gamme de supports individuels pour \u00e9crans grand format, adapt\u00e9s non seulement \u00e0 un seul \u00e9cran, mais aussi \u00e0 deux \u00e9crans ou plus, m\u00eame de tailles diff\u00e9rentes. Ces options sont con\u00e7ues pour s&rsquo;adapter facilement \u00e0 diff\u00e9rents besoins et espaces. <\/p><p style=\"text-align: left;\">Nos designs permettent une organisation optimale, avec des colonnes dissimulant les c\u00e2bles et des mod\u00e8les dot\u00e9s de compartiments pour ranger les petits appareils. Cela am\u00e9liore non seulement l&rsquo;esth\u00e9tique g\u00e9n\u00e9rale, mais rend \u00e9galement l&rsquo;installation plus propre et plus pratique. <\/p><p style=\"text-align: left;\">Gr\u00e2ce \u00e0 leurs composants r\u00e9glables, la hauteur et la position de l&rsquo;\u00e9cran peuvent \u00eatre facilement modifi\u00e9es, simplifiant ainsi les mises \u00e0 jour futures. Cette gamme de produits est id\u00e9ale pour les salles de r\u00e9union, les espaces collaboratifs, les commerces de d\u00e9tail, les installations audiovisuelles et tout environnement professionnel privil\u00e9giant la technologie, l&rsquo;organisation et la flexibilit\u00e9. <\/p>\t\t\t\t\t\t\t\t<\/div>\n\t\t\t\t<\/div>\n\t\t\t\t<div class=\"elementor-element elementor-element-5625da09 elementor-widget elementor-widget-gallery\" data-id=\"5625da09\" data-element_type=\"widget\" data-settings=\"{&quot;aspect_ratio&quot;:&quot;1:1&quot;,&quot;image_hover_animation&quot;:&quot;shrink-contained&quot;,&quot;columns_mobile&quot;:4,&quot;columns_tablet&quot;:4,&quot;lazyload&quot;:&quot;yes&quot;,&quot;gallery_layout&quot;:&quot;grid&quot;,&quot;columns&quot;:4,&quot;gap&quot;:{&quot;unit&quot;:&quot;px&quot;,&quot;size&quot;:10,&quot;sizes&quot;:[]},&quot;gap_tablet&quot;:{&quot;unit&quot;:&quot;px&quot;,&quot;size&quot;:10,&quot;sizes&quot;:[]},&quot;gap_mobile&quot;:{&quot;unit&quot;:&quot;px&quot;,&quot;size&quot;:10,&quot;sizes&quot;:[]},&quot;link_to&quot;:&quot;file&quot;,&quot;content_hover_animation&quot;:&quot;fade-in&quot;}\" data-widget_type=\"gallery.default\">\n\t\t\t\t<div class=\"elementor-widget-container\">\n\t\t\t\t\t\t\t<div class=\"elementor-gallery__container\">\n\t\t\t\t\t\t\t<a class=\"e-gallery-item elementor-gallery-item elementor-animated-content\" href=\"https:\/\/www.ergovisual.com\/wp-content\/uploads\/2025\/06\/Videowall-stand-LED.jpg\" data-elementor-open-lightbox=\"yes\" data-elementor-lightbox-slideshow=\"5625da09\" data-elementor-lightbox-title=\"LED Display Stand\" data-e-action-hash=\"#elementor-action%3Aaction%3Dlightbox%26settings%3DeyJpZCI6OTcwMywidXJsIjoiaHR0cHM6XC9cL3d3dy5lcmdvdmlzdWFsLmNvbVwvd3AtY29udGVudFwvdXBsb2Fkc1wvMjAyNVwvMDZcL1ZpZGVvd2FsbC1zdGFuZC1MRUQuanBnIiwic2xpZGVzaG93IjoiNTYyNWRhMDkifQ%3D%3D\">\n\t\t\t\t\t<div class=\"e-gallery-image elementor-gallery-item__image\" data-thumbnail=\"https:\/\/www.ergovisual.com\/wp-content\/uploads\/2025\/06\/Videowall-stand-LED.jpg\" data-width=\"660\" data-height=\"600\" aria-label=\"LED Display Stand\" role=\"img\" ><\/div>\n\t\t\t\t\t\t\t\t\t\t\t\t\t\t<\/a>\n\t\t\t\t\t\t\t<a class=\"e-gallery-item elementor-gallery-item elementor-animated-content\" href=\"https:\/\/www.ergovisual.com\/wp-content\/uploads\/2025\/06\/Videowall-stand-LED-2.jpg\" data-elementor-open-lightbox=\"yes\" data-elementor-lightbox-slideshow=\"5625da09\" data-elementor-lightbox-title=\"LED Display Stand\" data-e-action-hash=\"#elementor-action%3Aaction%3Dlightbox%26settings%3DeyJpZCI6OTcwNywidXJsIjoiaHR0cHM6XC9cL3d3dy5lcmdvdmlzdWFsLmNvbVwvd3AtY29udGVudFwvdXBsb2Fkc1wvMjAyNVwvMDZcL1ZpZGVvd2FsbC1zdGFuZC1MRUQtMi5qcGciLCJzbGlkZXNob3ciOiI1NjI1ZGEwOSJ9\">\n\t\t\t\t\t<div class=\"e-gallery-image elementor-gallery-item__image\" data-thumbnail=\"https:\/\/www.ergovisual.com\/wp-content\/uploads\/2025\/06\/Videowall-stand-LED-2.jpg\" data-width=\"660\" data-height=\"600\" aria-label=\"LED Display Stand\" role=\"img\" ><\/div>\n\t\t\t\t\t\t\t\t\t\t\t\t\t\t<\/a>\n\t\t\t\t\t\t\t<a class=\"e-gallery-item elementor-gallery-item elementor-animated-content\" href=\"https:\/\/www.ergovisual.com\/wp-content\/uploads\/2025\/06\/Videowall-stand-LED-wheels.jpg\" data-elementor-open-lightbox=\"yes\" data-elementor-lightbox-slideshow=\"5625da09\" data-elementor-lightbox-title=\"Videowall Mobil\" data-e-action-hash=\"#elementor-action%3Aaction%3Dlightbox%26settings%3DeyJpZCI6OTcxMSwidXJsIjoiaHR0cHM6XC9cL3d3dy5lcmdvdmlzdWFsLmNvbVwvd3AtY29udGVudFwvdXBsb2Fkc1wvMjAyNVwvMDZcL1ZpZGVvd2FsbC1zdGFuZC1MRUQtd2hlZWxzLmpwZyIsInNsaWRlc2hvdyI6IjU2MjVkYTA5In0%3D\">\n\t\t\t\t\t<div class=\"e-gallery-image elementor-gallery-item__image\" data-thumbnail=\"https:\/\/www.ergovisual.com\/wp-content\/uploads\/2025\/06\/Videowall-stand-LED-wheels.jpg\" data-width=\"660\" data-height=\"600\" aria-label=\"Videowall Mobil\" role=\"img\" ><\/div>\n\t\t\t\t\t\t\t\t\t\t\t\t\t\t<\/a>\n\t\t\t\t\t\t\t<a class=\"e-gallery-item elementor-gallery-item elementor-animated-content\" href=\"https:\/\/www.ergovisual.com\/wp-content\/uploads\/2025\/06\/LED-Panel-Videowall.jpg\" data-elementor-open-lightbox=\"yes\" data-elementor-lightbox-slideshow=\"5625da09\" data-elementor-lightbox-title=\"LED Panel Videowall\" data-e-action-hash=\"#elementor-action%3Aaction%3Dlightbox%26settings%3DeyJpZCI6OTcxNSwidXJsIjoiaHR0cHM6XC9cL3d3dy5lcmdvdmlzdWFsLmNvbVwvd3AtY29udGVudFwvdXBsb2Fkc1wvMjAyNVwvMDZcL0xFRC1QYW5lbC1WaWRlb3dhbGwuanBnIiwic2xpZGVzaG93IjoiNTYyNWRhMDkifQ%3D%3D\">\n\t\t\t\t\t<div class=\"e-gallery-image elementor-gallery-item__image\" data-thumbnail=\"https:\/\/www.ergovisual.com\/wp-content\/uploads\/2025\/06\/LED-Panel-Videowall.jpg\" data-width=\"660\" data-height=\"600\" aria-label=\"LED Panel Videowall\" role=\"img\" ><\/div>\n\t\t\t\t\t\t\t\t\t\t\t\t\t\t<\/a>\n\t\t\t\t\t<\/div>\n\t\t\t\t\t<\/div>\n\t\t\t\t<\/div>\n\t\t\t\t<div class=\"elementor-element elementor-element-543c75ba elementor-align-justify elementor-widget elementor-widget-button\" data-id=\"543c75ba\" data-element_type=\"widget\" data-widget_type=\"button.default\">\n\t\t\t\t<div class=\"elementor-widget-container\">\n\t\t\t\t\t\t\t\t\t<div class=\"elementor-button-wrapper\">\n\t\t\t\t\t<a class=\"elementor-button elementor-button-link elementor-size-md\" href=\"mailto:info@ergovisual.com\" rel=\"nofollow\">\n\t\t\t\t\t\t<span class=\"elementor-button-content-wrapper\">\n\t\t\t\t\t\t<span class=\"elementor-button-icon\">\n\t\t\t\t<i aria-hidden=\"true\" class=\"fas fa-info-circle\"><\/i>\t\t\t<\/span>\n\t\t\t\t\t\t\t\t\t<span class=\"elementor-button-text\">Plus d'informations<\/span>\n\t\t\t\t\t<\/span>\n\t\t\t\t\t<\/a>\n\t\t\t\t<\/div>\n\t\t\t\t\t\t\t\t<\/div>\n\t\t\t\t<\/div>\n\t\t\t\t\t<\/div>\n\t\t<\/div>\n\t\t\t\t\t<\/div>\n\t\t<\/section>\n\t\t\t\t<div class=\"elementor-element elementor-element-6be1017f elementor-widget elementor-widget-spacer\" data-id=\"6be1017f\" data-element_type=\"widget\" data-widget_type=\"spacer.default\">\n\t\t\t\t<div class=\"elementor-widget-container\">\n\t\t\t\t\t\t\t<div class=\"elementor-spacer\">\n\t\t\t<div class=\"elementor-spacer-inner\"><\/div>\n\t\t<\/div>\n\t\t\t\t\t\t<\/div>\n\t\t\t\t<\/div>\n\t\t\t\t\t<\/div>\n\t\t<\/article>\n\t\t\t\t\t<\/div>\n\t\t<\/section>\n\t\t\t\t<\/div>\n\t\t","protected":false},"excerpt":{"rendered":"<p>Support Mur d&rsquo;Image Parmi notre gamme de solutions pour murs d&rsquo;images, nous proposons des structures de support polyvalentes permettant la configuration de tous types d&rsquo;\u00e9crans, quels que soient leur taille et leur poids. Ces syst\u00e8mes sont constitu\u00e9s de colonnes m\u00e9talliques permettant l&rsquo;installation de rails horizontaux sur lesquels sont fix\u00e9s des moniteurs, y compris des \u00e9crans [&hellip;]<\/p>\n","protected":false},"author":7,"featured_media":0,"parent":0,"menu_order":0,"comment_status":"closed","ping_status":"closed","template":"","meta":{"footnotes":""},"class_list":["post-10332","page","type-page","status-publish","hentry"],"yoast_head":"<!-- This site is optimized with the Yoast SEO plugin v26.1.1 - https:\/\/yoast.com\/wordpress\/plugins\/seo\/ -->\n<title>SUPPORT MUR D&#039;IMAGE - Stand - ErgoVisual<\/title>\n<meta name=\"description\" content=\"Mobilier con\u00e7u pour les centres d&#039;appels indispensable pour assurer le bon fonctionnement et la performance de la salle\" \/>\n<meta name=\"robots\" content=\"index, nofollow, max-snippet:-1, max-image-preview:large, max-video-preview:-1\" \/>\n<link rel=\"canonical\" href=\"https:\/\/www.ergovisual.com\/fr\/support-mur-dimage-2\/\" \/>\n<meta property=\"og:locale\" content=\"fr_FR\" \/>\n<meta property=\"og:type\" content=\"article\" \/>\n<meta property=\"og:title\" content=\"SUPPORT MUR D&#039;IMAGE - Stand - ErgoVisual\" \/>\n<meta property=\"og:description\" content=\"Mobilier con\u00e7u pour les centres d&#039;appels indispensable pour assurer le bon fonctionnement et la performance de la salle\" \/>\n<meta property=\"og:url\" content=\"https:\/\/www.ergovisual.com\/fr\/support-mur-dimage-2\/\" \/>\n<meta property=\"og:site_name\" content=\"ErgoVisual\" \/>\n<meta property=\"article:modified_time\" content=\"2025-06-25T09:06:28+00:00\" \/>\n<meta name=\"twitter:card\" content=\"summary_large_image\" \/>\n<meta name=\"twitter:label1\" content=\"Dur\u00e9e de lecture estim\u00e9e\" \/>\n\t<meta name=\"twitter:data1\" content=\"2 minutes\" \/>\n<script type=\"application\/ld+json\" class=\"yoast-schema-graph\">{\"@context\":\"https:\/\/schema.org\",\"@graph\":[{\"@type\":\"WebPage\",\"@id\":\"https:\/\/www.ergovisual.com\/fr\/support-mur-dimage-2\/\",\"url\":\"https:\/\/www.ergovisual.com\/fr\/support-mur-dimage-2\/\",\"name\":\"SUPPORT MUR D'IMAGE - Stand - ErgoVisual\",\"isPartOf\":{\"@id\":\"https:\/\/www.ergovisual.com\/fr\/#website\"},\"datePublished\":\"2025-06-20T11:17:09+00:00\",\"dateModified\":\"2025-06-25T09:06:28+00:00\",\"description\":\"Mobilier con\u00e7u pour les centres d'appels indispensable pour assurer le bon fonctionnement et la performance de la salle\",\"breadcrumb\":{\"@id\":\"https:\/\/www.ergovisual.com\/fr\/support-mur-dimage-2\/#breadcrumb\"},\"inLanguage\":\"fr-FR\",\"potentialAction\":[{\"@type\":\"ReadAction\",\"target\":[\"https:\/\/www.ergovisual.com\/fr\/support-mur-dimage-2\/\"]}]},{\"@type\":\"BreadcrumbList\",\"@id\":\"https:\/\/www.ergovisual.com\/fr\/support-mur-dimage-2\/#breadcrumb\",\"itemListElement\":[{\"@type\":\"ListItem\",\"position\":1,\"name\":\"Portada\",\"item\":\"https:\/\/www.ergovisual.com\/fr\/service-de-salle-de-controle-360o\/\"},{\"@type\":\"ListItem\",\"position\":2,\"name\":\"SUPPORT MUR D&#8217;IMAGE &#8211; Stand\"}]},{\"@type\":\"WebSite\",\"@id\":\"https:\/\/www.ergovisual.com\/fr\/#website\",\"url\":\"https:\/\/www.ergovisual.com\/fr\/\",\"name\":\"ErgoVisual\",\"description\":\"Control Room Solutions\",\"publisher\":{\"@id\":\"https:\/\/www.ergovisual.com\/fr\/#organization\"},\"potentialAction\":[{\"@type\":\"SearchAction\",\"target\":{\"@type\":\"EntryPoint\",\"urlTemplate\":\"https:\/\/www.ergovisual.com\/fr\/?s={search_term_string}\"},\"query-input\":{\"@type\":\"PropertyValueSpecification\",\"valueRequired\":true,\"valueName\":\"search_term_string\"}}],\"inLanguage\":\"fr-FR\"},{\"@type\":\"Organization\",\"@id\":\"https:\/\/www.ergovisual.com\/fr\/#organization\",\"name\":\"INTAM ERGOVISUAL SLU\",\"url\":\"https:\/\/www.ergovisual.com\/fr\/\",\"logo\":{\"@type\":\"ImageObject\",\"inLanguage\":\"fr-FR\",\"@id\":\"https:\/\/www.ergovisual.com\/fr\/#\/schema\/logo\/image\/\",\"url\":\"https:\/\/www.ergovisual.com\/wp-content\/uploads\/2022\/03\/logo-ergovisual.svg\",\"contentUrl\":\"https:\/\/www.ergovisual.com\/wp-content\/uploads\/2022\/03\/logo-ergovisual.svg\",\"caption\":\"INTAM ERGOVISUAL SLU\"},\"image\":{\"@id\":\"https:\/\/www.ergovisual.com\/fr\/#\/schema\/logo\/image\/\"},\"sameAs\":[\"https:\/\/www.linkedin.com\/company\/ergovisual\"]}]}<\/script>\n<!-- \/ Yoast SEO plugin. -->","yoast_head_json":{"title":"SUPPORT MUR D'IMAGE - Stand - ErgoVisual","description":"Mobilier con\u00e7u pour les centres d'appels indispensable pour assurer le bon fonctionnement et la performance de la salle","robots":{"index":"index","follow":"nofollow","max-snippet":"max-snippet:-1","max-image-preview":"max-image-preview:large","max-video-preview":"max-video-preview:-1"},"canonical":"https:\/\/www.ergovisual.com\/fr\/support-mur-dimage-2\/","og_locale":"fr_FR","og_type":"article","og_title":"SUPPORT MUR D'IMAGE - Stand - ErgoVisual","og_description":"Mobilier con\u00e7u pour les centres d'appels indispensable pour assurer le bon fonctionnement et la performance de la salle","og_url":"https:\/\/www.ergovisual.com\/fr\/support-mur-dimage-2\/","og_site_name":"ErgoVisual","article_modified_time":"2025-06-25T09:06:28+00:00","twitter_card":"summary_large_image","twitter_misc":{"Dur\u00e9e de lecture estim\u00e9e":"2 minutes"},"schema":{"@context":"https:\/\/schema.org","@graph":[{"@type":"WebPage","@id":"https:\/\/www.ergovisual.com\/fr\/support-mur-dimage-2\/","url":"https:\/\/www.ergovisual.com\/fr\/support-mur-dimage-2\/","name":"SUPPORT MUR D'IMAGE - Stand - ErgoVisual","isPartOf":{"@id":"https:\/\/www.ergovisual.com\/fr\/#website"},"datePublished":"2025-06-20T11:17:09+00:00","dateModified":"2025-06-25T09:06:28+00:00","description":"Mobilier con\u00e7u pour les centres d'appels indispensable pour assurer le bon fonctionnement et la performance de la salle","breadcrumb":{"@id":"https:\/\/www.ergovisual.com\/fr\/support-mur-dimage-2\/#breadcrumb"},"inLanguage":"fr-FR","potentialAction":[{"@type":"ReadAction","target":["https:\/\/www.ergovisual.com\/fr\/support-mur-dimage-2\/"]}]},{"@type":"BreadcrumbList","@id":"https:\/\/www.ergovisual.com\/fr\/support-mur-dimage-2\/#breadcrumb","itemListElement":[{"@type":"ListItem","position":1,"name":"Portada","item":"https:\/\/www.ergovisual.com\/fr\/service-de-salle-de-controle-360o\/"},{"@type":"ListItem","position":2,"name":"SUPPORT MUR D&#8217;IMAGE &#8211; Stand"}]},{"@type":"WebSite","@id":"https:\/\/www.ergovisual.com\/fr\/#website","url":"https:\/\/www.ergovisual.com\/fr\/","name":"ErgoVisual","description":"Control Room Solutions","publisher":{"@id":"https:\/\/www.ergovisual.com\/fr\/#organization"},"potentialAction":[{"@type":"SearchAction","target":{"@type":"EntryPoint","urlTemplate":"https:\/\/www.ergovisual.com\/fr\/?s={search_term_string}"},"query-input":{"@type":"PropertyValueSpecification","valueRequired":true,"valueName":"search_term_string"}}],"inLanguage":"fr-FR"},{"@type":"Organization","@id":"https:\/\/www.ergovisual.com\/fr\/#organization","name":"INTAM ERGOVISUAL SLU","url":"https:\/\/www.ergovisual.com\/fr\/","logo":{"@type":"ImageObject","inLanguage":"fr-FR","@id":"https:\/\/www.ergovisual.com\/fr\/#\/schema\/logo\/image\/","url":"https:\/\/www.ergovisual.com\/wp-content\/uploads\/2022\/03\/logo-ergovisual.svg","contentUrl":"https:\/\/www.ergovisual.com\/wp-content\/uploads\/2022\/03\/logo-ergovisual.svg","caption":"INTAM ERGOVISUAL SLU"},"image":{"@id":"https:\/\/www.ergovisual.com\/fr\/#\/schema\/logo\/image\/"},"sameAs":["https:\/\/www.linkedin.com\/company\/ergovisual"]}]}},"_links":{"self":[{"href":"https:\/\/www.ergovisual.com\/fr\/wp-json\/wp\/v2\/pages\/10332","targetHints":{"allow":["GET"]}}],"collection":[{"href":"https:\/\/www.ergovisual.com\/fr\/wp-json\/wp\/v2\/pages"}],"about":[{"href":"https:\/\/www.ergovisual.com\/fr\/wp-json\/wp\/v2\/types\/page"}],"author":[{"embeddable":true,"href":"https:\/\/www.ergovisual.com\/fr\/wp-json\/wp\/v2\/users\/7"}],"replies":[{"embeddable":true,"href":"https:\/\/www.ergovisual.com\/fr\/wp-json\/wp\/v2\/comments?post=10332"}],"version-history":[{"count":3,"href":"https:\/\/www.ergovisual.com\/fr\/wp-json\/wp\/v2\/pages\/10332\/revisions"}],"predecessor-version":[{"id":10383,"href":"https:\/\/www.ergovisual.com\/fr\/wp-json\/wp\/v2\/pages\/10332\/revisions\/10383"}],"wp:attachment":[{"href":"https:\/\/www.ergovisual.com\/fr\/wp-json\/wp\/v2\/media?parent=10332"}],"curies":[{"name":"wp","href":"https:\/\/api.w.org\/{rel}","templated":true}]}}