{"id":2086,"date":"2020-03-13T16:36:54","date_gmt":"2020-03-13T15:36:54","guid":{"rendered":"https:\/\/www.ergovisual.com\/services\/"},"modified":"2020-03-13T16:36:56","modified_gmt":"2020-03-13T15:36:56","slug":"services","status":"publish","type":"page","link":"https:\/\/www.ergovisual.com\/fr\/services\/","title":{"rendered":"Services"},"content":{"rendered":"\t\t<div data-elementor-type=\"wp-page\" data-elementor-id=\"2086\" class=\"elementor elementor-2086 elementor-464\" data-elementor-settings=\"{&quot;ha_cmc_init_switcher&quot;:&quot;no&quot;}\" data-elementor-post-type=\"page\">\n\t\t\t\t\t\t<section class=\"elementor-section elementor-top-section elementor-element elementor-element-a737917 elementor-section-full_width elementor-section-height-min-height elementor-section-content-middle elementor-reverse-mobile elementor-section-height-default elementor-section-items-middle\" data-id=\"a737917\" data-element_type=\"section\" data-settings=\"{&quot;background_background&quot;:&quot;classic&quot;,&quot;shape_divider_bottom&quot;:&quot;triangle&quot;,&quot;shape_divider_bottom_negative&quot;:&quot;yes&quot;}\">\n\t\t\t\t\t\t\t<div class=\"elementor-background-overlay\"><\/div>\n\t\t\t\t\t\t<div class=\"elementor-shape elementor-shape-bottom\" aria-hidden=\"true\" data-negative=\"true\">\n\t\t\t<svg xmlns=\"http:\/\/www.w3.org\/2000\/svg\" viewBox=\"0 0 1000 100\" preserveAspectRatio=\"none\">\n\t<path class=\"elementor-shape-fill\" d=\"M500.2,94.7L0,0v100h1000V0L500.2,94.7z\"\/>\n<\/svg>\t\t<\/div>\n\t\t\t\t\t<div class=\"elementor-container elementor-column-gap-no\">\n\t\t\t\t\t<div class=\"elementor-column elementor-col-100 elementor-top-column elementor-element elementor-element-db7e433\" data-id=\"db7e433\" data-element_type=\"column\">\n\t\t\t<div class=\"elementor-widget-wrap elementor-element-populated\">\n\t\t\t\t\t\t<div class=\"elementor-element elementor-element-1771ffe elementor-widget elementor-widget-heading\" data-id=\"1771ffe\" data-element_type=\"widget\" data-widget_type=\"heading.default\">\n\t\t\t\t<div class=\"elementor-widget-container\">\n\t\t\t\t\t<h1 class=\"elementor-heading-title elementor-size-default\">CONCEPTION CENTR\u00c9E SUR L\u2019HOMME<\/h1>\t\t\t\t<\/div>\n\t\t\t\t<\/div>\n\t\t\t\t<div class=\"elementor-element elementor-element-18ced8a elementor-widget elementor-widget-text-editor\" data-id=\"18ced8a\" data-element_type=\"widget\" data-widget_type=\"text-editor.default\">\n\t\t\t\t<div class=\"elementor-widget-container\">\n\t\t\t\t\t\t\t\t\t<p>C\u2019est l\u2019accent principal sur n\u2019importe quelle salle de contr\u00f4le moderne<\/p>\n\t\t\t\t\t\t\t\t<\/div>\n\t\t\t\t<\/div>\n\t\t\t\t<div class=\"elementor-element elementor-element-6503681 elementor-view-default elementor-invisible elementor-widget elementor-widget-icon\" data-id=\"6503681\" data-element_type=\"widget\" data-settings=\"{&quot;_animation&quot;:&quot;fadeInUp&quot;}\" data-widget_type=\"icon.default\">\n\t\t\t\t<div class=\"elementor-widget-container\">\n\t\t\t\t\t\t\t<div class=\"elementor-icon-wrapper\">\n\t\t\t<a class=\"elementor-icon elementor-animation-hang\" href=\"#txt_human\">\n\t\t\t<i aria-hidden=\"true\" class=\"fas fa-angle-double-down\"><\/i>\t\t\t<\/a>\n\t\t<\/div>\n\t\t\t\t\t\t<\/div>\n\t\t\t\t<\/div>\n\t\t\t\t\t<\/div>\n\t\t<\/div>\n\t\t\t\t\t<\/div>\n\t\t<\/section>\n\t\t\t\t<section class=\"elementor-section elementor-top-section elementor-element elementor-element-19c0548 elementor-section-boxed elementor-section-height-default elementor-section-height-default\" data-id=\"19c0548\" data-element_type=\"section\" id=\"txt_human\">\n\t\t\t\t\t\t<div class=\"elementor-container elementor-column-gap-default\">\n\t\t\t\t\t<div class=\"elementor-column elementor-col-100 elementor-top-column elementor-element elementor-element-430a54d\" data-id=\"430a54d\" data-element_type=\"column\">\n\t\t\t<div class=\"elementor-widget-wrap elementor-element-populated\">\n\t\t\t\t\t\t<div class=\"elementor-element elementor-element-f4a6a33 elementor-widget elementor-widget-text-editor\" data-id=\"f4a6a33\" data-element_type=\"widget\" data-widget_type=\"text-editor.default\">\n\t\t\t\t<div class=\"elementor-widget-container\">\n\t\t\t\t\t\t\t\t\t<p>\u00c9tude sp\u00e9cifique des t\u00e2ches, m\u00e9thodologie, interaction avec la technologie, coop\u00e9ration avec l\u2019\u00e9quipe, \u00e9clairage, acoustique, am\u00e9nagement de la salle, etc.<\/p>\n\t\t\t\t\t\t\t\t<\/div>\n\t\t\t\t<\/div>\n\t\t\t\t\t<\/div>\n\t\t<\/div>\n\t\t\t\t\t<\/div>\n\t\t<\/section>\n\t\t\t\t<section class=\"elementor-section elementor-top-section elementor-element elementor-element-5577cf5 elementor-section-boxed elementor-section-height-default elementor-section-height-default\" data-id=\"5577cf5\" data-element_type=\"section\">\n\t\t\t\t\t\t<div class=\"elementor-container elementor-column-gap-default\">\n\t\t\t\t\t<div class=\"elementor-column elementor-col-33 elementor-top-column elementor-element elementor-element-7a2fd94\" data-id=\"7a2fd94\" data-element_type=\"column\">\n\t\t\t<div class=\"elementor-widget-wrap elementor-element-populated\">\n\t\t\t\t\t\t<div class=\"elementor-element elementor-element-c5e0564 elementor-widget elementor-widget-text-editor\" data-id=\"c5e0564\" data-element_type=\"widget\" data-widget_type=\"text-editor.default\">\n\t\t\t\t<div class=\"elementor-widget-container\">\n\t\t\t\t\t\t\t\t\t<p>Ce ne sont l\u00e0 que quelques-uns des facteurs les plus pertinents pris en compte dans ce service effectu\u00e9 par nos Partenaires, qui sont Ergonomist sp\u00e9cialis\u00e9s dans<br \/>\nConception de la salle de contr\u00f4le.<\/p>\n\t\t\t\t\t\t\t\t<\/div>\n\t\t\t\t<\/div>\n\t\t\t\t\t<\/div>\n\t\t<\/div>\n\t\t\t\t<div class=\"elementor-column elementor-col-33 elementor-top-column elementor-element elementor-element-a913751\" data-id=\"a913751\" data-element_type=\"column\">\n\t\t\t<div class=\"elementor-widget-wrap\">\n\t\t\t\t\t\t\t<\/div>\n\t\t<\/div>\n\t\t\t\t<div class=\"elementor-column elementor-col-33 elementor-top-column elementor-element elementor-element-56e186f\" data-id=\"56e186f\" data-element_type=\"column\">\n\t\t\t<div class=\"elementor-widget-wrap\">\n\t\t\t\t\t\t\t<\/div>\n\t\t<\/div>\n\t\t\t\t\t<\/div>\n\t\t<\/section>\n\t\t\t\t<section class=\"elementor-section elementor-top-section elementor-element elementor-element-b26d554 elementor-section-boxed elementor-section-height-default elementor-section-height-default\" data-id=\"b26d554\" data-element_type=\"section\">\n\t\t\t\t\t\t<div class=\"elementor-container elementor-column-gap-default\">\n\t\t\t\t\t<div class=\"elementor-column elementor-col-100 elementor-top-column elementor-element elementor-element-4d5fc2d\" data-id=\"4d5fc2d\" data-element_type=\"column\">\n\t\t\t<div class=\"elementor-widget-wrap elementor-element-populated\">\n\t\t\t\t\t\t<div class=\"elementor-element elementor-element-e76a4a3 elementor-widget elementor-widget-spacer\" data-id=\"e76a4a3\" data-element_type=\"widget\" data-widget_type=\"spacer.default\">\n\t\t\t\t<div class=\"elementor-widget-container\">\n\t\t\t\t\t\t\t<div class=\"elementor-spacer\">\n\t\t\t<div class=\"elementor-spacer-inner\"><\/div>\n\t\t<\/div>\n\t\t\t\t\t\t<\/div>\n\t\t\t\t<\/div>\n\t\t\t\t\t<\/div>\n\t\t<\/div>\n\t\t\t\t\t<\/div>\n\t\t<\/section>\n\t\t\t\t<\/div>\n\t\t","protected":false},"excerpt":{"rendered":"<p>CONCEPTION CENTR\u00c9E SUR L\u2019HOMME C\u2019est l\u2019accent principal sur n\u2019importe quelle salle de contr\u00f4le moderne \u00c9tude sp\u00e9cifique des t\u00e2ches, m\u00e9thodologie, interaction avec la technologie, coop\u00e9ration avec l\u2019\u00e9quipe, \u00e9clairage, acoustique, am\u00e9nagement de la salle, etc. Ce ne sont l\u00e0 que quelques-uns des facteurs les plus pertinents pris en compte dans ce service effectu\u00e9 par nos Partenaires, qui [&hellip;]<\/p>\n","protected":false},"author":3,"featured_media":0,"parent":0,"menu_order":0,"comment_status":"closed","ping_status":"closed","template":"elementor_header_footer","meta":{"footnotes":""},"class_list":["post-2086","page","type-page","status-publish","hentry"],"yoast_head":"<!-- This site is optimized with the Yoast SEO plugin v26.1.1 - https:\/\/yoast.com\/wordpress\/plugins\/seo\/ -->\n<title>Services - ErgoVisual<\/title>\n<meta name=\"robots\" content=\"index, follow, max-snippet:-1, max-image-preview:large, max-video-preview:-1\" \/>\n<link rel=\"canonical\" href=\"https:\/\/www.ergovisual.com\/fr\/services\/\" \/>\n<meta property=\"og:locale\" content=\"fr_FR\" \/>\n<meta property=\"og:type\" content=\"article\" \/>\n<meta property=\"og:title\" content=\"Services - ErgoVisual\" \/>\n<meta property=\"og:description\" content=\"CONCEPTION CENTR\u00c9E SUR L\u2019HOMME C\u2019est l\u2019accent principal sur n\u2019importe quelle salle de contr\u00f4le moderne \u00c9tude sp\u00e9cifique des t\u00e2ches, m\u00e9thodologie, interaction avec la technologie, coop\u00e9ration avec l\u2019\u00e9quipe, \u00e9clairage, acoustique, am\u00e9nagement de la salle, etc. Ce ne sont l\u00e0 que quelques-uns des facteurs les plus pertinents pris en compte dans ce service effectu\u00e9 par nos Partenaires, qui [&hellip;]\" \/>\n<meta property=\"og:url\" content=\"https:\/\/www.ergovisual.com\/fr\/services\/\" \/>\n<meta property=\"og:site_name\" content=\"ErgoVisual\" \/>\n<meta property=\"article:modified_time\" content=\"2020-03-13T15:36:56+00:00\" \/>\n<meta name=\"twitter:card\" content=\"summary_large_image\" \/>\n<meta name=\"twitter:label1\" content=\"Dur\u00e9e de lecture estim\u00e9e\" \/>\n\t<meta name=\"twitter:data1\" content=\"1 minute\" \/>\n<script type=\"application\/ld+json\" class=\"yoast-schema-graph\">{\"@context\":\"https:\/\/schema.org\",\"@graph\":[{\"@type\":\"WebPage\",\"@id\":\"https:\/\/www.ergovisual.com\/fr\/services\/\",\"url\":\"https:\/\/www.ergovisual.com\/fr\/services\/\",\"name\":\"Services - ErgoVisual\",\"isPartOf\":{\"@id\":\"https:\/\/www.ergovisual.com\/fr\/#website\"},\"datePublished\":\"2020-03-13T15:36:54+00:00\",\"dateModified\":\"2020-03-13T15:36:56+00:00\",\"breadcrumb\":{\"@id\":\"https:\/\/www.ergovisual.com\/fr\/services\/#breadcrumb\"},\"inLanguage\":\"fr-FR\",\"potentialAction\":[{\"@type\":\"ReadAction\",\"target\":[\"https:\/\/www.ergovisual.com\/fr\/services\/\"]}]},{\"@type\":\"BreadcrumbList\",\"@id\":\"https:\/\/www.ergovisual.com\/fr\/services\/#breadcrumb\",\"itemListElement\":[{\"@type\":\"ListItem\",\"position\":1,\"name\":\"Portada\",\"item\":\"https:\/\/www.ergovisual.com\/fr\/service-de-salle-de-controle-360o\/\"},{\"@type\":\"ListItem\",\"position\":2,\"name\":\"Services\"}]},{\"@type\":\"WebSite\",\"@id\":\"https:\/\/www.ergovisual.com\/fr\/#website\",\"url\":\"https:\/\/www.ergovisual.com\/fr\/\",\"name\":\"ErgoVisual\",\"description\":\"Control Room Solutions\",\"publisher\":{\"@id\":\"https:\/\/www.ergovisual.com\/fr\/#organization\"},\"potentialAction\":[{\"@type\":\"SearchAction\",\"target\":{\"@type\":\"EntryPoint\",\"urlTemplate\":\"https:\/\/www.ergovisual.com\/fr\/?s={search_term_string}\"},\"query-input\":{\"@type\":\"PropertyValueSpecification\",\"valueRequired\":true,\"valueName\":\"search_term_string\"}}],\"inLanguage\":\"fr-FR\"},{\"@type\":\"Organization\",\"@id\":\"https:\/\/www.ergovisual.com\/fr\/#organization\",\"name\":\"INTAM ERGOVISUAL SLU\",\"url\":\"https:\/\/www.ergovisual.com\/fr\/\",\"logo\":{\"@type\":\"ImageObject\",\"inLanguage\":\"fr-FR\",\"@id\":\"https:\/\/www.ergovisual.com\/fr\/#\/schema\/logo\/image\/\",\"url\":\"https:\/\/www.ergovisual.com\/wp-content\/uploads\/2022\/03\/logo-ergovisual.svg\",\"contentUrl\":\"https:\/\/www.ergovisual.com\/wp-content\/uploads\/2022\/03\/logo-ergovisual.svg\",\"caption\":\"INTAM ERGOVISUAL SLU\"},\"image\":{\"@id\":\"https:\/\/www.ergovisual.com\/fr\/#\/schema\/logo\/image\/\"},\"sameAs\":[\"https:\/\/www.linkedin.com\/company\/ergovisual\"]}]}<\/script>\n<!-- \/ Yoast SEO plugin. -->","yoast_head_json":{"title":"Services - ErgoVisual","robots":{"index":"index","follow":"follow","max-snippet":"max-snippet:-1","max-image-preview":"max-image-preview:large","max-video-preview":"max-video-preview:-1"},"canonical":"https:\/\/www.ergovisual.com\/fr\/services\/","og_locale":"fr_FR","og_type":"article","og_title":"Services - ErgoVisual","og_description":"CONCEPTION CENTR\u00c9E SUR L\u2019HOMME C\u2019est l\u2019accent principal sur n\u2019importe quelle salle de contr\u00f4le moderne \u00c9tude sp\u00e9cifique des t\u00e2ches, m\u00e9thodologie, interaction avec la technologie, coop\u00e9ration avec l\u2019\u00e9quipe, \u00e9clairage, acoustique, am\u00e9nagement de la salle, etc. Ce ne sont l\u00e0 que quelques-uns des facteurs les plus pertinents pris en compte dans ce service effectu\u00e9 par nos Partenaires, qui [&hellip;]","og_url":"https:\/\/www.ergovisual.com\/fr\/services\/","og_site_name":"ErgoVisual","article_modified_time":"2020-03-13T15:36:56+00:00","twitter_card":"summary_large_image","twitter_misc":{"Dur\u00e9e de lecture estim\u00e9e":"1 minute"},"schema":{"@context":"https:\/\/schema.org","@graph":[{"@type":"WebPage","@id":"https:\/\/www.ergovisual.com\/fr\/services\/","url":"https:\/\/www.ergovisual.com\/fr\/services\/","name":"Services - ErgoVisual","isPartOf":{"@id":"https:\/\/www.ergovisual.com\/fr\/#website"},"datePublished":"2020-03-13T15:36:54+00:00","dateModified":"2020-03-13T15:36:56+00:00","breadcrumb":{"@id":"https:\/\/www.ergovisual.com\/fr\/services\/#breadcrumb"},"inLanguage":"fr-FR","potentialAction":[{"@type":"ReadAction","target":["https:\/\/www.ergovisual.com\/fr\/services\/"]}]},{"@type":"BreadcrumbList","@id":"https:\/\/www.ergovisual.com\/fr\/services\/#breadcrumb","itemListElement":[{"@type":"ListItem","position":1,"name":"Portada","item":"https:\/\/www.ergovisual.com\/fr\/service-de-salle-de-controle-360o\/"},{"@type":"ListItem","position":2,"name":"Services"}]},{"@type":"WebSite","@id":"https:\/\/www.ergovisual.com\/fr\/#website","url":"https:\/\/www.ergovisual.com\/fr\/","name":"ErgoVisual","description":"Control Room Solutions","publisher":{"@id":"https:\/\/www.ergovisual.com\/fr\/#organization"},"potentialAction":[{"@type":"SearchAction","target":{"@type":"EntryPoint","urlTemplate":"https:\/\/www.ergovisual.com\/fr\/?s={search_term_string}"},"query-input":{"@type":"PropertyValueSpecification","valueRequired":true,"valueName":"search_term_string"}}],"inLanguage":"fr-FR"},{"@type":"Organization","@id":"https:\/\/www.ergovisual.com\/fr\/#organization","name":"INTAM ERGOVISUAL SLU","url":"https:\/\/www.ergovisual.com\/fr\/","logo":{"@type":"ImageObject","inLanguage":"fr-FR","@id":"https:\/\/www.ergovisual.com\/fr\/#\/schema\/logo\/image\/","url":"https:\/\/www.ergovisual.com\/wp-content\/uploads\/2022\/03\/logo-ergovisual.svg","contentUrl":"https:\/\/www.ergovisual.com\/wp-content\/uploads\/2022\/03\/logo-ergovisual.svg","caption":"INTAM ERGOVISUAL SLU"},"image":{"@id":"https:\/\/www.ergovisual.com\/fr\/#\/schema\/logo\/image\/"},"sameAs":["https:\/\/www.linkedin.com\/company\/ergovisual"]}]}},"_links":{"self":[{"href":"https:\/\/www.ergovisual.com\/fr\/wp-json\/wp\/v2\/pages\/2086","targetHints":{"allow":["GET"]}}],"collection":[{"href":"https:\/\/www.ergovisual.com\/fr\/wp-json\/wp\/v2\/pages"}],"about":[{"href":"https:\/\/www.ergovisual.com\/fr\/wp-json\/wp\/v2\/types\/page"}],"author":[{"embeddable":true,"href":"https:\/\/www.ergovisual.com\/fr\/wp-json\/wp\/v2\/users\/3"}],"replies":[{"embeddable":true,"href":"https:\/\/www.ergovisual.com\/fr\/wp-json\/wp\/v2\/comments?post=2086"}],"version-history":[{"count":0,"href":"https:\/\/www.ergovisual.com\/fr\/wp-json\/wp\/v2\/pages\/2086\/revisions"}],"wp:attachment":[{"href":"https:\/\/www.ergovisual.com\/fr\/wp-json\/wp\/v2\/media?parent=2086"}],"curies":[{"name":"wp","href":"https:\/\/api.w.org\/{rel}","templated":true}]}}